{"id":631275,"date":"2025-06-14T20:08:03","date_gmt":"2025-06-14T17:08:03","guid":{"rendered":"https:\/\/nextsnkr.com\/product\/bottega-veneta-low-black\/"},"modified":"2026-02-02T13:27:05","modified_gmt":"2026-02-02T10:27:05","slug":"bottega-veneta-low-black","status":"publish","type":"product","link":"https:\/\/nextsnkr.com\/lv\/product\/bottega-veneta-low-black\/","title":{"rendered":"Bottega Veneta Low Black z\u0101baki &#8211; \u0101das sievie\u0161u z\u0101baki ar Vilnas oderi"},"content":{"rendered":"<h2>Bottega Veneta Low Black z\u0101baki &#8211; \u0101das sievie\u0161u z\u0101baki ar Vilnas oderi<\/h2>\n<p>&nbsp;<\/p>\n<p>Bottega Veneta Low Black z\u0101baki ir stil\u012bgs un \u0113rts \u012astas \u0101das modelis ar siltu vilnas oderi aukstajam gadalaikam. Iztur\u012bg\u0101 zole nodro\u0161ina stabilit\u0101ti un \u0113rt\u012bbas katr\u0101 sol\u012b, un meln\u0101 kr\u0101sa padara tos daudzpus\u012bgus jebkuram izskatam. Izgatavoti \u0136\u012bn\u0101 no augstas kvalit\u0101tes materi\u0101liem, \u0161ie z\u0101baki garant\u0113 iztur\u012bbu un praktiskumu. Bottega Veneta Low Black ir ide\u0101la izv\u0113le tiem, kas nov\u0113rt\u0113 komfortu, siltumu un elegantu stilu.<\/p>\n","protected":false},"excerpt":{"rendered":"<p>Bottega Veneta Low Black z\u0101baki ir stil\u012bgs un \u0113rts \u012astas \u0101das modelis ar siltu vilnas oderi aukstajam gadalaikam. Iztur\u012bg\u0101 zole nodro\u0161ina stabilit\u0101ti un \u0113rt\u012bbas katr\u0101 sol\u012b, un meln\u0101 kr\u0101sa padara tos daudzpus\u012bgus jebkuram izskatam. Izgatavoti \u0136\u012bn\u0101 no augstas kvalit\u0101tes materi\u0101liem, \u0161ie z\u0101baki garant\u0113 iztur\u012bbu un praktiskumu. Bottega Veneta Low Black ir ide\u0101la izv\u0113le tiem, kas nov\u0113rt\u0113 komfortu, siltumu un elegantu stilu.<\/p>\n","protected":false},"featured_media":631276,"comment_status":"open","ping_status":"open","template":"","meta":[],"product_brand":[],"product_cat":[3251,3335],"product_tag":[],"class_list":{"0":"post-631275","1":"product","2":"type-product","3":"status-publish","4":"has-post-thumbnail","6":"product_cat-all-product","7":"product_cat-cherevyky","8":"pa_rozmir-910","9":"pa_rozmir-912","10":"pa_rozmir-914","11":"pa_rozmir-915","12":"pa_rozmir-916","13":"pa_rozmir-917","14":"pa_rozmir-918","15":"pa_rozmir-919","16":"pa_rozmir-920","17":"pa_rozmir-921","18":"pa_rozmir-922","20":"first","21":"onbackorder","22":"purchasable","23":"product-type-variable"},"_links":{"self":[{"href":"https:\/\/nextsnkr.com\/lv\/wp-json\/wp\/v2\/product\/631275","targetHints":{"allow":["GET"]}}],"collection":[{"href":"https:\/\/nextsnkr.com\/lv\/wp-json\/wp\/v2\/product"}],"about":[{"href":"https:\/\/nextsnkr.com\/lv\/wp-json\/wp\/v2\/types\/product"}],"replies":[{"embeddable":true,"href":"https:\/\/nextsnkr.com\/lv\/wp-json\/wp\/v2\/comments?post=631275"}],"version-history":[{"count":0,"href":"https:\/\/nextsnkr.com\/lv\/wp-json\/wp\/v2\/product\/631275\/revisions"}],"wp:featuredmedia":[{"embeddable":true,"href":"https:\/\/nextsnkr.com\/lv\/wp-json\/wp\/v2\/media\/631276"}],"wp:attachment":[{"href":"https:\/\/nextsnkr.com\/lv\/wp-json\/wp\/v2\/media?parent=631275"}],"wp:term":[{"taxonomy":"product_brand","embeddable":true,"href":"https:\/\/nextsnkr.com\/lv\/wp-json\/wp\/v2\/product_brand?post=631275"},{"taxonomy":"product_cat","embeddable":true,"href":"https:\/\/nextsnkr.com\/lv\/wp-json\/wp\/v2\/product_cat?post=631275"},{"taxonomy":"product_tag","embeddable":true,"href":"https:\/\/nextsnkr.com\/lv\/wp-json\/wp\/v2\/product_tag?post=631275"}],"curies":[{"name":"wp","href":"https:\/\/api.w.org\/{rel}","templated":true}]}}