{"id":630935,"date":"2025-06-14T20:08:49","date_gmt":"2025-06-14T17:08:49","guid":{"rendered":"https:\/\/nextsnkr.com\/product\/bottega-venata-black-beige-fur\/"},"modified":"2026-02-02T13:26:56","modified_gmt":"2026-02-02T10:26:56","slug":"bottega-venata-black-beige-fur","status":"publish","type":"product","link":"https:\/\/nextsnkr.com\/lv\/product\/bottega-venata-black-beige-fur\/","title":{"rendered":"Bottega Veneta black Beige Fur z\u0101baki &#8211; \u0101das ar ka\u017eok\u0101das oderi"},"content":{"rendered":"<h2>Bottega Veneta black Beige Fur z\u0101baki &#8211; \u0101das ar ka\u017eok\u0101das oderi<\/h2>\n<p>&nbsp;<\/p>\n<p>Bottega Veneta black Beige Fur z\u0101baki ir izgatavoti no augstas kvalit\u0101tes \u0101das, un tiem ir m\u012bksta ka\u017eok\u0101das odere, kas nodro\u0161ina siltumu un komfortu aukstaj\u0101 sezon\u0101. Stil\u012bga meln\u0101 un smil\u0161kr\u0101sas kombin\u0101cija pie\u0161\u0137ir eleganci un padara modeli daudzpus\u012bgu jebkuram izskatam. Iztur\u012bga zole garant\u0113 stabilit\u0101ti un iztur\u012bbu. Izv\u0113lieties Bottega Veneta black Beige Fur z\u0101bakus, lai apvienotu komfortu, modernu dizainu un augstu kvalit\u0101ti.<\/p>\n","protected":false},"excerpt":{"rendered":"<p>Bottega Veneta black Beige Fur z\u0101baki ir izgatavoti no augstas kvalit\u0101tes \u0101das, un tiem ir m\u012bksta ka\u017eok\u0101das odere, kas nodro\u0161ina siltumu un komfortu aukstaj\u0101 sezon\u0101. Stil\u012bga meln\u0101 un smil\u0161kr\u0101sas kombin\u0101cija pie\u0161\u0137ir eleganci un padara modeli daudzpus\u012bgu jebkuram izskatam. Iztur\u012bga zole garant\u0113 stabilit\u0101ti un iztur\u012bbu. Izv\u0113lieties Bottega Veneta black Beige Fur z\u0101bakus, lai apvienotu komfortu, modernu dizainu un augstu kvalit\u0101ti.<\/p>\n","protected":false},"featured_media":630936,"comment_status":"open","ping_status":"open","template":"","meta":[],"product_brand":[],"product_cat":[3251,3335],"product_tag":[],"class_list":{"0":"post-630935","1":"product","2":"type-product","3":"status-publish","4":"has-post-thumbnail","6":"product_cat-all-product","7":"product_cat-cherevyky","8":"pa_rozmir-910","9":"pa_rozmir-912","10":"pa_rozmir-914","11":"pa_rozmir-915","12":"pa_rozmir-916","13":"pa_rozmir-917","14":"pa_rozmir-918","15":"pa_rozmir-919","16":"pa_rozmir-920","17":"pa_rozmir-921","18":"pa_rozmir-922","20":"first","21":"onbackorder","22":"purchasable","23":"product-type-variable"},"_links":{"self":[{"href":"https:\/\/nextsnkr.com\/lv\/wp-json\/wp\/v2\/product\/630935","targetHints":{"allow":["GET"]}}],"collection":[{"href":"https:\/\/nextsnkr.com\/lv\/wp-json\/wp\/v2\/product"}],"about":[{"href":"https:\/\/nextsnkr.com\/lv\/wp-json\/wp\/v2\/types\/product"}],"replies":[{"embeddable":true,"href":"https:\/\/nextsnkr.com\/lv\/wp-json\/wp\/v2\/comments?post=630935"}],"version-history":[{"count":0,"href":"https:\/\/nextsnkr.com\/lv\/wp-json\/wp\/v2\/product\/630935\/revisions"}],"wp:featuredmedia":[{"embeddable":true,"href":"https:\/\/nextsnkr.com\/lv\/wp-json\/wp\/v2\/media\/630936"}],"wp:attachment":[{"href":"https:\/\/nextsnkr.com\/lv\/wp-json\/wp\/v2\/media?parent=630935"}],"wp:term":[{"taxonomy":"product_brand","embeddable":true,"href":"https:\/\/nextsnkr.com\/lv\/wp-json\/wp\/v2\/product_brand?post=630935"},{"taxonomy":"product_cat","embeddable":true,"href":"https:\/\/nextsnkr.com\/lv\/wp-json\/wp\/v2\/product_cat?post=630935"},{"taxonomy":"product_tag","embeddable":true,"href":"https:\/\/nextsnkr.com\/lv\/wp-json\/wp\/v2\/product_tag?post=630935"}],"curies":[{"name":"wp","href":"https:\/\/api.w.org\/{rel}","templated":true}]}}