{"id":630023,"date":"2025-06-14T20:14:54","date_gmt":"2025-06-14T17:14:54","guid":{"rendered":"https:\/\/nextsnkr.com\/product\/michael-kors-7\/"},"modified":"2026-02-02T13:26:07","modified_gmt":"2026-02-02T10:26:07","slug":"michael-kors-7","status":"publish","type":"product","link":"https:\/\/nextsnkr.com\/lv\/product\/michael-kors-7\/","title":{"rendered":"Michael Kors soma &#8211; sievie\u0161u eko \u0101das stil\u012bga soma"},"content":{"rendered":"<h2>Michael Kors soma &#8211; sievie\u0161u eko \u0101das stil\u012bga soma<\/h2>\n<p>&nbsp;<\/p>\n<p>Michael Kors ir eleganta sievie\u0161u soma, kas izgatavota no augstas kvalit\u0101tes eko \u0101das, apvienojot stilu, praktiskumu un iztur\u012bbu. Lakoniskais dizains \u013cauj to izmantot katru dienu, viegli apvienojot ar da\u017e\u0101diem att\u0113liem. Modelis nodro\u0161ina pietiekami daudz vietas vis\u0101m nepiecie\u0161amaj\u0101m liet\u0101m, un \u0113rts dizains padara valk\u0101\u0161anu \u0113rtu. Ide\u0101la izv\u0113le tiem, kas nov\u0113rt\u0113 m\u016bsdienu est\u0113tiku, kvalit\u0101ti un funkcionalit\u0101ti katr\u0101 piederum\u0101.<\/p>\n","protected":false},"excerpt":{"rendered":"<p>Michael Kors ir eleganta sievie\u0161u soma, kas izgatavota no augstas kvalit\u0101tes eko \u0101das, apvienojot stilu, praktiskumu un iztur\u012bbu. Lakoniskais dizains \u013cauj to izmantot katru dienu, viegli apvienojot ar da\u017e\u0101diem att\u0113liem. Modelis nodro\u0161ina pietiekami daudz vietas vis\u0101m nepiecie\u0161amaj\u0101m liet\u0101m, un \u0113rts dizains padara valk\u0101\u0161anu \u0113rtu. Ide\u0101la izv\u0113le tiem, kas nov\u0113rt\u0113 m\u016bsdienu est\u0113tiku, kvalit\u0101ti un funkcionalit\u0101ti katr\u0101 piederum\u0101.<\/p>\n","protected":false},"featured_media":630027,"comment_status":"open","ping_status":"open","template":"","meta":[],"product_brand":[],"product_cat":[3251,3484],"product_tag":[],"class_list":{"0":"post-630023","1":"product","2":"type-product","3":"status-publish","4":"has-post-thumbnail","6":"product_cat-all-product","7":"product_cat-sumky","8":"pa_rozmir-24kh16","10":"first","11":"instock","12":"purchasable","13":"product-type-simple"},"_links":{"self":[{"href":"https:\/\/nextsnkr.com\/lv\/wp-json\/wp\/v2\/product\/630023","targetHints":{"allow":["GET"]}}],"collection":[{"href":"https:\/\/nextsnkr.com\/lv\/wp-json\/wp\/v2\/product"}],"about":[{"href":"https:\/\/nextsnkr.com\/lv\/wp-json\/wp\/v2\/types\/product"}],"replies":[{"embeddable":true,"href":"https:\/\/nextsnkr.com\/lv\/wp-json\/wp\/v2\/comments?post=630023"}],"version-history":[{"count":0,"href":"https:\/\/nextsnkr.com\/lv\/wp-json\/wp\/v2\/product\/630023\/revisions"}],"wp:featuredmedia":[{"embeddable":true,"href":"https:\/\/nextsnkr.com\/lv\/wp-json\/wp\/v2\/media\/630027"}],"wp:attachment":[{"href":"https:\/\/nextsnkr.com\/lv\/wp-json\/wp\/v2\/media?parent=630023"}],"wp:term":[{"taxonomy":"product_brand","embeddable":true,"href":"https:\/\/nextsnkr.com\/lv\/wp-json\/wp\/v2\/product_brand?post=630023"},{"taxonomy":"product_cat","embeddable":true,"href":"https:\/\/nextsnkr.com\/lv\/wp-json\/wp\/v2\/product_cat?post=630023"},{"taxonomy":"product_tag","embeddable":true,"href":"https:\/\/nextsnkr.com\/lv\/wp-json\/wp\/v2\/product_tag?post=630023"}],"curies":[{"name":"wp","href":"https:\/\/api.w.org\/{rel}","templated":true}]}}