{"id":629434,"date":"2025-06-14T20:15:47","date_gmt":"2025-06-14T17:15:47","guid":{"rendered":"https:\/\/nextsnkr.com\/product\/michael-kors-9\/"},"modified":"2026-02-02T13:25:26","modified_gmt":"2026-02-02T10:25:26","slug":"michael-kors-9","status":"publish","type":"product","link":"https:\/\/nextsnkr.com\/lv\/product\/michael-kors-9\/","title":{"rendered":"Michael Kors eko \u0101das soma-stil\u012bgs sievie\u0161u aksesu\u0101rs"},"content":{"rendered":"<h2>Michael Kors eko \u0101das soma-stil\u012bgs sievie\u0161u aksesu\u0101rs<\/h2>\n<p>&nbsp;<\/p>\n<p>Michael Kors soma ir izgatavota no augstas kvalit\u0101tes eko \u0101das, kas nodro\u0161ina vieglu kop\u0161anu, iztur\u012bbu un elegantu izskatu. Modelis ir lieliski piem\u0113rots ikdienas lieto\u0161anai, darbam, pastaig\u0101m vai vakara izej\u0101m. Lakoniskais dizains un klasiskais siluets padara to daudzpus\u012bgu un viegli savienojamu ar jebkuru ap\u0123\u0113rba stilu. Ra\u017eo\u0161ana Turcija garant\u0113 kvalit\u0101ti un uzticam\u012bbu. Michael Kors ir ide\u0101la izv\u0113le tiem, kas nov\u0113rt\u0113 komfortu, praktiskumu un augst\u0101k\u0101s kvalit\u0101tes izskatu.<\/p>\n","protected":false},"excerpt":{"rendered":"<p>Michael Kors soma ir izgatavota no augstas kvalit\u0101tes eko \u0101das, kas nodro\u0161ina vieglu kop\u0161anu, iztur\u012bbu un elegantu izskatu. Modelis ir lieliski piem\u0113rots ikdienas lieto\u0161anai, darbam, pastaig\u0101m vai vakara izej\u0101m. Lakoniskais dizains un klasiskais siluets padara to daudzpus\u012bgu un viegli savienojamu ar jebkuru ap\u0123\u0113rba stilu. Ra\u017eo\u0161ana Turcija garant\u0113 kvalit\u0101ti un uzticam\u012bbu. Michael Kors ir ide\u0101la izv\u0113le tiem, kas nov\u0113rt\u0113 komfortu, praktiskumu un augst\u0101k\u0101s kvalit\u0101tes izskatu.<\/p>\n","protected":false},"featured_media":629435,"comment_status":"open","ping_status":"open","template":"","meta":[],"product_brand":[],"product_cat":[3251,3484],"product_tag":[],"class_list":{"0":"post-629434","1":"product","2":"type-product","3":"status-publish","4":"has-post-thumbnail","6":"product_cat-all-product","7":"product_cat-sumky","8":"pa_rozmir-sale-26kh14","10":"first","11":"instock","12":"purchasable","13":"product-type-simple"},"_links":{"self":[{"href":"https:\/\/nextsnkr.com\/lv\/wp-json\/wp\/v2\/product\/629434","targetHints":{"allow":["GET"]}}],"collection":[{"href":"https:\/\/nextsnkr.com\/lv\/wp-json\/wp\/v2\/product"}],"about":[{"href":"https:\/\/nextsnkr.com\/lv\/wp-json\/wp\/v2\/types\/product"}],"replies":[{"embeddable":true,"href":"https:\/\/nextsnkr.com\/lv\/wp-json\/wp\/v2\/comments?post=629434"}],"version-history":[{"count":0,"href":"https:\/\/nextsnkr.com\/lv\/wp-json\/wp\/v2\/product\/629434\/revisions"}],"wp:featuredmedia":[{"embeddable":true,"href":"https:\/\/nextsnkr.com\/lv\/wp-json\/wp\/v2\/media\/629435"}],"wp:attachment":[{"href":"https:\/\/nextsnkr.com\/lv\/wp-json\/wp\/v2\/media?parent=629434"}],"wp:term":[{"taxonomy":"product_brand","embeddable":true,"href":"https:\/\/nextsnkr.com\/lv\/wp-json\/wp\/v2\/product_brand?post=629434"},{"taxonomy":"product_cat","embeddable":true,"href":"https:\/\/nextsnkr.com\/lv\/wp-json\/wp\/v2\/product_cat?post=629434"},{"taxonomy":"product_tag","embeddable":true,"href":"https:\/\/nextsnkr.com\/lv\/wp-json\/wp\/v2\/product_tag?post=629434"}],"curies":[{"name":"wp","href":"https:\/\/api.w.org\/{rel}","templated":true}]}}