{"id":628482,"date":"2025-06-12T16:28:04","date_gmt":"2025-06-12T13:28:04","guid":{"rendered":"https:\/\/nextsnkr.com\/product\/neumel-gray\/"},"modified":"2026-02-02T13:25:04","modified_gmt":"2026-02-02T10:25:04","slug":"neumel-gray","status":"publish","type":"product","link":"https:\/\/nextsnkr.com\/lv\/product\/neumel-gray\/","title":{"rendered":"UGG Neumel Gray z\u0101baki no eko materi\u0101la ikdienas komfortam"},"content":{"rendered":"<h2>UGG Neumel Gray z\u0101baki no eko materi\u0101la ikdienas komfortam<\/h2>\n<p>&nbsp;<\/p>\n<p>UGG Neumel Gray z\u0101baki ir izgatavoti no augstas kvalit\u0101tes eko materi\u0101la Turcij\u0101, apvienojot stilu un komfortu. M\u012bksta iek\u0161\u0113j\u0101 odere nodro\u0161ina siltumu un \u0113rt\u012bbas jebkuros laika apst\u0101k\u013cos. Viegli un daudzpus\u012bgi, tie ir piem\u0113roti ikdienas valk\u0101\u0161anai, pastaig\u0101m un \u0101ra aktivit\u0101t\u0113m. Stil\u012bg\u0101 pel\u0113k\u0101 kr\u0101sa un atpaz\u012bstamais UGG z\u012bmols padara \u0161os z\u0101bakus par lielisku izv\u0113li tiem, kas nov\u0113rt\u0113 praktiskumu un moderno dizainu. Pas\u016btiet t\u016bl\u012bt un pievienojiet komfortu savam dr\u0113bju skapim.<\/p>\n","protected":false},"excerpt":{"rendered":"<p>UGG Neumel Gray z\u0101baki ir izgatavoti no augstas kvalit\u0101tes eko materi\u0101la Turcij\u0101, apvienojot stilu un komfortu. M\u012bksta iek\u0161\u0113j\u0101 odere nodro\u0161ina siltumu un \u0113rt\u012bbas jebkuros laika apst\u0101k\u013cos. Viegli un daudzpus\u012bgi, tie ir piem\u0113roti ikdienas valk\u0101\u0161anai, pastaig\u0101m un \u0101ra aktivit\u0101t\u0113m. Stil\u012bg\u0101 pel\u0113k\u0101 kr\u0101sa un atpaz\u012bstamais UGG z\u012bmols padara \u0161os z\u0101bakus par lielisku izv\u0113li tiem, kas nov\u0113rt\u0113 praktiskumu un moderno dizainu. Pas\u016btiet t\u016bl\u012bt un pievienojiet komfortu savam dr\u0113bju skapim.<\/p>\n","protected":false},"featured_media":628483,"comment_status":"open","ping_status":"open","template":"","meta":[],"product_brand":[],"product_cat":[3411,3251],"product_tag":[],"class_list":{"0":"post-628482","1":"product","2":"type-product","3":"status-publish","4":"has-post-thumbnail","6":"product_cat-ugg","7":"product_cat-all-product","8":"pa_rozmir-910","9":"pa_rozmir-912","10":"pa_rozmir-914","11":"pa_rozmir-915","12":"pa_rozmir-916","13":"pa_rozmir-917","14":"pa_rozmir-918","15":"pa_rozmir-919","16":"pa_rozmir-920","17":"pa_rozmir-921","18":"pa_rozmir-922","20":"first","21":"instock","22":"purchasable","23":"product-type-variable"},"_links":{"self":[{"href":"https:\/\/nextsnkr.com\/lv\/wp-json\/wp\/v2\/product\/628482","targetHints":{"allow":["GET"]}}],"collection":[{"href":"https:\/\/nextsnkr.com\/lv\/wp-json\/wp\/v2\/product"}],"about":[{"href":"https:\/\/nextsnkr.com\/lv\/wp-json\/wp\/v2\/types\/product"}],"replies":[{"embeddable":true,"href":"https:\/\/nextsnkr.com\/lv\/wp-json\/wp\/v2\/comments?post=628482"}],"version-history":[{"count":0,"href":"https:\/\/nextsnkr.com\/lv\/wp-json\/wp\/v2\/product\/628482\/revisions"}],"wp:featuredmedia":[{"embeddable":true,"href":"https:\/\/nextsnkr.com\/lv\/wp-json\/wp\/v2\/media\/628483"}],"wp:attachment":[{"href":"https:\/\/nextsnkr.com\/lv\/wp-json\/wp\/v2\/media?parent=628482"}],"wp:term":[{"taxonomy":"product_brand","embeddable":true,"href":"https:\/\/nextsnkr.com\/lv\/wp-json\/wp\/v2\/product_brand?post=628482"},{"taxonomy":"product_cat","embeddable":true,"href":"https:\/\/nextsnkr.com\/lv\/wp-json\/wp\/v2\/product_cat?post=628482"},{"taxonomy":"product_tag","embeddable":true,"href":"https:\/\/nextsnkr.com\/lv\/wp-json\/wp\/v2\/product_tag?post=628482"}],"curies":[{"name":"wp","href":"https:\/\/api.w.org\/{rel}","templated":true}]}}