{"id":627972,"date":"2025-06-12T16:29:27","date_gmt":"2025-06-12T13:29:27","guid":{"rendered":"https:\/\/nextsnkr.com\/product\/premiata-mick-7068m\/"},"modified":"2026-02-02T13:24:40","modified_gmt":"2026-02-02T10:24:40","slug":"premiata-mick-7068m","status":"publish","type":"product","link":"https:\/\/nextsnkr.com\/lv\/product\/premiata-mick-7068m\/","title":{"rendered":"Premiata Mick 7068m \u0101das un dab\u012bg\u0101s ka\u017eok\u0101das \u010d\u012bbas"},"content":{"rendered":"<h2>Premiata Mick 7068m \u0101das un dab\u012bg\u0101s ka\u017eok\u0101das \u010d\u012bbas<\/h2>\n<p>&nbsp;<\/p>\n<p>Premiata Mick 7068m \u010d\u012bbas ir izgatavotas It\u0101lij\u0101 no \u012bstas \u0101das un ka\u017eok\u0101das, apvienojot stilu, komfortu un iztur\u012bbu. Polster\u0113ta odere nodro\u0161ina siltumu un \u0113rt\u012bbas ikdienas valk\u0101\u0161anai, un modernais dizains papildina izskatu ar modernu akcentu. Premiata \u010d\u012bbas, kas ir ide\u0101li piem\u0113rotas pastaig\u0101m, pils\u0113tas dz\u012bvei un \u0101ra aktivit\u0101t\u0113m, pied\u0101v\u0101 augstas kvalit\u0101tes materi\u0101lus un uzman\u012bbu deta\u013c\u0101m. Pas\u016btiet t\u016bl\u012bt un \u0113rti uzsveriet savu unik\u0101lo stilu.<\/p>\n","protected":false},"excerpt":{"rendered":"<p>Premiata Mick 7068m \u010d\u012bbas ir izgatavotas It\u0101lij\u0101 no \u012bstas \u0101das un ka\u017eok\u0101das, apvienojot stilu, komfortu un iztur\u012bbu. Polster\u0113ta odere nodro\u0161ina siltumu un \u0113rt\u012bbas ikdienas valk\u0101\u0161anai, un modernais dizains papildina izskatu ar modernu akcentu. Premiata \u010d\u012bbas, kas ir ide\u0101li piem\u0113rotas pastaig\u0101m, pils\u0113tas dz\u012bvei un \u0101ra aktivit\u0101t\u0113m, pied\u0101v\u0101 augstas kvalit\u0101tes materi\u0101lus un uzman\u012bbu deta\u013c\u0101m. Pas\u016btiet t\u016bl\u012bt un \u0113rti uzsveriet savu unik\u0101lo stilu.<\/p>\n","protected":false},"featured_media":627973,"comment_status":"open","ping_status":"open","template":"","meta":[],"product_brand":[],"product_cat":[3251,3252],"product_tag":[],"class_list":{"0":"post-627972","1":"product","2":"type-product","3":"status-publish","4":"has-post-thumbnail","6":"product_cat-all-product","7":"product_cat-krosivky","8":"pa_rozmir-910","9":"pa_rozmir-912","10":"pa_rozmir-914","11":"pa_rozmir-915","12":"pa_rozmir-916","13":"pa_rozmir-917","14":"pa_rozmir-918","15":"pa_rozmir-919","16":"pa_rozmir-920","17":"pa_rozmir-921","18":"pa_rozmir-922","20":"first","21":"instock","22":"purchasable","23":"product-type-variable"},"_links":{"self":[{"href":"https:\/\/nextsnkr.com\/lv\/wp-json\/wp\/v2\/product\/627972","targetHints":{"allow":["GET"]}}],"collection":[{"href":"https:\/\/nextsnkr.com\/lv\/wp-json\/wp\/v2\/product"}],"about":[{"href":"https:\/\/nextsnkr.com\/lv\/wp-json\/wp\/v2\/types\/product"}],"replies":[{"embeddable":true,"href":"https:\/\/nextsnkr.com\/lv\/wp-json\/wp\/v2\/comments?post=627972"}],"version-history":[{"count":0,"href":"https:\/\/nextsnkr.com\/lv\/wp-json\/wp\/v2\/product\/627972\/revisions"}],"wp:featuredmedia":[{"embeddable":true,"href":"https:\/\/nextsnkr.com\/lv\/wp-json\/wp\/v2\/media\/627973"}],"wp:attachment":[{"href":"https:\/\/nextsnkr.com\/lv\/wp-json\/wp\/v2\/media?parent=627972"}],"wp:term":[{"taxonomy":"product_brand","embeddable":true,"href":"https:\/\/nextsnkr.com\/lv\/wp-json\/wp\/v2\/product_brand?post=627972"},{"taxonomy":"product_cat","embeddable":true,"href":"https:\/\/nextsnkr.com\/lv\/wp-json\/wp\/v2\/product_cat?post=627972"},{"taxonomy":"product_tag","embeddable":true,"href":"https:\/\/nextsnkr.com\/lv\/wp-json\/wp\/v2\/product_tag?post=627972"}],"curies":[{"name":"wp","href":"https:\/\/api.w.org\/{rel}","templated":true}]}}