{"id":627626,"date":"2025-06-13T09:00:16","date_gmt":"2025-06-13T06:00:16","guid":{"rendered":"https:\/\/nextsnkr.com\/product\/air-jordan-4-retro-cement-white-grey-khutro\/"},"modified":"2026-02-02T13:24:30","modified_gmt":"2026-02-02T10:24:30","slug":"air-jordan-4-retro-cement-white-grey-khutro","status":"publish","type":"product","link":"https:\/\/nextsnkr.com\/lv\/product\/air-jordan-4-retro-cement-white-grey-khutro\/","title":{"rendered":"\u0100das un ka\u017eok\u0101das kedas Air Jordan 4 Retro Cement White Grey"},"content":{"rendered":"<h2>\u0100das un ka\u017eok\u0101das kedas Air Jordan 4 Retro Cement White Grey<\/h2>\n<p>&nbsp;<\/p>\n<p>Air Jordan 4 retro Cement White Grey \u010d\u012bbas ir izgatavotas \u0136\u012bn\u0101 no \u012bstas \u0101das un ka\u017eok\u0101das, apvienojot komfortu, stilu un iztur\u012bbu. Baltas un pel\u0113kas kr\u0101sas kombin\u0101cija pie\u0161\u0137ir m\u016bsdien\u012bgu izskatu, Savuk\u0101rt polster\u0113t\u0101 odere nodro\u0161ina ikdienas valk\u0101\u0161anas \u0113rt\u012bbas. Air Jordan \u010d\u012bbas, kas ir ide\u0101li piem\u0113rotas akt\u012bvai dz\u012bvei, sportam un ikdienas stilam, pied\u0101v\u0101 augstas kvalit\u0101tes materi\u0101lus un le\u0123end\u0101ru dizainu. Pas\u016btiet t\u016bl\u012bt un uzsveriet savu unik\u0101lo izskatu.<\/p>\n","protected":false},"excerpt":{"rendered":"<p>Air Jordan 4 retro Cement White Grey \u010d\u012bbas ir izgatavotas \u0136\u012bn\u0101 no \u012bstas \u0101das un ka\u017eok\u0101das, apvienojot komfortu, stilu un iztur\u012bbu. Baltas un pel\u0113kas kr\u0101sas kombin\u0101cija pie\u0161\u0137ir m\u016bsdien\u012bgu izskatu, Savuk\u0101rt polster\u0113t\u0101 odere nodro\u0161ina ikdienas valk\u0101\u0161anas \u0113rt\u012bbas. Air Jordan \u010d\u012bbas, kas ir ide\u0101li piem\u0113rotas akt\u012bvai dz\u012bvei, sportam un ikdienas stilam, pied\u0101v\u0101 augstas kvalit\u0101tes materi\u0101lus un le\u0123end\u0101ru dizainu. Pas\u016btiet t\u016bl\u012bt un uzsveriet savu unik\u0101lo izskatu.<\/p>\n","protected":false},"featured_media":627627,"comment_status":"open","ping_status":"open","template":"","meta":[],"product_brand":[],"product_cat":[3387,3251,3252],"product_tag":[],"class_list":{"0":"post-627626","1":"product","2":"type-product","3":"status-publish","4":"has-post-thumbnail","6":"product_cat-nike-jordan","7":"product_cat-all-product","8":"product_cat-krosivky","9":"pa_rozmir-910","10":"pa_rozmir-912","11":"pa_rozmir-914","12":"pa_rozmir-915","13":"pa_rozmir-916","14":"pa_rozmir-917","15":"pa_rozmir-918","16":"pa_rozmir-919","17":"pa_rozmir-920","18":"pa_rozmir-921","19":"pa_rozmir-922","21":"first","22":"instock","23":"purchasable","24":"product-type-variable"},"_links":{"self":[{"href":"https:\/\/nextsnkr.com\/lv\/wp-json\/wp\/v2\/product\/627626","targetHints":{"allow":["GET"]}}],"collection":[{"href":"https:\/\/nextsnkr.com\/lv\/wp-json\/wp\/v2\/product"}],"about":[{"href":"https:\/\/nextsnkr.com\/lv\/wp-json\/wp\/v2\/types\/product"}],"replies":[{"embeddable":true,"href":"https:\/\/nextsnkr.com\/lv\/wp-json\/wp\/v2\/comments?post=627626"}],"version-history":[{"count":0,"href":"https:\/\/nextsnkr.com\/lv\/wp-json\/wp\/v2\/product\/627626\/revisions"}],"wp:featuredmedia":[{"embeddable":true,"href":"https:\/\/nextsnkr.com\/lv\/wp-json\/wp\/v2\/media\/627627"}],"wp:attachment":[{"href":"https:\/\/nextsnkr.com\/lv\/wp-json\/wp\/v2\/media?parent=627626"}],"wp:term":[{"taxonomy":"product_brand","embeddable":true,"href":"https:\/\/nextsnkr.com\/lv\/wp-json\/wp\/v2\/product_brand?post=627626"},{"taxonomy":"product_cat","embeddable":true,"href":"https:\/\/nextsnkr.com\/lv\/wp-json\/wp\/v2\/product_cat?post=627626"},{"taxonomy":"product_tag","embeddable":true,"href":"https:\/\/nextsnkr.com\/lv\/wp-json\/wp\/v2\/product_tag?post=627626"}],"curies":[{"name":"wp","href":"https:\/\/api.w.org\/{rel}","templated":true}]}}