{"id":627084,"date":"2025-06-13T09:01:43","date_gmt":"2025-06-13T06:01:43","guid":{"rendered":"https:\/\/nextsnkr.com\/product\/air-force-black-mekh-iz-defektom\/"},"modified":"2026-02-02T13:24:16","modified_gmt":"2026-02-02T10:24:16","slug":"air-force-black-mekh-iz-defektom","status":"publish","type":"product","link":"https:\/\/nextsnkr.com\/lv\/product\/air-force-black-mekh-iz-defektom\/","title":{"rendered":"Air Force Black (ka\u017eok\u0101das) \u0101das un ka\u017eok\u0101das \u010d\u012bbas-ar atlaidi"},"content":{"rendered":"<h2>Air Force Black (ka\u017eok\u0101das) \u0101das un ka\u017eok\u0101das \u010d\u012bbas-ar atlaidi<\/h2>\n<p>&nbsp;<\/p>\n<p>Air Force Black (ka\u017eok\u0101das) \u010d\u012bbas ir izgatavotas \u0136\u012bn\u0101 no \u012bstas \u0101das un ka\u017eok\u0101das, apvienojot stilu, siltumu un komfortu. M\u012bksta iek\u0161\u0113j\u0101 odere nodro\u0161ina \u0113rt\u012bbas ikdienas valk\u0101\u0161anai, un klasisk\u0101 meln\u0101 kr\u0101sa padara \u010d\u012bbas daudzpus\u012bgas jebkuram izskatam. Neskatoties uz defektu, tie saglab\u0101 augstu materi\u0101lu kvalit\u0101ti un iztur\u012bbu. Ide\u0101li piem\u0113rots pastaig\u0101m, pils\u0113tas dz\u012bvei un \u0101ra aktivit\u0101t\u0113m. Pas\u016btiet t\u016bl\u012bt ar \u012bpa\u0161u cenu.<\/p>\n","protected":false},"excerpt":{"rendered":"<p>Air Force Black (ka\u017eok\u0101das) \u010d\u012bbas ir izgatavotas \u0136\u012bn\u0101 no \u012bstas \u0101das un ka\u017eok\u0101das, apvienojot stilu, siltumu un komfortu. M\u012bksta iek\u0161\u0113j\u0101 odere nodro\u0161ina \u0113rt\u012bbas ikdienas valk\u0101\u0161anai, un klasisk\u0101 meln\u0101 kr\u0101sa padara \u010d\u012bbas daudzpus\u012bgas jebkuram izskatam. Neskatoties uz defektu, tie saglab\u0101 augstu materi\u0101lu kvalit\u0101ti un iztur\u012bbu. Ide\u0101li piem\u0113rots pastaig\u0101m, pils\u0113tas dz\u012bvei un \u0101ra aktivit\u0101t\u0113m. Pas\u016btiet t\u016bl\u012bt ar \u012bpa\u0161u cenu.<\/p>\n","protected":false},"featured_media":627085,"comment_status":"open","ping_status":"open","template":"","meta":[],"product_brand":[],"product_cat":[3251,3322],"product_tag":[],"class_list":{"0":"post-627084","1":"product","2":"type-product","3":"status-publish","4":"has-post-thumbnail","6":"product_cat-all-product","7":"product_cat-kedy","8":"pa_rozmir-910","9":"pa_rozmir-912","10":"pa_rozmir-914","11":"pa_rozmir-915","12":"pa_rozmir-916","13":"pa_rozmir-917","14":"pa_rozmir-918","15":"pa_rozmir-919","16":"pa_rozmir-920","17":"pa_rozmir-921","18":"pa_rozmir-922","20":"first","21":"instock","22":"purchasable","23":"product-type-variable"},"_links":{"self":[{"href":"https:\/\/nextsnkr.com\/lv\/wp-json\/wp\/v2\/product\/627084","targetHints":{"allow":["GET"]}}],"collection":[{"href":"https:\/\/nextsnkr.com\/lv\/wp-json\/wp\/v2\/product"}],"about":[{"href":"https:\/\/nextsnkr.com\/lv\/wp-json\/wp\/v2\/types\/product"}],"replies":[{"embeddable":true,"href":"https:\/\/nextsnkr.com\/lv\/wp-json\/wp\/v2\/comments?post=627084"}],"version-history":[{"count":0,"href":"https:\/\/nextsnkr.com\/lv\/wp-json\/wp\/v2\/product\/627084\/revisions"}],"wp:featuredmedia":[{"embeddable":true,"href":"https:\/\/nextsnkr.com\/lv\/wp-json\/wp\/v2\/media\/627085"}],"wp:attachment":[{"href":"https:\/\/nextsnkr.com\/lv\/wp-json\/wp\/v2\/media?parent=627084"}],"wp:term":[{"taxonomy":"product_brand","embeddable":true,"href":"https:\/\/nextsnkr.com\/lv\/wp-json\/wp\/v2\/product_brand?post=627084"},{"taxonomy":"product_cat","embeddable":true,"href":"https:\/\/nextsnkr.com\/lv\/wp-json\/wp\/v2\/product_cat?post=627084"},{"taxonomy":"product_tag","embeddable":true,"href":"https:\/\/nextsnkr.com\/lv\/wp-json\/wp\/v2\/product_tag?post=627084"}],"curies":[{"name":"wp","href":"https:\/\/api.w.org\/{rel}","templated":true}]}}