{"id":625897,"date":"2025-06-13T09:04:22","date_gmt":"2025-06-13T06:04:22","guid":{"rendered":"https:\/\/nextsnkr.com\/product\/air-jordan-1-high-og-ts-travis-scott-black-phantom\/"},"modified":"2026-02-02T13:23:35","modified_gmt":"2026-02-02T10:23:35","slug":"air-jordan-1-high-og-ts-travis-scott-black-phantom","status":"publish","type":"product","link":"https:\/\/nextsnkr.com\/lv\/product\/air-jordan-1-high-og-ts-travis-scott-black-phantom\/","title":{"rendered":"\u2193\u0435\u0434\u0438 Air Jordan 1 augstas OG TS Travis Scott Black Phantom"},"content":{"rendered":"<h2>\u2193\u0435\u0434\u0438 Air Jordan 1 augstas OG TS Travis Scott Black Phantom<\/h2>\n<p>&nbsp;<\/p>\n<p>Air Jordan 1 High OG TS Travis Scott Black Phantom \u010d\u012bbas ir izgatavotas Vjetnam\u0101 no augstas kvalit\u0101tes zam\u0161\u0101das, apvienojot komfortu, iztur\u012bbu un stilu. Phantom tum\u0161\u0101 meln\u0101 nokr\u0101sa pie\u0161\u0137ir apaviem unik\u0101lu izskatu un m\u016bsdien\u012bgu akcentu, un z\u012bmola le\u0123end\u0101rais Travis Scott dizains izce\u013c statusu un modes stilu. \u0160\u012bs Air Jordan \u010d\u012bbas, kas ir ide\u0101li piem\u0113rotas ikdienas valk\u0101\u0161anai, pastaig\u0101m un akt\u012bvai dz\u012bvei, nodro\u0161ina kvalit\u0101ti, komfortu un atpaz\u012bstamu izskatu. pas\u016btiet t\u016bl\u012bt un pievienojiet savam dr\u0113bju skapim spilgtu akcentu.<\/p>\n","protected":false},"excerpt":{"rendered":"<p>Air Jordan 1 High OG TS Travis Scott Black Phantom \u010d\u012bbas ir izgatavotas Vjetnam\u0101 no augstas kvalit\u0101tes zam\u0161\u0101das, apvienojot komfortu, iztur\u012bbu un stilu. Phantom tum\u0161\u0101 meln\u0101 nokr\u0101sa pie\u0161\u0137ir apaviem unik\u0101lu izskatu un m\u016bsdien\u012bgu akcentu, un z\u012bmola le\u0123end\u0101rais Travis Scott dizains izce\u013c statusu un modes stilu. \u0160\u012bs Air Jordan \u010d\u012bbas, kas ir ide\u0101li piem\u0113rotas ikdienas valk\u0101\u0161anai, pastaig\u0101m un akt\u012bvai dz\u012bvei, nodro\u0161ina kvalit\u0101ti, komfortu un atpaz\u012bstamu izskatu. pas\u016btiet t\u016bl\u012bt un pievienojiet savam dr\u0113bju skapim spilgtu akcentu.<\/p>\n","protected":false},"featured_media":625898,"comment_status":"open","ping_status":"open","template":"","meta":[],"product_brand":[],"product_cat":[3387,3251,3322],"product_tag":[],"class_list":{"0":"post-625897","1":"product","2":"type-product","3":"status-publish","4":"has-post-thumbnail","6":"product_cat-nike-jordan","7":"product_cat-all-product","8":"product_cat-kedy","9":"pa_rozmir-910","10":"pa_rozmir-912","11":"pa_rozmir-914","12":"pa_rozmir-915","13":"pa_rozmir-916","14":"pa_rozmir-917","15":"pa_rozmir-918","16":"pa_rozmir-919","17":"pa_rozmir-920","18":"pa_rozmir-921","19":"pa_rozmir-922","21":"first","22":"onbackorder","23":"purchasable","24":"product-type-variable"},"_links":{"self":[{"href":"https:\/\/nextsnkr.com\/lv\/wp-json\/wp\/v2\/product\/625897","targetHints":{"allow":["GET"]}}],"collection":[{"href":"https:\/\/nextsnkr.com\/lv\/wp-json\/wp\/v2\/product"}],"about":[{"href":"https:\/\/nextsnkr.com\/lv\/wp-json\/wp\/v2\/types\/product"}],"replies":[{"embeddable":true,"href":"https:\/\/nextsnkr.com\/lv\/wp-json\/wp\/v2\/comments?post=625897"}],"version-history":[{"count":0,"href":"https:\/\/nextsnkr.com\/lv\/wp-json\/wp\/v2\/product\/625897\/revisions"}],"wp:featuredmedia":[{"embeddable":true,"href":"https:\/\/nextsnkr.com\/lv\/wp-json\/wp\/v2\/media\/625898"}],"wp:attachment":[{"href":"https:\/\/nextsnkr.com\/lv\/wp-json\/wp\/v2\/media?parent=625897"}],"wp:term":[{"taxonomy":"product_brand","embeddable":true,"href":"https:\/\/nextsnkr.com\/lv\/wp-json\/wp\/v2\/product_brand?post=625897"},{"taxonomy":"product_cat","embeddable":true,"href":"https:\/\/nextsnkr.com\/lv\/wp-json\/wp\/v2\/product_cat?post=625897"},{"taxonomy":"product_tag","embeddable":true,"href":"https:\/\/nextsnkr.com\/lv\/wp-json\/wp\/v2\/product_tag?post=625897"}],"curies":[{"name":"wp","href":"https:\/\/api.w.org\/{rel}","templated":true}]}}