{"id":625727,"date":"2025-06-13T09:04:43","date_gmt":"2025-06-13T06:04:43","guid":{"rendered":"https:\/\/nextsnkr.com\/product\/low-travis-scotts-x-tiffany\/"},"modified":"2026-02-02T13:23:30","modified_gmt":"2026-02-02T10:23:30","slug":"low-travis-scotts-x-tiffany","status":"publish","type":"product","link":"https:\/\/nextsnkr.com\/lv\/product\/low-travis-scotts-x-tiffany\/","title":{"rendered":"Low Travis Scott x Tiffany \u010d\u012bbas no nubuka stil\u012bgam izskatam"},"content":{"rendered":"<h2>Low Travis Scott x Tiffany \u010d\u012bbas no nubuka stil\u012bgam izskatam<\/h2>\n<p>&nbsp;<\/p>\n<p>Low Travis Scott x Tiffany \u010d\u012bbas ir izgatavotas Vjetnam\u0101 no augstas kvalit\u0101tes nubuka, apvienojot komfortu, iztur\u012bbu un stil\u012bgu dizainu. Viegli un \u0113rti, tie ir ide\u0101li piem\u0113roti ikdienas valk\u0101\u0161anai, pastaig\u0101m un akt\u012bvai pils\u0113tas dz\u012bvei. Travis Scott un Tiffany unik\u0101lais z\u012bmolu sajaukums pie\u0161\u0137ir ekskluzivit\u0101ti un m\u016bsdien\u012bgu izskatu. \u010c\u012bbas izce\u013cas ar materi\u0101lu kvalit\u0101ti un uzman\u012bbu deta\u013c\u0101m. Pas\u016btiet t\u016bl\u012bt un uzsveriet savu unik\u0101lo stilu.<\/p>\n","protected":false},"excerpt":{"rendered":"<p>Low Travis Scott x Tiffany \u010d\u012bbas ir izgatavotas Vjetnam\u0101 no augstas kvalit\u0101tes nubuka, apvienojot komfortu, iztur\u012bbu un stil\u012bgu dizainu. Viegli un \u0113rti, tie ir ide\u0101li piem\u0113roti ikdienas valk\u0101\u0161anai, pastaig\u0101m un akt\u012bvai pils\u0113tas dz\u012bvei. Travis Scott un Tiffany unik\u0101lais z\u012bmolu sajaukums pie\u0161\u0137ir ekskluzivit\u0101ti un m\u016bsdien\u012bgu izskatu. \u010c\u012bbas izce\u013cas ar materi\u0101lu kvalit\u0101ti un uzman\u012bbu deta\u013c\u0101m. Pas\u016btiet t\u016bl\u012bt un uzsveriet savu unik\u0101lo stilu.<\/p>\n","protected":false},"featured_media":625728,"comment_status":"open","ping_status":"open","template":"","meta":[],"product_brand":[],"product_cat":[3251,3322],"product_tag":[],"class_list":{"0":"post-625727","1":"product","2":"type-product","3":"status-publish","4":"has-post-thumbnail","6":"product_cat-all-product","7":"product_cat-kedy","8":"pa_rozmir-910","9":"pa_rozmir-912","10":"pa_rozmir-914","11":"pa_rozmir-915","12":"pa_rozmir-916","13":"pa_rozmir-917","14":"pa_rozmir-918","15":"pa_rozmir-919","16":"pa_rozmir-920","17":"pa_rozmir-921","18":"pa_rozmir-922","20":"first","21":"instock","22":"purchasable","23":"product-type-variable"},"_links":{"self":[{"href":"https:\/\/nextsnkr.com\/lv\/wp-json\/wp\/v2\/product\/625727","targetHints":{"allow":["GET"]}}],"collection":[{"href":"https:\/\/nextsnkr.com\/lv\/wp-json\/wp\/v2\/product"}],"about":[{"href":"https:\/\/nextsnkr.com\/lv\/wp-json\/wp\/v2\/types\/product"}],"replies":[{"embeddable":true,"href":"https:\/\/nextsnkr.com\/lv\/wp-json\/wp\/v2\/comments?post=625727"}],"version-history":[{"count":0,"href":"https:\/\/nextsnkr.com\/lv\/wp-json\/wp\/v2\/product\/625727\/revisions"}],"wp:featuredmedia":[{"embeddable":true,"href":"https:\/\/nextsnkr.com\/lv\/wp-json\/wp\/v2\/media\/625728"}],"wp:attachment":[{"href":"https:\/\/nextsnkr.com\/lv\/wp-json\/wp\/v2\/media?parent=625727"}],"wp:term":[{"taxonomy":"product_brand","embeddable":true,"href":"https:\/\/nextsnkr.com\/lv\/wp-json\/wp\/v2\/product_brand?post=625727"},{"taxonomy":"product_cat","embeddable":true,"href":"https:\/\/nextsnkr.com\/lv\/wp-json\/wp\/v2\/product_cat?post=625727"},{"taxonomy":"product_tag","embeddable":true,"href":"https:\/\/nextsnkr.com\/lv\/wp-json\/wp\/v2\/product_tag?post=625727"}],"curies":[{"name":"wp","href":"https:\/\/api.w.org\/{rel}","templated":true}]}}