{"id":625557,"date":"2025-06-13T09:05:26","date_gmt":"2025-06-13T06:05:26","guid":{"rendered":"https:\/\/nextsnkr.com\/product\/air-jordan-1-retro-high-travis-scott\/"},"modified":"2026-02-02T13:23:26","modified_gmt":"2026-02-02T10:23:26","slug":"air-jordan-1-retro-high-travis-scott","status":"publish","type":"product","link":"https:\/\/nextsnkr.com\/lv\/product\/air-jordan-1-retro-high-travis-scott\/","title":{"rendered":"Air Jordan 1 Retro High Travis Scott \u0101das un tekstila \u010d\u012bbas"},"content":{"rendered":"<h2>Air Jordan 1 Retro High Travis Scott \u0101das un tekstila \u010d\u012bbas<\/h2>\n<p>&nbsp;<\/p>\n<p>Air Jordan 1 Retro High Travis Scott \u010d\u012bbas ir izgatavotas \u0136\u012bn\u0101 no kvalitat\u012bvas \u0101das un tekstilizstr\u0101d\u0101jumiem, apvienojot komfortu, iztur\u012bbu un stilu. Z\u012bmola le\u0123end\u0101rais Travis Scott dizains pie\u0161\u0137ir apaviem unik\u0101lu izskatu, un augst\u0101s malas nodro\u0161ina stabilu p\u0113das atbalstu. \u0160\u012bs Air Jordan \u010d\u012bbas, kas ir ide\u0101li piem\u0113rotas ikdienas valk\u0101\u0161anai, pastaig\u0101m un akt\u012bvai pils\u0113tas dz\u012bvei, izce\u013cas ar uzman\u012bbu deta\u013c\u0101m un augstas kvalit\u0101tes materi\u0101liem. Pas\u016btiet t\u016bl\u012bt un uzsveriet savu unik\u0101lo stilu.<\/p>\n","protected":false},"excerpt":{"rendered":"<p>Air Jordan 1 Retro High Travis Scott \u010d\u012bbas ir izgatavotas \u0136\u012bn\u0101 no kvalitat\u012bvas \u0101das un tekstilizstr\u0101d\u0101jumiem, apvienojot komfortu, iztur\u012bbu un stilu. Z\u012bmola le\u0123end\u0101rais Travis Scott dizains pie\u0161\u0137ir apaviem unik\u0101lu izskatu, un augst\u0101s malas nodro\u0161ina stabilu p\u0113das atbalstu. \u0160\u012bs Air Jordan \u010d\u012bbas, kas ir ide\u0101li piem\u0113rotas ikdienas valk\u0101\u0161anai, pastaig\u0101m un akt\u012bvai pils\u0113tas dz\u012bvei, izce\u013cas ar uzman\u012bbu deta\u013c\u0101m un augstas kvalit\u0101tes materi\u0101liem. Pas\u016btiet t\u016bl\u012bt un uzsveriet savu unik\u0101lo stilu.<\/p>\n","protected":false},"featured_media":625558,"comment_status":"open","ping_status":"open","template":"","meta":[],"product_brand":[],"product_cat":[3387,3251,3322],"product_tag":[],"class_list":{"0":"post-625557","1":"product","2":"type-product","3":"status-publish","4":"has-post-thumbnail","6":"product_cat-nike-jordan","7":"product_cat-all-product","8":"product_cat-kedy","9":"pa_rozmir-910","10":"pa_rozmir-912","11":"pa_rozmir-914","12":"pa_rozmir-915","13":"pa_rozmir-916","14":"pa_rozmir-917","15":"pa_rozmir-918","16":"pa_rozmir-919","17":"pa_rozmir-920","18":"pa_rozmir-921","19":"pa_rozmir-922","21":"first","22":"onbackorder","23":"purchasable","24":"product-type-variable"},"_links":{"self":[{"href":"https:\/\/nextsnkr.com\/lv\/wp-json\/wp\/v2\/product\/625557","targetHints":{"allow":["GET"]}}],"collection":[{"href":"https:\/\/nextsnkr.com\/lv\/wp-json\/wp\/v2\/product"}],"about":[{"href":"https:\/\/nextsnkr.com\/lv\/wp-json\/wp\/v2\/types\/product"}],"replies":[{"embeddable":true,"href":"https:\/\/nextsnkr.com\/lv\/wp-json\/wp\/v2\/comments?post=625557"}],"version-history":[{"count":0,"href":"https:\/\/nextsnkr.com\/lv\/wp-json\/wp\/v2\/product\/625557\/revisions"}],"wp:featuredmedia":[{"embeddable":true,"href":"https:\/\/nextsnkr.com\/lv\/wp-json\/wp\/v2\/media\/625558"}],"wp:attachment":[{"href":"https:\/\/nextsnkr.com\/lv\/wp-json\/wp\/v2\/media?parent=625557"}],"wp:term":[{"taxonomy":"product_brand","embeddable":true,"href":"https:\/\/nextsnkr.com\/lv\/wp-json\/wp\/v2\/product_brand?post=625557"},{"taxonomy":"product_cat","embeddable":true,"href":"https:\/\/nextsnkr.com\/lv\/wp-json\/wp\/v2\/product_cat?post=625557"},{"taxonomy":"product_tag","embeddable":true,"href":"https:\/\/nextsnkr.com\/lv\/wp-json\/wp\/v2\/product_tag?post=625557"}],"curies":[{"name":"wp","href":"https:\/\/api.w.org\/{rel}","templated":true}]}}