{"id":623681,"date":"2025-06-13T09:09:52","date_gmt":"2025-06-13T06:09:52","guid":{"rendered":"https:\/\/nextsnkr.com\/product\/new-balance-740-black\/"},"modified":"2026-02-02T13:22:27","modified_gmt":"2026-02-02T10:22:27","slug":"new-balance-740-black","status":"publish","type":"product","link":"https:\/\/nextsnkr.com\/lv\/product\/new-balance-740-black\/","title":{"rendered":"New Balance 740 Black tekstilizstr\u0101d\u0101jumu \u010d\u012bbas stil\u012bgam komfortam"},"content":{"rendered":"<h2>New Balance 740 Black tekstilizstr\u0101d\u0101jumu \u010d\u012bbas stil\u012bgam komfortam<\/h2>\n<p>&nbsp;<\/p>\n<p>New Balance 740 Black \u010d\u012bbas ir izgatavotas no augstas kvalit\u0101tes tekstilizstr\u0101d\u0101jumiem, kas nodro\u0161ina vieglumu, elpojam\u012bbu un komfortu ikdienas valk\u0101\u0161an\u0101. Meln\u0101 kr\u0101sa pie\u0161\u0137ir daudzpus\u012bbu un viegli sapl\u016bst ar jebkuru dr\u0113bju skapi. M\u012bkst\u0101 zole garant\u0113 p\u0113das \u0113rt\u012bbas un atbalstu akt\u012bvai kust\u012bbai, savuk\u0101rt New Balance z\u012bmols apstiprina materi\u0101lu uzticam\u012bbu un augsto kvalit\u0101ti. Ide\u0101li piem\u0113rots pastaig\u0101m, ikdienas valk\u0101\u0161anai un sportiskam stilam. Pas\u016btiet t\u016bl\u012bt un uzsveriet savu moderno izskatu.<\/p>\n","protected":false},"excerpt":{"rendered":"<p>New Balance 740 Black \u010d\u012bbas ir izgatavotas no augstas kvalit\u0101tes tekstilizstr\u0101d\u0101jumiem, kas nodro\u0161ina vieglumu, elpojam\u012bbu un komfortu ikdienas valk\u0101\u0161an\u0101. Meln\u0101 kr\u0101sa pie\u0161\u0137ir daudzpus\u012bbu un viegli sapl\u016bst ar jebkuru dr\u0113bju skapi. M\u012bkst\u0101 zole garant\u0113 p\u0113das \u0113rt\u012bbas un atbalstu akt\u012bvai kust\u012bbai, savuk\u0101rt New Balance z\u012bmols apstiprina materi\u0101lu uzticam\u012bbu un augsto kvalit\u0101ti. Ide\u0101li piem\u0113rots pastaig\u0101m, ikdienas valk\u0101\u0161anai un sportiskam stilam. Pas\u016btiet t\u016bl\u012bt un uzsveriet savu moderno izskatu.<\/p>\n","protected":false},"featured_media":623682,"comment_status":"open","ping_status":"open","template":"","meta":[],"product_brand":[],"product_cat":[3251,3252],"product_tag":[],"class_list":{"0":"post-623681","1":"product","2":"type-product","3":"status-publish","4":"has-post-thumbnail","6":"product_cat-all-product","7":"product_cat-krosivky","8":"pa_rozmir-910","9":"pa_rozmir-912","10":"pa_rozmir-914","11":"pa_rozmir-915","12":"pa_rozmir-916","13":"pa_rozmir-917","14":"pa_rozmir-918","15":"pa_rozmir-919","16":"pa_rozmir-920","17":"pa_rozmir-921","18":"pa_rozmir-922","20":"first","21":"instock","22":"purchasable","23":"product-type-variable"},"_links":{"self":[{"href":"https:\/\/nextsnkr.com\/lv\/wp-json\/wp\/v2\/product\/623681","targetHints":{"allow":["GET"]}}],"collection":[{"href":"https:\/\/nextsnkr.com\/lv\/wp-json\/wp\/v2\/product"}],"about":[{"href":"https:\/\/nextsnkr.com\/lv\/wp-json\/wp\/v2\/types\/product"}],"replies":[{"embeddable":true,"href":"https:\/\/nextsnkr.com\/lv\/wp-json\/wp\/v2\/comments?post=623681"}],"version-history":[{"count":0,"href":"https:\/\/nextsnkr.com\/lv\/wp-json\/wp\/v2\/product\/623681\/revisions"}],"wp:featuredmedia":[{"embeddable":true,"href":"https:\/\/nextsnkr.com\/lv\/wp-json\/wp\/v2\/media\/623682"}],"wp:attachment":[{"href":"https:\/\/nextsnkr.com\/lv\/wp-json\/wp\/v2\/media?parent=623681"}],"wp:term":[{"taxonomy":"product_brand","embeddable":true,"href":"https:\/\/nextsnkr.com\/lv\/wp-json\/wp\/v2\/product_brand?post=623681"},{"taxonomy":"product_cat","embeddable":true,"href":"https:\/\/nextsnkr.com\/lv\/wp-json\/wp\/v2\/product_cat?post=623681"},{"taxonomy":"product_tag","embeddable":true,"href":"https:\/\/nextsnkr.com\/lv\/wp-json\/wp\/v2\/product_tag?post=623681"}],"curies":[{"name":"wp","href":"https:\/\/api.w.org\/{rel}","templated":true}]}}