{"id":621370,"date":"2025-06-17T22:06:14","date_gmt":"2025-06-17T19:06:14","guid":{"rendered":"https:\/\/nextsnkr.com\/product\/timberland-blue\/"},"modified":"2026-02-02T13:20:57","modified_gmt":"2026-02-02T10:20:57","slug":"timberland-blue","status":"publish","type":"product","link":"https:\/\/nextsnkr.com\/lv\/product\/timberland-blue\/","title":{"rendered":"Timberland Blue z\u0101baki-ziemas \u016bdensnecaurlaid\u012bgi nubuka z\u0101baki"},"content":{"rendered":"<h2>Timberland Blue z\u0101baki-ziemas \u016bdensnecaurlaid\u012bgi nubuka z\u0101baki<\/h2>\n<p>&nbsp;<\/p>\n<p>Timberland Blue z\u0101baki ir izgatavoti no dab\u012bga nubuka ar poliuret\u0101na polster\u0113tu zoli, kas nodro\u0161ina komfortu un iztur\u012bbu. Iek\u0161\u0113j\u0101 izol\u0101cija ar m\u0101ksl\u012bgo ka\u017eok\u0101du uztur siltumu pat temperat\u016br\u0101 l\u012bdz -25\u00b0C. \u016bdensnecaurlaid\u012bgais dizains un iztur\u012bgie materi\u0101li padara \u0161os ziemas z\u0101bakus ide\u0101li piem\u0113rotus akt\u012bvai pils\u0113tas dz\u012bvei un ziemas pastaig\u0101m, apvienojot Timberland z\u012bmola stilu un izcilu kvalit\u0101ti.<\/p>\n","protected":false},"excerpt":{"rendered":"<p>Timberland Blue z\u0101baki ir izgatavoti no dab\u012bga nubuka ar poliuret\u0101na polster\u0113tu zoli, kas nodro\u0161ina komfortu un iztur\u012bbu. Iek\u0161\u0113j\u0101 izol\u0101cija ar m\u0101ksl\u012bgo ka\u017eok\u0101du uztur siltumu pat temperat\u016br\u0101 l\u012bdz -25\u00b0C. \u016bdensnecaurlaid\u012bgais dizains un iztur\u012bgie materi\u0101li padara \u0161os ziemas z\u0101bakus ide\u0101li piem\u0113rotus akt\u012bvai pils\u0113tas dz\u012bvei un ziemas pastaig\u0101m, apvienojot Timberland z\u012bmola stilu un izcilu kvalit\u0101ti.<\/p>\n","protected":false},"featured_media":621371,"comment_status":"open","ping_status":"open","template":"","meta":[],"product_brand":[],"product_cat":[3251,3335],"product_tag":[],"class_list":{"0":"post-621370","1":"product","2":"type-product","3":"status-publish","4":"has-post-thumbnail","6":"product_cat-all-product","7":"product_cat-cherevyky","8":"pa_rozmir-910","9":"pa_rozmir-912","10":"pa_rozmir-914","11":"pa_rozmir-915","12":"pa_rozmir-916","13":"pa_rozmir-917","14":"pa_rozmir-918","15":"pa_rozmir-919","16":"pa_rozmir-920","17":"pa_rozmir-921","18":"pa_rozmir-922","20":"first","21":"onbackorder","22":"purchasable","23":"product-type-variable"},"_links":{"self":[{"href":"https:\/\/nextsnkr.com\/lv\/wp-json\/wp\/v2\/product\/621370","targetHints":{"allow":["GET"]}}],"collection":[{"href":"https:\/\/nextsnkr.com\/lv\/wp-json\/wp\/v2\/product"}],"about":[{"href":"https:\/\/nextsnkr.com\/lv\/wp-json\/wp\/v2\/types\/product"}],"replies":[{"embeddable":true,"href":"https:\/\/nextsnkr.com\/lv\/wp-json\/wp\/v2\/comments?post=621370"}],"version-history":[{"count":0,"href":"https:\/\/nextsnkr.com\/lv\/wp-json\/wp\/v2\/product\/621370\/revisions"}],"wp:featuredmedia":[{"embeddable":true,"href":"https:\/\/nextsnkr.com\/lv\/wp-json\/wp\/v2\/media\/621371"}],"wp:attachment":[{"href":"https:\/\/nextsnkr.com\/lv\/wp-json\/wp\/v2\/media?parent=621370"}],"wp:term":[{"taxonomy":"product_brand","embeddable":true,"href":"https:\/\/nextsnkr.com\/lv\/wp-json\/wp\/v2\/product_brand?post=621370"},{"taxonomy":"product_cat","embeddable":true,"href":"https:\/\/nextsnkr.com\/lv\/wp-json\/wp\/v2\/product_cat?post=621370"},{"taxonomy":"product_tag","embeddable":true,"href":"https:\/\/nextsnkr.com\/lv\/wp-json\/wp\/v2\/product_tag?post=621370"}],"curies":[{"name":"wp","href":"https:\/\/api.w.org\/{rel}","templated":true}]}}