{"id":618643,"date":"2025-06-17T22:20:03","date_gmt":"2025-06-17T19:20:03","guid":{"rendered":"https:\/\/nextsnkr.com\/product\/nike-air-max-plus-utility-black-metallic-silver\/"},"modified":"2026-02-02T13:19:30","modified_gmt":"2026-02-02T10:19:30","slug":"nike-air-max-plus-utility-black-metallic-silver","status":"publish","type":"product","link":"https:\/\/nextsnkr.com\/lv\/product\/nike-air-max-plus-utility-black-metallic-silver\/","title":{"rendered":"Nike Air Max Plus Utility Black Metallic Silver \u010d\u012bbas-\u0101das un tekstila"},"content":{"rendered":"<h2>Nike Air Max Plus Utility Black Metallic Silver \u010d\u012bbas-\u0101das un tekstila<\/h2>\n<p>&nbsp;<\/p>\n<p>Nike Air Max Plus Utility Black Metallic Silver ir stil\u012bgas kedas, kas izgatavotas no augstas kvalit\u0101tes \u0101das un tekstilizstr\u0101d\u0101jumiem, apvienojot komfortu, iztur\u012bbu un modernu dizainu. Melns ar met\u0101lisku sudrabu tonis padara modeli daudzpus\u012bgu un piesaista uzman\u012bbu. Ra\u017eoti Vjetnamas r\u016bpn\u012bc\u0101, \u010d\u012bbas ir iztur\u012bgas zoles, Air Max amortiz\u0101cijas sist\u0113ma un \u0113rta piegul\u0161ana uz k\u0101jas. Ide\u0101la izv\u0113le akt\u012bvam dz\u012bvesveidam, pastaig\u0101m un stil\u012bga izskata rad\u012b\u0161anai ar Nike z\u012bmola komfortu un augst\u0101k\u0101s kvalit\u0101tes kvalit\u0101ti.<\/p>\n","protected":false},"excerpt":{"rendered":"<p>Nike Air Max Plus Utility Black Metallic Silver ir stil\u012bgas kedas, kas izgatavotas no augstas kvalit\u0101tes \u0101das un tekstilizstr\u0101d\u0101jumiem, apvienojot komfortu, iztur\u012bbu un modernu dizainu. Melns ar met\u0101lisku sudrabu tonis padara modeli daudzpus\u012bgu un piesaista uzman\u012bbu. Ra\u017eoti Vjetnamas r\u016bpn\u012bc\u0101, \u010d\u012bbas ir iztur\u012bgas zoles, Air Max amortiz\u0101cijas sist\u0113ma un \u0113rta piegul\u0161ana uz k\u0101jas. Ide\u0101la izv\u0113le akt\u012bvam dz\u012bvesveidam, pastaig\u0101m un stil\u012bga izskata rad\u012b\u0161anai ar Nike z\u012bmola komfortu un augst\u0101k\u0101s kvalit\u0101tes kvalit\u0101ti.<\/p>\n","protected":false},"featured_media":618644,"comment_status":"open","ping_status":"open","template":"","meta":[],"product_brand":[],"product_cat":[3251,3252],"product_tag":[],"class_list":{"0":"post-618643","1":"product","2":"type-product","3":"status-publish","4":"has-post-thumbnail","6":"product_cat-all-product","7":"product_cat-krosivky","8":"pa_rozmir-910","9":"pa_rozmir-912","10":"pa_rozmir-914","11":"pa_rozmir-915","12":"pa_rozmir-916","13":"pa_rozmir-917","14":"pa_rozmir-918","15":"pa_rozmir-919","16":"pa_rozmir-920","17":"pa_rozmir-921","18":"pa_rozmir-922","20":"first","21":"onbackorder","22":"purchasable","23":"product-type-variable"},"_links":{"self":[{"href":"https:\/\/nextsnkr.com\/lv\/wp-json\/wp\/v2\/product\/618643","targetHints":{"allow":["GET"]}}],"collection":[{"href":"https:\/\/nextsnkr.com\/lv\/wp-json\/wp\/v2\/product"}],"about":[{"href":"https:\/\/nextsnkr.com\/lv\/wp-json\/wp\/v2\/types\/product"}],"replies":[{"embeddable":true,"href":"https:\/\/nextsnkr.com\/lv\/wp-json\/wp\/v2\/comments?post=618643"}],"version-history":[{"count":0,"href":"https:\/\/nextsnkr.com\/lv\/wp-json\/wp\/v2\/product\/618643\/revisions"}],"wp:featuredmedia":[{"embeddable":true,"href":"https:\/\/nextsnkr.com\/lv\/wp-json\/wp\/v2\/media\/618644"}],"wp:attachment":[{"href":"https:\/\/nextsnkr.com\/lv\/wp-json\/wp\/v2\/media?parent=618643"}],"wp:term":[{"taxonomy":"product_brand","embeddable":true,"href":"https:\/\/nextsnkr.com\/lv\/wp-json\/wp\/v2\/product_brand?post=618643"},{"taxonomy":"product_cat","embeddable":true,"href":"https:\/\/nextsnkr.com\/lv\/wp-json\/wp\/v2\/product_cat?post=618643"},{"taxonomy":"product_tag","embeddable":true,"href":"https:\/\/nextsnkr.com\/lv\/wp-json\/wp\/v2\/product_tag?post=618643"}],"curies":[{"name":"wp","href":"https:\/\/api.w.org\/{rel}","templated":true}]}}