{"id":618305,"date":"2025-06-17T22:21:50","date_gmt":"2025-06-17T19:21:50","guid":{"rendered":"https:\/\/nextsnkr.com\/product\/nike-tn-orange\/"},"modified":"2026-02-02T13:19:21","modified_gmt":"2026-02-02T10:19:21","slug":"nike-tn-orange","status":"publish","type":"product","link":"https:\/\/nextsnkr.com\/lv\/product\/nike-tn-orange\/","title":{"rendered":"Nike Tn + Orange \u010d\u012bbas sportam un ikdienas valk\u0101\u0161anai"},"content":{"rendered":"<h2>Nike Tn + Orange \u010d\u012bbas sportam un ikdienas valk\u0101\u0161anai<\/h2>\n<p>&nbsp;<\/p>\n<p>Nike tn + Orange-spilgtas kr\u0101sas tekstila sieta kedas komfortam un p\u0113das elpo\u0161anai. Viegla konstrukcija un m\u016bsdien\u012bgs dizains padara tos ide\u0101li piem\u0113rotus akt\u012bvam dz\u012bvesveidam, sportam un pastaig\u0101m pa pils\u0113tu. \u0160\u012bs kedas apvieno stilu, \u0113rt\u012bbas un kvalit\u0101ti, nodro\u0161inot dro\u0161u amortiz\u0101ciju un atbalstu brauk\u0161anas laik\u0101. Katru dienu izv\u0113lieties Nike tn + Orange, lai ieg\u016btu spilgtu izskatu un komfortu.<\/p>\n","protected":false},"excerpt":{"rendered":"<p>Nike tn + Orange-spilgtas kr\u0101sas tekstila sieta kedas komfortam un p\u0113das elpo\u0161anai. Viegla konstrukcija un m\u016bsdien\u012bgs dizains padara tos ide\u0101li piem\u0113rotus akt\u012bvam dz\u012bvesveidam, sportam un pastaig\u0101m pa pils\u0113tu. \u0160\u012bs kedas apvieno stilu, \u0113rt\u012bbas un kvalit\u0101ti, nodro\u0161inot dro\u0161u amortiz\u0101ciju un atbalstu brauk\u0161anas laik\u0101. Katru dienu izv\u0113lieties Nike tn + Orange, lai ieg\u016btu spilgtu izskatu un komfortu.<\/p>\n","protected":false},"featured_media":618306,"comment_status":"open","ping_status":"open","template":"","meta":[],"product_brand":[],"product_cat":[3251,3252],"product_tag":[],"class_list":{"0":"post-618305","1":"product","2":"type-product","3":"status-publish","4":"has-post-thumbnail","6":"product_cat-all-product","7":"product_cat-krosivky","8":"pa_rozmir-910","9":"pa_rozmir-912","10":"pa_rozmir-914","11":"pa_rozmir-915","12":"pa_rozmir-916","13":"pa_rozmir-917","14":"pa_rozmir-918","15":"pa_rozmir-919","16":"pa_rozmir-920","17":"pa_rozmir-921","18":"pa_rozmir-922","20":"first","21":"onbackorder","22":"purchasable","23":"product-type-variable"},"_links":{"self":[{"href":"https:\/\/nextsnkr.com\/lv\/wp-json\/wp\/v2\/product\/618305","targetHints":{"allow":["GET"]}}],"collection":[{"href":"https:\/\/nextsnkr.com\/lv\/wp-json\/wp\/v2\/product"}],"about":[{"href":"https:\/\/nextsnkr.com\/lv\/wp-json\/wp\/v2\/types\/product"}],"replies":[{"embeddable":true,"href":"https:\/\/nextsnkr.com\/lv\/wp-json\/wp\/v2\/comments?post=618305"}],"version-history":[{"count":0,"href":"https:\/\/nextsnkr.com\/lv\/wp-json\/wp\/v2\/product\/618305\/revisions"}],"wp:featuredmedia":[{"embeddable":true,"href":"https:\/\/nextsnkr.com\/lv\/wp-json\/wp\/v2\/media\/618306"}],"wp:attachment":[{"href":"https:\/\/nextsnkr.com\/lv\/wp-json\/wp\/v2\/media?parent=618305"}],"wp:term":[{"taxonomy":"product_brand","embeddable":true,"href":"https:\/\/nextsnkr.com\/lv\/wp-json\/wp\/v2\/product_brand?post=618305"},{"taxonomy":"product_cat","embeddable":true,"href":"https:\/\/nextsnkr.com\/lv\/wp-json\/wp\/v2\/product_cat?post=618305"},{"taxonomy":"product_tag","embeddable":true,"href":"https:\/\/nextsnkr.com\/lv\/wp-json\/wp\/v2\/product_tag?post=618305"}],"curies":[{"name":"wp","href":"https:\/\/api.w.org\/{rel}","templated":true}]}}