{"id":615407,"date":"2025-06-17T22:52:41","date_gmt":"2025-06-17T19:52:41","guid":{"rendered":"https:\/\/nextsnkr.com\/product\/muzhskoe-bele-champion-grey\/"},"modified":"2026-02-02T13:17:27","modified_gmt":"2026-02-02T10:17:27","slug":"muzhskoe-bele-champion-grey","status":"publish","type":"product","link":"https:\/\/nextsnkr.com\/lv\/product\/muzhskoe-bele-champion-grey\/","title":{"rendered":"V\u012brie\u0161u apak\u0161ve\u013ca Champion Grey kokvilnas \/ spandex komforta"},"content":{"rendered":"<h2>V\u012brie\u0161u apak\u0161ve\u013ca Champion Grey kokvilnas \/ spandex komforta<\/h2>\n<p>&nbsp;<\/p>\n<p>CHAMPION Grey v\u012brie\u0161u apak\u0161ve\u013ca ir izgatavota no kvalitat\u012bvas 95% kokvilnas un 5% spandeksa kombin\u0101cijas, kas nodro\u0161ina komfortu, elast\u012bbu un iztur\u012bbu. Pieejamie S-XXL izm\u0113ri ir piem\u0113roti da\u017e\u0101diem \u0137erme\u0146a tipiem. M\u012bkstais materi\u0101ls elpo, neierobe\u017eo kust\u012bbas un uztur \u0113rt\u012bbas visas dienas garum\u0101. Ide\u0101la izv\u0113le ikdienas valk\u0101\u0161anai, sportam un akt\u012bvam dz\u012bvesveidam, apvieno \u010dempiona z\u012bmola augst\u0101k\u0101s kvalit\u0101tes un m\u016bsdien\u012bgu stilu.<\/p>\n","protected":false},"excerpt":{"rendered":"<p>CHAMPION Grey v\u012brie\u0161u apak\u0161ve\u013ca ir izgatavota no kvalitat\u012bvas 95% kokvilnas un 5% spandeksa kombin\u0101cijas, kas nodro\u0161ina komfortu, elast\u012bbu un iztur\u012bbu. Pieejamie S-XXL izm\u0113ri ir piem\u0113roti da\u017e\u0101diem \u0137erme\u0146a tipiem. M\u012bkstais materi\u0101ls elpo, neierobe\u017eo kust\u012bbas un uztur \u0113rt\u012bbas visas dienas garum\u0101. Ide\u0101la izv\u0113le ikdienas valk\u0101\u0161anai, sportam un akt\u012bvam dz\u012bvesveidam, apvieno \u010dempiona z\u012bmola augst\u0101k\u0101s kvalit\u0101tes un m\u016bsdien\u012bgu stilu.<\/p>\n","protected":false},"featured_media":615408,"comment_status":"open","ping_status":"open","template":"","meta":[],"product_brand":[],"product_cat":[3251,3551],"product_tag":[],"class_list":{"0":"post-615407","1":"product","2":"type-product","3":"status-publish","4":"has-post-thumbnail","6":"product_cat-all-product","7":"product_cat-cholovicha-bilyzna","8":"pa_rozmir-s","9":"pa_rozmir-m","10":"pa_rozmir-l","11":"pa_rozmir-xl","12":"pa_rozmir-xxl","14":"first","15":"onbackorder","16":"purchasable","17":"product-type-variable"},"_links":{"self":[{"href":"https:\/\/nextsnkr.com\/lv\/wp-json\/wp\/v2\/product\/615407","targetHints":{"allow":["GET"]}}],"collection":[{"href":"https:\/\/nextsnkr.com\/lv\/wp-json\/wp\/v2\/product"}],"about":[{"href":"https:\/\/nextsnkr.com\/lv\/wp-json\/wp\/v2\/types\/product"}],"replies":[{"embeddable":true,"href":"https:\/\/nextsnkr.com\/lv\/wp-json\/wp\/v2\/comments?post=615407"}],"version-history":[{"count":0,"href":"https:\/\/nextsnkr.com\/lv\/wp-json\/wp\/v2\/product\/615407\/revisions"}],"wp:featuredmedia":[{"embeddable":true,"href":"https:\/\/nextsnkr.com\/lv\/wp-json\/wp\/v2\/media\/615408"}],"wp:attachment":[{"href":"https:\/\/nextsnkr.com\/lv\/wp-json\/wp\/v2\/media?parent=615407"}],"wp:term":[{"taxonomy":"product_brand","embeddable":true,"href":"https:\/\/nextsnkr.com\/lv\/wp-json\/wp\/v2\/product_brand?post=615407"},{"taxonomy":"product_cat","embeddable":true,"href":"https:\/\/nextsnkr.com\/lv\/wp-json\/wp\/v2\/product_cat?post=615407"},{"taxonomy":"product_tag","embeddable":true,"href":"https:\/\/nextsnkr.com\/lv\/wp-json\/wp\/v2\/product_tag?post=615407"}],"curies":[{"name":"wp","href":"https:\/\/api.w.org\/{rel}","templated":true}]}}