{"id":615224,"date":"2025-06-17T22:53:27","date_gmt":"2025-06-17T19:53:27","guid":{"rendered":"https:\/\/nextsnkr.com\/product\/zhenskoe-bele-calvin-klein-grey\/"},"modified":"2026-02-02T13:17:08","modified_gmt":"2026-02-02T10:17:08","slug":"zhenskoe-bele-calvin-klein-grey","status":"publish","type":"product","link":"https:\/\/nextsnkr.com\/lv\/product\/zhenskoe-bele-calvin-klein-grey\/","title":{"rendered":"Calvin Klein Grey apak\u0161ve\u013ca &#8211; \u0113rta kokvilna un spandekss"},"content":{"rendered":"<h2>Calvin Klein Grey apak\u0161ve\u013ca &#8211; \u0113rta kokvilna un spandekss<\/h2>\n<p>&nbsp;<\/p>\n<p>Apak\u0161ve\u013ca Calvin Klein Grey izgatavots no augstas kvalit\u0101tes kokvilnas un spandekss (95% kokvilna, 5% spandekss), kas nodro\u0161ina komfortu, elast\u012bbu un lielisku piezem\u0113\u0161anos. Modelis piem\u0113rots ikdienas valk\u0101\u0161anai, sniedz viegluma saj\u016btu un atbalstu. Elegants pel\u0113ks kr\u0101sa un zin\u0101ms z\u012bmols Calvin Klein padara ve\u013cu elegants un univers\u0101ls jebkuram garderob\u0113. Ra\u017eot\u0101js-\u0112\u0123ipte. Izv\u0113lieties Calvin Klein Grey komfortu, kvalit\u0101ti un m\u016bsdien\u012bgu dizainu.<\/p>\n","protected":false},"excerpt":{"rendered":"<p>Apak\u0161ve\u013ca Calvin Klein Grey izgatavots no augstas kvalit\u0101tes kokvilnas un spandekss (95% kokvilna, 5% spandekss), kas nodro\u0161ina komfortu, elast\u012bbu un lielisku piezem\u0113\u0161anos. Modelis piem\u0113rots ikdienas valk\u0101\u0161anai, sniedz viegluma saj\u016btu un atbalstu. Elegants pel\u0113ks kr\u0101sa un zin\u0101ms z\u012bmols Calvin Klein padara ve\u013cu elegants un univers\u0101ls jebkuram garderob\u0113. Ra\u017eot\u0101js-\u0112\u0123ipte. Izv\u0113lieties Calvin Klein Grey komfortu, kvalit\u0101ti un m\u016bsdien\u012bgu dizainu.<\/p>\n","protected":false},"featured_media":615225,"comment_status":"open","ping_status":"open","template":"","meta":[],"product_brand":[],"product_cat":[3251],"product_tag":[],"class_list":{"0":"post-615224","1":"product","2":"type-product","3":"status-publish","4":"has-post-thumbnail","6":"product_cat-all-product","7":"pa_rozmir-s","8":"pa_rozmir-m","9":"pa_rozmir-l","10":"pa_rozmir-xl","11":"pa_rozmir-xxl","13":"first","14":"onbackorder","15":"purchasable","16":"product-type-variable"},"_links":{"self":[{"href":"https:\/\/nextsnkr.com\/lv\/wp-json\/wp\/v2\/product\/615224","targetHints":{"allow":["GET"]}}],"collection":[{"href":"https:\/\/nextsnkr.com\/lv\/wp-json\/wp\/v2\/product"}],"about":[{"href":"https:\/\/nextsnkr.com\/lv\/wp-json\/wp\/v2\/types\/product"}],"replies":[{"embeddable":true,"href":"https:\/\/nextsnkr.com\/lv\/wp-json\/wp\/v2\/comments?post=615224"}],"version-history":[{"count":0,"href":"https:\/\/nextsnkr.com\/lv\/wp-json\/wp\/v2\/product\/615224\/revisions"}],"wp:featuredmedia":[{"embeddable":true,"href":"https:\/\/nextsnkr.com\/lv\/wp-json\/wp\/v2\/media\/615225"}],"wp:attachment":[{"href":"https:\/\/nextsnkr.com\/lv\/wp-json\/wp\/v2\/media?parent=615224"}],"wp:term":[{"taxonomy":"product_brand","embeddable":true,"href":"https:\/\/nextsnkr.com\/lv\/wp-json\/wp\/v2\/product_brand?post=615224"},{"taxonomy":"product_cat","embeddable":true,"href":"https:\/\/nextsnkr.com\/lv\/wp-json\/wp\/v2\/product_cat?post=615224"},{"taxonomy":"product_tag","embeddable":true,"href":"https:\/\/nextsnkr.com\/lv\/wp-json\/wp\/v2\/product_tag?post=615224"}],"curies":[{"name":"wp","href":"https:\/\/api.w.org\/{rel}","templated":true}]}}