{"id":614380,"date":"2025-06-14T15:46:02","date_gmt":"2025-06-14T12:46:02","guid":{"rendered":"https:\/\/nextsnkr.com\/product\/blcg-slippers-leopard\/"},"modified":"2026-02-02T13:16:35","modified_gmt":"2026-02-02T10:16:35","slug":"blcg-slippers-leopard","status":"publish","type":"product","link":"https:\/\/nextsnkr.com\/lv\/product\/blcg-slippers-leopard\/","title":{"rendered":"BLCG Slippers Leopard sandales-sievie\u0161u ka\u017eok\u0101das m\u0101jas \u010d\u012bbas"},"content":{"rendered":"<h2>BLCG Slippers Leopard sandales-sievie\u0161u ka\u017eok\u0101das m\u0101jas \u010d\u012bbas<\/h2>\n<p>&nbsp;<\/p>\n<p>BLCG Slippers Leopard sandales ir \u0113rtas un stil\u012bgas m\u0101jas \u010d\u012bbas, kas izgatavotas no m\u012bkstas ka\u017eok\u0101das, kas nodro\u0161ina siltumu un pat\u012bkamu saj\u016btu k\u0101j\u0101m. Spilgta leoparda apdruka pie\u0161\u0137ir modernu akcentu pat ikdienas m\u0101jas izskat\u0101. Viegl\u0101 zole garant\u0113 komfortu, ejot pa m\u0101ju, un kvalitat\u012bva ra\u017eot\u0101ja veiktsp\u0113ja no \u0136\u012bnas nodro\u0161ina iztur\u012bbu. Izv\u0113lieties Blcg Slippers Leopard, lai apvienotu m\u0101j\u012bgumu, komfortu un stil\u012bgu dizainu.<\/p>\n","protected":false},"excerpt":{"rendered":"<p>BLCG Slippers Leopard sandales ir \u0113rtas un stil\u012bgas m\u0101jas \u010d\u012bbas, kas izgatavotas no m\u012bkstas ka\u017eok\u0101das, kas nodro\u0161ina siltumu un pat\u012bkamu saj\u016btu k\u0101j\u0101m. Spilgta leoparda apdruka pie\u0161\u0137ir modernu akcentu pat ikdienas m\u0101jas izskat\u0101. Viegl\u0101 zole garant\u0113 komfortu, ejot pa m\u0101ju, un kvalitat\u012bva ra\u017eot\u0101ja veiktsp\u0113ja no \u0136\u012bnas nodro\u0161ina iztur\u012bbu. Izv\u0113lieties Blcg Slippers Leopard, lai apvienotu m\u0101j\u012bgumu, komfortu un stil\u012bgu dizainu.<\/p>\n","protected":false},"featured_media":614384,"comment_status":"open","ping_status":"open","template":"","meta":[],"product_brand":[],"product_cat":[3251,3451],"product_tag":[],"class_list":{"0":"post-614380","1":"product","2":"type-product","3":"status-publish","4":"has-post-thumbnail","6":"product_cat-all-product","7":"product_cat-sandali","8":"pa_rozmir-910","9":"pa_rozmir-912","10":"pa_rozmir-914","11":"pa_rozmir-915","12":"pa_rozmir-916","13":"pa_rozmir-917","14":"pa_rozmir-918","15":"pa_rozmir-919","16":"pa_rozmir-920","17":"pa_rozmir-921","18":"pa_rozmir-922","20":"first","21":"onbackorder","22":"purchasable","23":"product-type-variable"},"_links":{"self":[{"href":"https:\/\/nextsnkr.com\/lv\/wp-json\/wp\/v2\/product\/614380","targetHints":{"allow":["GET"]}}],"collection":[{"href":"https:\/\/nextsnkr.com\/lv\/wp-json\/wp\/v2\/product"}],"about":[{"href":"https:\/\/nextsnkr.com\/lv\/wp-json\/wp\/v2\/types\/product"}],"replies":[{"embeddable":true,"href":"https:\/\/nextsnkr.com\/lv\/wp-json\/wp\/v2\/comments?post=614380"}],"version-history":[{"count":0,"href":"https:\/\/nextsnkr.com\/lv\/wp-json\/wp\/v2\/product\/614380\/revisions"}],"wp:featuredmedia":[{"embeddable":true,"href":"https:\/\/nextsnkr.com\/lv\/wp-json\/wp\/v2\/media\/614384"}],"wp:attachment":[{"href":"https:\/\/nextsnkr.com\/lv\/wp-json\/wp\/v2\/media?parent=614380"}],"wp:term":[{"taxonomy":"product_brand","embeddable":true,"href":"https:\/\/nextsnkr.com\/lv\/wp-json\/wp\/v2\/product_brand?post=614380"},{"taxonomy":"product_cat","embeddable":true,"href":"https:\/\/nextsnkr.com\/lv\/wp-json\/wp\/v2\/product_cat?post=614380"},{"taxonomy":"product_tag","embeddable":true,"href":"https:\/\/nextsnkr.com\/lv\/wp-json\/wp\/v2\/product_tag?post=614380"}],"curies":[{"name":"wp","href":"https:\/\/api.w.org\/{rel}","templated":true}]}}