{"id":613391,"date":"2025-06-14T15:44:05","date_gmt":"2025-06-14T12:44:05","guid":{"rendered":"https:\/\/nextsnkr.com\/product\/celine-tippi-leather-slide-sandals-tan\/"},"modified":"2026-02-02T13:15:48","modified_gmt":"2026-02-02T10:15:48","slug":"celine-tippi-leather-slide-sandals-tan","status":"publish","type":"product","link":"https:\/\/nextsnkr.com\/lv\/product\/celine-tippi-leather-slide-sandals-tan\/","title":{"rendered":"\u010c\u012bbas CELINE Tippi Leather Slide Sandals Tan \u0101das sievie\u0161u"},"content":{"rendered":"<h2>\u010c\u012bbas CELINE Tippi Leather Slide Sandals Tan \u0101das sievie\u0161u<\/h2>\n<p>&nbsp;<\/p>\n<p>CELINE Tippi Leather Slide Sandals Tan \u010d\u012bbas ir eleganti un \u0113rti apavi vasaras sezonai. Izgatavoti no augstas kvalit\u0101tes \u0101das, tie nodro\u0161ina maigumu, nodilumiztur\u012bbu un pat\u012bkamu piegul\u0161anu uz k\u0101jas. Stil\u012bga Gai\u0161i br\u016bna nokr\u0101sa viegli sader ar jebkuru vasaras dr\u0113bju skapi. Ra\u017eo\u0161ana-Sp\u0101nija (re\u0101li \u0136\u012bna), kas garant\u0113 m\u016bsdien\u012bgu dizainu un uzman\u012bbu deta\u013c\u0101m. Ide\u0101la izv\u0113le pastaig\u0101m, atp\u016btai un ikdienas lieto\u0161anai silt\u0101kajos m\u0113ne\u0161os.<\/p>\n","protected":false},"excerpt":{"rendered":"<p>CELINE Tippi Leather Slide Sandals Tan \u010d\u012bbas ir eleganti un \u0113rti apavi vasaras sezonai. Izgatavoti no augstas kvalit\u0101tes \u0101das, tie nodro\u0161ina maigumu, nodilumiztur\u012bbu un pat\u012bkamu piegul\u0161anu uz k\u0101jas. Stil\u012bga Gai\u0161i br\u016bna nokr\u0101sa viegli sader ar jebkuru vasaras dr\u0113bju skapi. Ra\u017eo\u0161ana-Sp\u0101nija (re\u0101li \u0136\u012bna), kas garant\u0113 m\u016bsdien\u012bgu dizainu un uzman\u012bbu deta\u013c\u0101m. Ide\u0101la izv\u0113le pastaig\u0101m, atp\u016btai un ikdienas lieto\u0161anai silt\u0101kajos m\u0113ne\u0161os.<\/p>\n","protected":false},"featured_media":613395,"comment_status":"open","ping_status":"open","template":"","meta":[],"product_brand":[],"product_cat":[3251,3424],"product_tag":[],"class_list":{"0":"post-613391","1":"product","2":"type-product","3":"status-publish","4":"has-post-thumbnail","6":"product_cat-all-product","7":"product_cat-shlopantsi","8":"pa_rozmir-910","9":"pa_rozmir-912","10":"pa_rozmir-914","11":"pa_rozmir-915","12":"pa_rozmir-916","13":"pa_rozmir-917","14":"pa_rozmir-918","15":"pa_rozmir-919","16":"pa_rozmir-920","17":"pa_rozmir-921","18":"pa_rozmir-922","20":"first","21":"onbackorder","22":"purchasable","23":"product-type-variable"},"_links":{"self":[{"href":"https:\/\/nextsnkr.com\/lv\/wp-json\/wp\/v2\/product\/613391","targetHints":{"allow":["GET"]}}],"collection":[{"href":"https:\/\/nextsnkr.com\/lv\/wp-json\/wp\/v2\/product"}],"about":[{"href":"https:\/\/nextsnkr.com\/lv\/wp-json\/wp\/v2\/types\/product"}],"replies":[{"embeddable":true,"href":"https:\/\/nextsnkr.com\/lv\/wp-json\/wp\/v2\/comments?post=613391"}],"version-history":[{"count":0,"href":"https:\/\/nextsnkr.com\/lv\/wp-json\/wp\/v2\/product\/613391\/revisions"}],"wp:featuredmedia":[{"embeddable":true,"href":"https:\/\/nextsnkr.com\/lv\/wp-json\/wp\/v2\/media\/613395"}],"wp:attachment":[{"href":"https:\/\/nextsnkr.com\/lv\/wp-json\/wp\/v2\/media?parent=613391"}],"wp:term":[{"taxonomy":"product_brand","embeddable":true,"href":"https:\/\/nextsnkr.com\/lv\/wp-json\/wp\/v2\/product_brand?post=613391"},{"taxonomy":"product_cat","embeddable":true,"href":"https:\/\/nextsnkr.com\/lv\/wp-json\/wp\/v2\/product_cat?post=613391"},{"taxonomy":"product_tag","embeddable":true,"href":"https:\/\/nextsnkr.com\/lv\/wp-json\/wp\/v2\/product_tag?post=613391"}],"curies":[{"name":"wp","href":"https:\/\/api.w.org\/{rel}","templated":true}]}}