{"id":609404,"date":"2025-06-17T21:42:38","date_gmt":"2025-06-17T18:42:38","guid":{"rendered":"https:\/\/nextsnkr.com\/product\/nike-vomero-5-white\/"},"modified":"2026-02-02T13:13:26","modified_gmt":"2026-02-02T10:13:26","slug":"nike-vomero-5-white","status":"publish","type":"product","link":"https:\/\/nextsnkr.com\/lv\/product\/nike-vomero-5-white\/","title":{"rendered":"Nike Vomero 5 White \u010d\u012bbas-\u0101da un tekstils skrie\u0161anai un ikdienai"},"content":{"rendered":"<h2>Nike Vomero 5 White \u010d\u012bbas-\u0101da un tekstils skrie\u0161anai un ikdienai<\/h2>\n<p>&nbsp;<\/p>\n<p>Nike Vomero 5 White \u010d\u012bbas ir paredz\u0113tas komfortam un veiktsp\u0113jai. Augstas kvalit\u0101tes tekstilizstr\u0101d\u0101jumu un \u0101das kombin\u0101cija nodro\u0161ina elpojam\u012bbu, vieglumu un uzticamu p\u0113du atbalstu skrie\u0161anas vai ikdienas valk\u0101\u0161anas laik\u0101. Nike z\u012bmola modelis apvieno modernu dizainu un iztur\u012bbu, kas garant\u0113 iztur\u012bbu un stilu klasisk\u0101 balt\u0101 kr\u0101s\u0101. Ide\u0101la izv\u0113le akt\u012bvam dz\u012bvesveidam un sportam katru dienu.<\/p>\n","protected":false},"excerpt":{"rendered":"<p>Nike Vomero 5 White \u010d\u012bbas ir paredz\u0113tas komfortam un veiktsp\u0113jai. Augstas kvalit\u0101tes tekstilizstr\u0101d\u0101jumu un \u0101das kombin\u0101cija nodro\u0161ina elpojam\u012bbu, vieglumu un uzticamu p\u0113du atbalstu skrie\u0161anas vai ikdienas valk\u0101\u0161anas laik\u0101. Nike z\u012bmola modelis apvieno modernu dizainu un iztur\u012bbu, kas garant\u0113 iztur\u012bbu un stilu klasisk\u0101 balt\u0101 kr\u0101s\u0101. Ide\u0101la izv\u0113le akt\u012bvam dz\u012bvesveidam un sportam katru dienu.<\/p>\n","protected":false},"featured_media":609405,"comment_status":"open","ping_status":"open","template":"","meta":[],"product_brand":[],"product_cat":[3251,3252],"product_tag":[],"class_list":{"0":"post-609404","1":"product","2":"type-product","3":"status-publish","4":"has-post-thumbnail","6":"product_cat-all-product","7":"product_cat-krosivky","8":"pa_rozmir-910","9":"pa_rozmir-912","10":"pa_rozmir-914","11":"pa_rozmir-915","12":"pa_rozmir-916","13":"pa_rozmir-917","14":"pa_rozmir-918","15":"pa_rozmir-919","16":"pa_rozmir-920","17":"pa_rozmir-921","18":"pa_rozmir-922","20":"first","21":"instock","22":"purchasable","23":"product-type-variable"},"_links":{"self":[{"href":"https:\/\/nextsnkr.com\/lv\/wp-json\/wp\/v2\/product\/609404","targetHints":{"allow":["GET"]}}],"collection":[{"href":"https:\/\/nextsnkr.com\/lv\/wp-json\/wp\/v2\/product"}],"about":[{"href":"https:\/\/nextsnkr.com\/lv\/wp-json\/wp\/v2\/types\/product"}],"replies":[{"embeddable":true,"href":"https:\/\/nextsnkr.com\/lv\/wp-json\/wp\/v2\/comments?post=609404"}],"version-history":[{"count":0,"href":"https:\/\/nextsnkr.com\/lv\/wp-json\/wp\/v2\/product\/609404\/revisions"}],"wp:featuredmedia":[{"embeddable":true,"href":"https:\/\/nextsnkr.com\/lv\/wp-json\/wp\/v2\/media\/609405"}],"wp:attachment":[{"href":"https:\/\/nextsnkr.com\/lv\/wp-json\/wp\/v2\/media?parent=609404"}],"wp:term":[{"taxonomy":"product_brand","embeddable":true,"href":"https:\/\/nextsnkr.com\/lv\/wp-json\/wp\/v2\/product_brand?post=609404"},{"taxonomy":"product_cat","embeddable":true,"href":"https:\/\/nextsnkr.com\/lv\/wp-json\/wp\/v2\/product_cat?post=609404"},{"taxonomy":"product_tag","embeddable":true,"href":"https:\/\/nextsnkr.com\/lv\/wp-json\/wp\/v2\/product_tag?post=609404"}],"curies":[{"name":"wp","href":"https:\/\/api.w.org\/{rel}","templated":true}]}}