{"id":608877,"date":"2025-06-13T12:28:13","date_gmt":"2025-06-13T09:28:13","guid":{"rendered":"https:\/\/nextsnkr.com\/product\/yeezy-boost-700-v1-wave-runner-pink-kaws\/"},"modified":"2026-02-02T13:13:12","modified_gmt":"2026-02-02T10:13:12","slug":"yeezy-boost-700-v1-wave-runner-pink-kaws","status":"publish","type":"product","link":"https:\/\/nextsnkr.com\/lv\/product\/yeezy-boost-700-v1-wave-runner-pink-kaws\/","title":{"rendered":"Yeezy Boost 700 V1 Wave Runner Pink Kaws \u010d\u012bbas-stils un komforts"},"content":{"rendered":"<h2>Yeezy Boost 700 V1 Wave Runner Pink Kaws \u010d\u012bbas-stils un komforts<\/h2>\n<p>&nbsp;<\/p>\n<p>Yeezy Boost 700 V1 Wave Runner Pink KAWS kedas apvieno atpaz\u012bstamu dizainu, m\u016bsdien\u012bgus materi\u0101lus un lielisku amortiz\u0101ciju. Zam\u0161\u0101das un elpojo\u0161u tekstilizstr\u0101d\u0101jumu kombin\u0101cija nodro\u0161ina komfortu un nodilumiztur\u012bbu, un spilgti akcenti pie\u0161\u0137ir unik\u0101lu stilu. Modelis ir izveidots akt\u012bvai pils\u0113tas lieto\u0161anai, dod maigu soli un izskat\u0101s iespaid\u012bgs jebkur\u0101 att\u0113l\u0101. \u0160\u012bs \u010d\u012bbas, kas ra\u017eotas \u0136\u012bn\u0101, b\u016bs popul\u0101ra izv\u0113le ori\u0123in\u0101lo apavu cien\u012bt\u0101jiem.<\/p>\n","protected":false},"excerpt":{"rendered":"<p>Yeezy Boost 700 V1 Wave Runner Pink KAWS kedas apvieno atpaz\u012bstamu dizainu, m\u016bsdien\u012bgus materi\u0101lus un lielisku amortiz\u0101ciju. Zam\u0161\u0101das un elpojo\u0161u tekstilizstr\u0101d\u0101jumu kombin\u0101cija nodro\u0161ina komfortu un nodilumiztur\u012bbu, un spilgti akcenti pie\u0161\u0137ir unik\u0101lu stilu. Modelis ir izveidots akt\u012bvai pils\u0113tas lieto\u0161anai, dod maigu soli un izskat\u0101s iespaid\u012bgs jebkur\u0101 att\u0113l\u0101. \u0160\u012bs \u010d\u012bbas, kas ra\u017eotas \u0136\u012bn\u0101, b\u016bs popul\u0101ra izv\u0113le ori\u0123in\u0101lo apavu cien\u012bt\u0101jiem.<\/p>\n","protected":false},"featured_media":608878,"comment_status":"open","ping_status":"open","template":"","meta":[],"product_brand":[],"product_cat":[3400,3251,3252],"product_tag":[],"class_list":{"0":"post-608877","1":"product","2":"type-product","3":"status-publish","4":"has-post-thumbnail","6":"product_cat-adidas-yeezy","7":"product_cat-all-product","8":"product_cat-krosivky","9":"pa_rozmir-910","10":"pa_rozmir-912","11":"pa_rozmir-914","12":"pa_rozmir-915","13":"pa_rozmir-916","14":"pa_rozmir-917","15":"pa_rozmir-918","16":"pa_rozmir-919","17":"pa_rozmir-920","18":"pa_rozmir-921","19":"pa_rozmir-922","21":"first","22":"instock","23":"purchasable","24":"product-type-variable"},"_links":{"self":[{"href":"https:\/\/nextsnkr.com\/lv\/wp-json\/wp\/v2\/product\/608877","targetHints":{"allow":["GET"]}}],"collection":[{"href":"https:\/\/nextsnkr.com\/lv\/wp-json\/wp\/v2\/product"}],"about":[{"href":"https:\/\/nextsnkr.com\/lv\/wp-json\/wp\/v2\/types\/product"}],"replies":[{"embeddable":true,"href":"https:\/\/nextsnkr.com\/lv\/wp-json\/wp\/v2\/comments?post=608877"}],"version-history":[{"count":0,"href":"https:\/\/nextsnkr.com\/lv\/wp-json\/wp\/v2\/product\/608877\/revisions"}],"wp:featuredmedia":[{"embeddable":true,"href":"https:\/\/nextsnkr.com\/lv\/wp-json\/wp\/v2\/media\/608878"}],"wp:attachment":[{"href":"https:\/\/nextsnkr.com\/lv\/wp-json\/wp\/v2\/media?parent=608877"}],"wp:term":[{"taxonomy":"product_brand","embeddable":true,"href":"https:\/\/nextsnkr.com\/lv\/wp-json\/wp\/v2\/product_brand?post=608877"},{"taxonomy":"product_cat","embeddable":true,"href":"https:\/\/nextsnkr.com\/lv\/wp-json\/wp\/v2\/product_cat?post=608877"},{"taxonomy":"product_tag","embeddable":true,"href":"https:\/\/nextsnkr.com\/lv\/wp-json\/wp\/v2\/product_tag?post=608877"}],"curies":[{"name":"wp","href":"https:\/\/api.w.org\/{rel}","templated":true}]}}