{"id":608268,"date":"2025-06-13T12:49:54","date_gmt":"2025-06-13T09:49:54","guid":{"rendered":"https:\/\/nextsnkr.com\/product\/ugg-mini-black-leather-no-logo\/"},"modified":"2026-02-02T13:12:55","modified_gmt":"2026-02-02T10:12:55","slug":"ugg-mini-black-leather-no-logo","status":"publish","type":"product","link":"https:\/\/nextsnkr.com\/lv\/product\/ugg-mini-black-leather-no-logo\/","title":{"rendered":"UGG UGG Mini melna \u0101da bez logotipa Sievie\u0161u melna \u0101da"},"content":{"rendered":"<h2>UGG UGG Mini melna \u0101da bez logotipa Sievie\u0161u melna \u0101da<\/h2>\n<p>&nbsp;<\/p>\n<p>UGG Mini Black Leather No Logo ir stil\u012bgi ziemas z\u0101baki bez logotipiem tiem, kas nov\u0113rt\u0113 minim\u0101lismu un kvalit\u0101ti. Izgatavoti no \u012bstas \u0101das un izol\u0113ti ar m\u012bkstu vilnu, tie nodro\u0161ina siltumu, komfortu un aizsardz\u012bbu aukst\u0101 laik\u0101. Klasisk\u0101 meln\u0101 kr\u0101sa ir viegli savienojama ar jebkuru izskatu. \u0160ie uggs, kas ra\u017eoti \u0136\u012bn\u0101, ir iztur\u012bgi un \u0113rti ikdienas lieto\u0161anai pils\u0113t\u0101. Ide\u0101la izv\u0113le ziemai.<\/p>\n","protected":false},"excerpt":{"rendered":"<p>UGG Mini Black Leather No Logo ir stil\u012bgi ziemas z\u0101baki bez logotipiem tiem, kas nov\u0113rt\u0113 minim\u0101lismu un kvalit\u0101ti. Izgatavoti no \u012bstas \u0101das un izol\u0113ti ar m\u012bkstu vilnu, tie nodro\u0161ina siltumu, komfortu un aizsardz\u012bbu aukst\u0101 laik\u0101. Klasisk\u0101 meln\u0101 kr\u0101sa ir viegli savienojama ar jebkuru izskatu. \u0160ie uggs, kas ra\u017eoti \u0136\u012bn\u0101, ir iztur\u012bgi un \u0113rti ikdienas lieto\u0161anai pils\u0113t\u0101. Ide\u0101la izv\u0113le ziemai.<\/p>\n","protected":false},"featured_media":608272,"comment_status":"open","ping_status":"open","template":"","meta":[],"product_brand":[],"product_cat":[3411,3251],"product_tag":[],"class_list":{"0":"post-608268","1":"product","2":"type-product","3":"status-publish","4":"has-post-thumbnail","6":"product_cat-ugg","7":"product_cat-all-product","8":"pa_rozmir-910","9":"pa_rozmir-912","10":"pa_rozmir-914","11":"pa_rozmir-915","12":"pa_rozmir-916","13":"pa_rozmir-917","14":"pa_rozmir-918","15":"pa_rozmir-919","16":"pa_rozmir-920","17":"pa_rozmir-921","18":"pa_rozmir-922","20":"first","21":"instock","22":"purchasable","23":"product-type-variable"},"_links":{"self":[{"href":"https:\/\/nextsnkr.com\/lv\/wp-json\/wp\/v2\/product\/608268","targetHints":{"allow":["GET"]}}],"collection":[{"href":"https:\/\/nextsnkr.com\/lv\/wp-json\/wp\/v2\/product"}],"about":[{"href":"https:\/\/nextsnkr.com\/lv\/wp-json\/wp\/v2\/types\/product"}],"replies":[{"embeddable":true,"href":"https:\/\/nextsnkr.com\/lv\/wp-json\/wp\/v2\/comments?post=608268"}],"version-history":[{"count":0,"href":"https:\/\/nextsnkr.com\/lv\/wp-json\/wp\/v2\/product\/608268\/revisions"}],"wp:featuredmedia":[{"embeddable":true,"href":"https:\/\/nextsnkr.com\/lv\/wp-json\/wp\/v2\/media\/608272"}],"wp:attachment":[{"href":"https:\/\/nextsnkr.com\/lv\/wp-json\/wp\/v2\/media?parent=608268"}],"wp:term":[{"taxonomy":"product_brand","embeddable":true,"href":"https:\/\/nextsnkr.com\/lv\/wp-json\/wp\/v2\/product_brand?post=608268"},{"taxonomy":"product_cat","embeddable":true,"href":"https:\/\/nextsnkr.com\/lv\/wp-json\/wp\/v2\/product_cat?post=608268"},{"taxonomy":"product_tag","embeddable":true,"href":"https:\/\/nextsnkr.com\/lv\/wp-json\/wp\/v2\/product_tag?post=608268"}],"curies":[{"name":"wp","href":"https:\/\/api.w.org\/{rel}","templated":true}]}}