{"id":608056,"date":"2025-06-14T21:29:14","date_gmt":"2025-06-14T18:29:14","guid":{"rendered":"https:\/\/nextsnkr.com\/product\/ugg-classic-short-beige-rasprodazha\/"},"modified":"2026-02-02T13:12:49","modified_gmt":"2026-02-02T10:12:49","slug":"ugg-classic-short-beige-rasprodazha","status":"publish","type":"product","link":"https:\/\/nextsnkr.com\/lv\/product\/ugg-classic-short-beige-rasprodazha\/","title":{"rendered":"UGG Classic Short Beige-zam\u0161\u0101das sievie\u0161u uggs ar ka\u017eok\u0101du"},"content":{"rendered":"<h2>UGG Classic Short Beige-zam\u0161\u0101das sievie\u0161u uggs ar ka\u017eok\u0101du<\/h2>\n<p>&nbsp;<\/p>\n<p>UGG Classic Short Beige ir izgatavots no m\u012bkstas zam\u0161\u0101das un izol\u0113ts ar m\u0101ksl\u012bgo ka\u017eok\u0101du, kas nodro\u0161ina siltumu un komfortu aukst\u0101 laik\u0101. Klasiskais \u012bsais siluets viegli sapl\u016bst ar jebkuru dr\u0113bju skapi, pievienojot eleganci un stilu. Iztur\u012bg\u0101 zole garant\u0113 dro\u0161u amortiz\u0101ciju un \u0113rtu staig\u0101\u0161anu, un slavenais UGG z\u012bmols apstiprina produkta augsto kvalit\u0101ti. Ide\u0101la izv\u0113le ikdienas valk\u0101\u0161anai ziem\u0101 un akt\u012bvai pils\u0113tas dz\u012bvei.<\/p>\n","protected":false},"excerpt":{"rendered":"<p>UGG Classic Short Beige ir izgatavots no m\u012bkstas zam\u0161\u0101das un izol\u0113ts ar m\u0101ksl\u012bgo ka\u017eok\u0101du, kas nodro\u0161ina siltumu un komfortu aukst\u0101 laik\u0101. Klasiskais \u012bsais siluets viegli sapl\u016bst ar jebkuru dr\u0113bju skapi, pievienojot eleganci un stilu. Iztur\u012bg\u0101 zole garant\u0113 dro\u0161u amortiz\u0101ciju un \u0113rtu staig\u0101\u0161anu, un slavenais UGG z\u012bmols apstiprina produkta augsto kvalit\u0101ti. Ide\u0101la izv\u0113le ikdienas valk\u0101\u0161anai ziem\u0101 un akt\u012bvai pils\u0113tas dz\u012bvei.<\/p>\n","protected":false},"featured_media":608057,"comment_status":"open","ping_status":"open","template":"","meta":[],"product_brand":[],"product_cat":[3411,3251],"product_tag":[],"class_list":{"0":"post-608056","1":"product","2":"type-product","3":"status-publish","4":"has-post-thumbnail","6":"product_cat-ugg","7":"product_cat-all-product","8":"pa_rozmir-923","9":"pa_rozmir-910","10":"pa_rozmir-912","11":"pa_rozmir-914","12":"pa_rozmir-915","13":"pa_rozmir-916","14":"pa_rozmir-917","15":"pa_rozmir-918","16":"pa_rozmir-919","17":"pa_rozmir-920","18":"pa_rozmir-921","20":"first","21":"onbackorder","22":"purchasable","23":"product-type-variable"},"_links":{"self":[{"href":"https:\/\/nextsnkr.com\/lv\/wp-json\/wp\/v2\/product\/608056","targetHints":{"allow":["GET"]}}],"collection":[{"href":"https:\/\/nextsnkr.com\/lv\/wp-json\/wp\/v2\/product"}],"about":[{"href":"https:\/\/nextsnkr.com\/lv\/wp-json\/wp\/v2\/types\/product"}],"replies":[{"embeddable":true,"href":"https:\/\/nextsnkr.com\/lv\/wp-json\/wp\/v2\/comments?post=608056"}],"version-history":[{"count":0,"href":"https:\/\/nextsnkr.com\/lv\/wp-json\/wp\/v2\/product\/608056\/revisions"}],"wp:featuredmedia":[{"embeddable":true,"href":"https:\/\/nextsnkr.com\/lv\/wp-json\/wp\/v2\/media\/608057"}],"wp:attachment":[{"href":"https:\/\/nextsnkr.com\/lv\/wp-json\/wp\/v2\/media?parent=608056"}],"wp:term":[{"taxonomy":"product_brand","embeddable":true,"href":"https:\/\/nextsnkr.com\/lv\/wp-json\/wp\/v2\/product_brand?post=608056"},{"taxonomy":"product_cat","embeddable":true,"href":"https:\/\/nextsnkr.com\/lv\/wp-json\/wp\/v2\/product_cat?post=608056"},{"taxonomy":"product_tag","embeddable":true,"href":"https:\/\/nextsnkr.com\/lv\/wp-json\/wp\/v2\/product_tag?post=608056"}],"curies":[{"name":"wp","href":"https:\/\/api.w.org\/{rel}","templated":true}]}}