{"id":607900,"date":"2025-06-13T11:02:03","date_gmt":"2025-06-13T08:02:03","guid":{"rendered":"https:\/\/nextsnkr.com\/product\/yeezy-boost-350-v2-mono-black\/"},"modified":"2026-02-02T13:12:44","modified_gmt":"2026-02-02T10:12:44","slug":"yeezy-boost-350-v2-mono-black","status":"publish","type":"product","link":"https:\/\/nextsnkr.com\/lv\/product\/yeezy-boost-350-v2-mono-black\/","title":{"rendered":"Yeezy Boost 350 V2 mono Black \u010d\u012bbas &#8211; stil\u012bgas tekstila \u010d\u012bbas"},"content":{"rendered":"<h2>Yeezy Boost 350 V2 mono Black \u010d\u012bbas &#8211; stil\u012bgas tekstila \u010d\u012bbas<\/h2>\n<p>&nbsp;<\/p>\n<p>Yeezy Boost 350 V2 Mono Black \u010d\u012bbas ir izgatavotas no augstas kvalit\u0101tes tekstilizstr\u0101d\u0101jumiem, kas nodro\u0161ina p\u0113das vieglumu, komfortu un ventil\u0101ciju. Slaven\u0101 z\u012bmola Yeezy modelim ir m\u016bsdien\u012bgs vienkr\u0101sains dizains un unik\u0101la boost zole, kas nodro\u0161ina triecienu absorbciju un \u0113rt\u012bbas ilgsto\u0161as valk\u0101\u0161anas laik\u0101. Ra\u017eo\u0161ana Vjetnam\u0101 garant\u0113 uzticam\u012bbu un iztur\u012bbu. Ide\u0101la izv\u0113le tiem, kas nov\u0113rt\u0113 stilu, z\u012bmolu un komfortu ikdienas lieto\u0161an\u0101.<\/p>\n","protected":false},"excerpt":{"rendered":"<p>Yeezy Boost 350 V2 Mono Black \u010d\u012bbas ir izgatavotas no augstas kvalit\u0101tes tekstilizstr\u0101d\u0101jumiem, kas nodro\u0161ina p\u0113das vieglumu, komfortu un ventil\u0101ciju. Slaven\u0101 z\u012bmola Yeezy modelim ir m\u016bsdien\u012bgs vienkr\u0101sains dizains un unik\u0101la boost zole, kas nodro\u0161ina triecienu absorbciju un \u0113rt\u012bbas ilgsto\u0161as valk\u0101\u0161anas laik\u0101. Ra\u017eo\u0161ana Vjetnam\u0101 garant\u0113 uzticam\u012bbu un iztur\u012bbu. Ide\u0101la izv\u0113le tiem, kas nov\u0113rt\u0113 stilu, z\u012bmolu un komfortu ikdienas lieto\u0161an\u0101.<\/p>\n","protected":false},"featured_media":607901,"comment_status":"open","ping_status":"open","template":"","meta":[],"product_brand":[],"product_cat":[3400,3251,3252],"product_tag":[],"class_list":{"0":"post-607900","1":"product","2":"type-product","3":"status-publish","4":"has-post-thumbnail","6":"product_cat-adidas-yeezy","7":"product_cat-all-product","8":"product_cat-krosivky","9":"pa_rozmir-910","10":"pa_rozmir-912","11":"pa_rozmir-914","12":"pa_rozmir-915","13":"pa_rozmir-916","14":"pa_rozmir-917","15":"pa_rozmir-918","16":"pa_rozmir-919","17":"pa_rozmir-920","18":"pa_rozmir-921","19":"pa_rozmir-922","21":"first","22":"instock","23":"purchasable","24":"product-type-variable"},"_links":{"self":[{"href":"https:\/\/nextsnkr.com\/lv\/wp-json\/wp\/v2\/product\/607900","targetHints":{"allow":["GET"]}}],"collection":[{"href":"https:\/\/nextsnkr.com\/lv\/wp-json\/wp\/v2\/product"}],"about":[{"href":"https:\/\/nextsnkr.com\/lv\/wp-json\/wp\/v2\/types\/product"}],"replies":[{"embeddable":true,"href":"https:\/\/nextsnkr.com\/lv\/wp-json\/wp\/v2\/comments?post=607900"}],"version-history":[{"count":0,"href":"https:\/\/nextsnkr.com\/lv\/wp-json\/wp\/v2\/product\/607900\/revisions"}],"wp:featuredmedia":[{"embeddable":true,"href":"https:\/\/nextsnkr.com\/lv\/wp-json\/wp\/v2\/media\/607901"}],"wp:attachment":[{"href":"https:\/\/nextsnkr.com\/lv\/wp-json\/wp\/v2\/media?parent=607900"}],"wp:term":[{"taxonomy":"product_brand","embeddable":true,"href":"https:\/\/nextsnkr.com\/lv\/wp-json\/wp\/v2\/product_brand?post=607900"},{"taxonomy":"product_cat","embeddable":true,"href":"https:\/\/nextsnkr.com\/lv\/wp-json\/wp\/v2\/product_cat?post=607900"},{"taxonomy":"product_tag","embeddable":true,"href":"https:\/\/nextsnkr.com\/lv\/wp-json\/wp\/v2\/product_tag?post=607900"}],"curies":[{"name":"wp","href":"https:\/\/api.w.org\/{rel}","templated":true}]}}