{"id":606684,"date":"2025-06-14T20:32:37","date_gmt":"2025-06-14T17:32:37","guid":{"rendered":"https:\/\/nextsnkr.com\/product\/air-jordan-retro-high-black-white-fur\/"},"modified":"2026-02-02T13:12:01","modified_gmt":"2026-02-02T10:12:01","slug":"air-jordan-retro-high-black-white-fur","status":"publish","type":"product","link":"https:\/\/nextsnkr.com\/lv\/product\/air-jordan-retro-high-black-white-fur\/","title":{"rendered":"Air Jordan retro High Black \/ White Fur \u010d\u012bbas-\u0101das v\u012brie\u0161u Kross"},"content":{"rendered":"<h2>Air Jordan retro High Black \/ White Fur \u010d\u012bbas-\u0101das v\u012brie\u0161u Kross<\/h2>\n<p>&nbsp;<\/p>\n<p>Air Jordan retro High Black \/ White Fur \u010d\u012bbas ir stil\u012bgas augstas kvalit\u0101tes v\u012brie\u0161u \u010d\u012bbas, kas izgatavotas no \u012bstas \u0101das un m\u0101ksl\u012bg\u0101s ka\u017eok\u0101das kombin\u0101cijas siltumam un komfortam. Melnbaltais dizains izce\u013c m\u016bsdienu sportisko stilu, un iztur\u012bg\u0101 zole nodro\u0161ina triecienu absorbciju un stabilit\u0101ti uz da\u017e\u0101d\u0101m virsm\u0101m. Viegls un \u0113rts dizains padara modeli ide\u0101li piem\u0113rotu ikdienas valk\u0101\u0161anai, \u0101ra aktivit\u0101t\u0113m un sportam, apvienojot Air Jordan z\u012bmolu, iztur\u012bbu un stilu katr\u0101 sol\u012b.<\/p>\n","protected":false},"excerpt":{"rendered":"<p>Air Jordan retro High Black \/ White Fur \u010d\u012bbas ir stil\u012bgas augstas kvalit\u0101tes v\u012brie\u0161u \u010d\u012bbas, kas izgatavotas no \u012bstas \u0101das un m\u0101ksl\u012bg\u0101s ka\u017eok\u0101das kombin\u0101cijas siltumam un komfortam. Melnbaltais dizains izce\u013c m\u016bsdienu sportisko stilu, un iztur\u012bg\u0101 zole nodro\u0161ina triecienu absorbciju un stabilit\u0101ti uz da\u017e\u0101d\u0101m virsm\u0101m. Viegls un \u0113rts dizains padara modeli ide\u0101li piem\u0113rotu ikdienas valk\u0101\u0161anai, \u0101ra aktivit\u0101t\u0113m un sportam, apvienojot Air Jordan z\u012bmolu, iztur\u012bbu un stilu katr\u0101 sol\u012b.<\/p>\n","protected":false},"featured_media":606685,"comment_status":"open","ping_status":"open","template":"","meta":[],"product_brand":[],"product_cat":[3387,3251,3322],"product_tag":[],"class_list":{"0":"post-606684","1":"product","2":"type-product","3":"status-publish","4":"has-post-thumbnail","6":"product_cat-nike-jordan","7":"product_cat-all-product","8":"product_cat-kedy","9":"pa_rozmir-910","10":"pa_rozmir-912","11":"pa_rozmir-914","12":"pa_rozmir-915","13":"pa_rozmir-916","14":"pa_rozmir-917","15":"pa_rozmir-918","16":"pa_rozmir-919","17":"pa_rozmir-920","18":"pa_rozmir-921","19":"pa_rozmir-922","21":"first","22":"onbackorder","23":"purchasable","24":"product-type-variable"},"_links":{"self":[{"href":"https:\/\/nextsnkr.com\/lv\/wp-json\/wp\/v2\/product\/606684","targetHints":{"allow":["GET"]}}],"collection":[{"href":"https:\/\/nextsnkr.com\/lv\/wp-json\/wp\/v2\/product"}],"about":[{"href":"https:\/\/nextsnkr.com\/lv\/wp-json\/wp\/v2\/types\/product"}],"replies":[{"embeddable":true,"href":"https:\/\/nextsnkr.com\/lv\/wp-json\/wp\/v2\/comments?post=606684"}],"version-history":[{"count":0,"href":"https:\/\/nextsnkr.com\/lv\/wp-json\/wp\/v2\/product\/606684\/revisions"}],"wp:featuredmedia":[{"embeddable":true,"href":"https:\/\/nextsnkr.com\/lv\/wp-json\/wp\/v2\/media\/606685"}],"wp:attachment":[{"href":"https:\/\/nextsnkr.com\/lv\/wp-json\/wp\/v2\/media?parent=606684"}],"wp:term":[{"taxonomy":"product_brand","embeddable":true,"href":"https:\/\/nextsnkr.com\/lv\/wp-json\/wp\/v2\/product_brand?post=606684"},{"taxonomy":"product_cat","embeddable":true,"href":"https:\/\/nextsnkr.com\/lv\/wp-json\/wp\/v2\/product_cat?post=606684"},{"taxonomy":"product_tag","embeddable":true,"href":"https:\/\/nextsnkr.com\/lv\/wp-json\/wp\/v2\/product_tag?post=606684"}],"curies":[{"name":"wp","href":"https:\/\/api.w.org\/{rel}","templated":true}]}}