{"id":604098,"date":"2025-06-13T09:18:07","date_gmt":"2025-06-13T06:18:07","guid":{"rendered":"https:\/\/nextsnkr.com\/product\/adidas-nitebal-white-gum\/"},"modified":"2026-02-02T13:10:34","modified_gmt":"2026-02-02T10:10:34","slug":"adidas-nitebal-white-gum","status":"publish","type":"product","link":"https:\/\/nextsnkr.com\/lv\/product\/adidas-nitebal-white-gum\/","title":{"rendered":"Adidas nitebal White Gum \u0101das \u010d\u012bbas ikdienas valk\u0101\u0161anai"},"content":{"rendered":"<h2>Adidas nitebal White Gum \u0101das \u010d\u012bbas ikdienas valk\u0101\u0161anai<\/h2>\n<p>&nbsp;<\/p>\n<p>Adidas Nitebal White Gum \u010d\u012bbas ir izgatavotas no augstas kvalit\u0101tes \u0101das, lai nodro\u0161in\u0101tu komfortu un iztur\u012bbu. Adidas z\u012bmols garant\u0113 stil\u012bgu dizainu un uzticam\u012bbu. Gai\u0161i balta kr\u0101sa ar gumijas zoli pie\u0161\u0137ir m\u016bsdien\u012bgu izskatu un ir piem\u0113rota ikdienas lieto\u0161anai. \u0160\u012bs \u010d\u012bbas, kas ir ide\u0101li piem\u0113rotas akt\u012bvam dz\u012bvesveidam, apvieno stilu, komfortu un praktiskumu, uzsverot katra so\u013ca person\u012bbu.<\/p>\n","protected":false},"excerpt":{"rendered":"<p>Adidas Nitebal White Gum \u010d\u012bbas ir izgatavotas no augstas kvalit\u0101tes \u0101das, lai nodro\u0161in\u0101tu komfortu un iztur\u012bbu. Adidas z\u012bmols garant\u0113 stil\u012bgu dizainu un uzticam\u012bbu. Gai\u0161i balta kr\u0101sa ar gumijas zoli pie\u0161\u0137ir m\u016bsdien\u012bgu izskatu un ir piem\u0113rota ikdienas lieto\u0161anai. \u0160\u012bs \u010d\u012bbas, kas ir ide\u0101li piem\u0113rotas akt\u012bvam dz\u012bvesveidam, apvieno stilu, komfortu un praktiskumu, uzsverot katra so\u013ca person\u012bbu.<\/p>\n","protected":false},"featured_media":604104,"comment_status":"open","ping_status":"open","template":"","meta":[],"product_brand":[],"product_cat":[3251,3252],"product_tag":[],"class_list":{"0":"post-604098","1":"product","2":"type-product","3":"status-publish","4":"has-post-thumbnail","6":"product_cat-all-product","7":"product_cat-krosivky","8":"pa_rozmir-910","9":"pa_rozmir-912","10":"pa_rozmir-914","11":"pa_rozmir-915","12":"pa_rozmir-916","13":"pa_rozmir-917","14":"pa_rozmir-918","15":"pa_rozmir-919","16":"pa_rozmir-920","17":"pa_rozmir-921","18":"pa_rozmir-922","20":"first","21":"instock","22":"purchasable","23":"product-type-variable"},"_links":{"self":[{"href":"https:\/\/nextsnkr.com\/lv\/wp-json\/wp\/v2\/product\/604098","targetHints":{"allow":["GET"]}}],"collection":[{"href":"https:\/\/nextsnkr.com\/lv\/wp-json\/wp\/v2\/product"}],"about":[{"href":"https:\/\/nextsnkr.com\/lv\/wp-json\/wp\/v2\/types\/product"}],"replies":[{"embeddable":true,"href":"https:\/\/nextsnkr.com\/lv\/wp-json\/wp\/v2\/comments?post=604098"}],"version-history":[{"count":0,"href":"https:\/\/nextsnkr.com\/lv\/wp-json\/wp\/v2\/product\/604098\/revisions"}],"wp:featuredmedia":[{"embeddable":true,"href":"https:\/\/nextsnkr.com\/lv\/wp-json\/wp\/v2\/media\/604104"}],"wp:attachment":[{"href":"https:\/\/nextsnkr.com\/lv\/wp-json\/wp\/v2\/media?parent=604098"}],"wp:term":[{"taxonomy":"product_brand","embeddable":true,"href":"https:\/\/nextsnkr.com\/lv\/wp-json\/wp\/v2\/product_brand?post=604098"},{"taxonomy":"product_cat","embeddable":true,"href":"https:\/\/nextsnkr.com\/lv\/wp-json\/wp\/v2\/product_cat?post=604098"},{"taxonomy":"product_tag","embeddable":true,"href":"https:\/\/nextsnkr.com\/lv\/wp-json\/wp\/v2\/product_tag?post=604098"}],"curies":[{"name":"wp","href":"https:\/\/api.w.org\/{rel}","templated":true}]}}