{"id":604036,"date":"2025-06-14T15:50:43","date_gmt":"2025-06-14T12:50:43","guid":{"rendered":"https:\/\/nextsnkr.com\/product\/hermes-chyrpe-brown-stars\/"},"modified":"2026-02-02T13:10:29","modified_gmt":"2026-02-02T10:10:29","slug":"hermes-chyrpe-brown-stars","status":"publish","type":"product","link":"https:\/\/nextsnkr.com\/lv\/product\/hermes-chyrpe-brown-stars\/","title":{"rendered":"\u0100das \u010d\u012bbas Hermes Chyrpe Brown Stars"},"content":{"rendered":"<h2>\u0100das \u010d\u012bbas Hermes Chyrpe Brown Stars<\/h2>\n<p>&nbsp;<\/p>\n<p>Stil\u012bg\u0101s Hermes Chyrpe Brown Stars \u010d\u012bbas ir izgatavotas no augstas kvalit\u0101tes \u0101das, kas nodro\u0161ina komfortu un iztur\u012bbu. Elegants br\u016bns dizains ar dekorat\u012bv\u0101m zvaigzn\u0113m izce\u013c Hermes z\u012bmola augst\u0101k\u0101s klases stilu. \u0112rts dizains padara tos ide\u0101li piem\u0113rotus ikdienas valk\u0101\u0161anai m\u0101j\u0101s vai atp\u016btai. Ra\u017eo\u0161ana Francij\u0101 (faktiski \u0136\u012bn\u0101) garant\u0113 modes dizaina un praktiskuma kombin\u0101ciju luksusa un komforta cien\u012bt\u0101jiem.<\/p>\n","protected":false},"excerpt":{"rendered":"<p>Stil\u012bg\u0101s Hermes Chyrpe Brown Stars \u010d\u012bbas ir izgatavotas no augstas kvalit\u0101tes \u0101das, kas nodro\u0161ina komfortu un iztur\u012bbu. Elegants br\u016bns dizains ar dekorat\u012bv\u0101m zvaigzn\u0113m izce\u013c Hermes z\u012bmola augst\u0101k\u0101s klases stilu. \u0112rts dizains padara tos ide\u0101li piem\u0113rotus ikdienas valk\u0101\u0161anai m\u0101j\u0101s vai atp\u016btai. Ra\u017eo\u0161ana Francij\u0101 (faktiski \u0136\u012bn\u0101) garant\u0113 modes dizaina un praktiskuma kombin\u0101ciju luksusa un komforta cien\u012bt\u0101jiem.<\/p>\n","protected":false},"featured_media":604039,"comment_status":"open","ping_status":"open","template":"","meta":[],"product_brand":[],"product_cat":[3251,3424],"product_tag":[],"class_list":{"0":"post-604036","1":"product","2":"type-product","3":"status-publish","4":"has-post-thumbnail","6":"product_cat-all-product","7":"product_cat-shlopantsi","8":"pa_rozmir-910","9":"pa_rozmir-912","10":"pa_rozmir-914","11":"pa_rozmir-915","12":"pa_rozmir-916","13":"pa_rozmir-917","14":"pa_rozmir-918","15":"pa_rozmir-919","16":"pa_rozmir-920","17":"pa_rozmir-921","18":"pa_rozmir-922","20":"first","21":"onbackorder","22":"purchasable","23":"product-type-variable"},"_links":{"self":[{"href":"https:\/\/nextsnkr.com\/lv\/wp-json\/wp\/v2\/product\/604036","targetHints":{"allow":["GET"]}}],"collection":[{"href":"https:\/\/nextsnkr.com\/lv\/wp-json\/wp\/v2\/product"}],"about":[{"href":"https:\/\/nextsnkr.com\/lv\/wp-json\/wp\/v2\/types\/product"}],"replies":[{"embeddable":true,"href":"https:\/\/nextsnkr.com\/lv\/wp-json\/wp\/v2\/comments?post=604036"}],"version-history":[{"count":0,"href":"https:\/\/nextsnkr.com\/lv\/wp-json\/wp\/v2\/product\/604036\/revisions"}],"wp:featuredmedia":[{"embeddable":true,"href":"https:\/\/nextsnkr.com\/lv\/wp-json\/wp\/v2\/media\/604039"}],"wp:attachment":[{"href":"https:\/\/nextsnkr.com\/lv\/wp-json\/wp\/v2\/media?parent=604036"}],"wp:term":[{"taxonomy":"product_brand","embeddable":true,"href":"https:\/\/nextsnkr.com\/lv\/wp-json\/wp\/v2\/product_brand?post=604036"},{"taxonomy":"product_cat","embeddable":true,"href":"https:\/\/nextsnkr.com\/lv\/wp-json\/wp\/v2\/product_cat?post=604036"},{"taxonomy":"product_tag","embeddable":true,"href":"https:\/\/nextsnkr.com\/lv\/wp-json\/wp\/v2\/product_tag?post=604036"}],"curies":[{"name":"wp","href":"https:\/\/api.w.org\/{rel}","templated":true}]}}