{"id":603263,"date":"2025-06-13T11:03:54","date_gmt":"2025-06-13T08:03:54","guid":{"rendered":"https:\/\/nextsnkr.com\/product\/yeezy-boost-350-v2-synth-reflective-2\/"},"modified":"2026-02-02T13:10:05","modified_gmt":"2026-02-02T10:10:05","slug":"yeezy-boost-350-v2-synth-reflective-2","status":"publish","type":"product","link":"https:\/\/nextsnkr.com\/lv\/product\/yeezy-boost-350-v2-synth-reflective-2\/","title":{"rendered":"Yeezy Boost 350 V2 sint\u0113tisk\u0101s kedas-stil\u012bgas tekstila kedas"},"content":{"rendered":"<h2>Yeezy Boost 350 V2 sint\u0113tisk\u0101s kedas-stil\u012bgas tekstila kedas<\/h2>\n<p>&nbsp;<\/p>\n<p>Yeezy Boost 350 V2 Synth Reflective \u010d\u012bbas ir augst\u0101k\u0101s kvalit\u0101tes tekstilmateri\u0101lu modelis, kas apvieno komfortu un modernu dizainu. Viegl\u0101 un elast\u012bg\u0101 aug\u0161da\u013ca nodro\u0161ina perfektu piem\u0113rot\u012bbu,un Boost paraksta zole nodro\u0161ina maigumu un amortiz\u0101ciju, ejot. \u0160\u012bs \u010d\u012bbas, kas izgatavotas \u0136\u012bn\u0101 p\u0113c augstas kvalit\u0101tes standartiem, b\u016bs stil\u012bgs akcents ikdienas izskat\u0101 un lieliska izv\u0113le Yeezy z\u012bmola pazin\u0113jiem.<\/p>\n","protected":false},"excerpt":{"rendered":"<p>Yeezy Boost 350 V2 Synth Reflective \u010d\u012bbas ir augst\u0101k\u0101s kvalit\u0101tes tekstilmateri\u0101lu modelis, kas apvieno komfortu un modernu dizainu. Viegl\u0101 un elast\u012bg\u0101 aug\u0161da\u013ca nodro\u0161ina perfektu piem\u0113rot\u012bbu,un Boost paraksta zole nodro\u0161ina maigumu un amortiz\u0101ciju, ejot. \u0160\u012bs \u010d\u012bbas, kas izgatavotas \u0136\u012bn\u0101 p\u0113c augstas kvalit\u0101tes standartiem, b\u016bs stil\u012bgs akcents ikdienas izskat\u0101 un lieliska izv\u0113le Yeezy z\u012bmola pazin\u0113jiem.<\/p>\n","protected":false},"featured_media":603283,"comment_status":"open","ping_status":"open","template":"","meta":[],"product_brand":[],"product_cat":[3400,3251,3252],"product_tag":[],"class_list":{"0":"post-603263","1":"product","2":"type-product","3":"status-publish","4":"has-post-thumbnail","6":"product_cat-adidas-yeezy","7":"product_cat-all-product","8":"product_cat-krosivky","9":"pa_rozmir-910","10":"pa_rozmir-912","11":"pa_rozmir-914","12":"pa_rozmir-915","13":"pa_rozmir-916","14":"pa_rozmir-917","15":"pa_rozmir-918","16":"pa_rozmir-919","17":"pa_rozmir-920","18":"pa_rozmir-921","19":"pa_rozmir-922","21":"first","22":"instock","23":"purchasable","24":"product-type-variable"},"_links":{"self":[{"href":"https:\/\/nextsnkr.com\/lv\/wp-json\/wp\/v2\/product\/603263","targetHints":{"allow":["GET"]}}],"collection":[{"href":"https:\/\/nextsnkr.com\/lv\/wp-json\/wp\/v2\/product"}],"about":[{"href":"https:\/\/nextsnkr.com\/lv\/wp-json\/wp\/v2\/types\/product"}],"replies":[{"embeddable":true,"href":"https:\/\/nextsnkr.com\/lv\/wp-json\/wp\/v2\/comments?post=603263"}],"version-history":[{"count":0,"href":"https:\/\/nextsnkr.com\/lv\/wp-json\/wp\/v2\/product\/603263\/revisions"}],"wp:featuredmedia":[{"embeddable":true,"href":"https:\/\/nextsnkr.com\/lv\/wp-json\/wp\/v2\/media\/603283"}],"wp:attachment":[{"href":"https:\/\/nextsnkr.com\/lv\/wp-json\/wp\/v2\/media?parent=603263"}],"wp:term":[{"taxonomy":"product_brand","embeddable":true,"href":"https:\/\/nextsnkr.com\/lv\/wp-json\/wp\/v2\/product_brand?post=603263"},{"taxonomy":"product_cat","embeddable":true,"href":"https:\/\/nextsnkr.com\/lv\/wp-json\/wp\/v2\/product_cat?post=603263"},{"taxonomy":"product_tag","embeddable":true,"href":"https:\/\/nextsnkr.com\/lv\/wp-json\/wp\/v2\/product_tag?post=603263"}],"curies":[{"name":"wp","href":"https:\/\/api.w.org\/{rel}","templated":true}]}}