{"id":603254,"date":"2025-06-14T15:51:14","date_gmt":"2025-06-14T12:51:14","guid":{"rendered":"https:\/\/nextsnkr.com\/product\/empire-sandal-hermes-army-green\/"},"modified":"2026-02-02T13:10:00","modified_gmt":"2026-02-02T10:10:00","slug":"empire-sandal-hermes-army-green","status":"publish","type":"product","link":"https:\/\/nextsnkr.com\/lv\/product\/empire-sandal-hermes-army-green\/","title":{"rendered":"Eire Sandal Hermes armijas za\u013c\u0101s \u010d\u012bbas-stil\u012bgas zam\u0161\u0101das \u010d\u012bbas"},"content":{"rendered":"<h2>Eire Sandal Hermes armijas za\u013c\u0101s \u010d\u012bbas-stil\u012bgas zam\u0161\u0101das \u010d\u012bbas<\/h2>\n<p>&nbsp;<\/p>\n<p>Eire Sandal Hermes armijas za\u013c\u0101s \u010d\u012bbas ir izgatavotas no kvalitat\u012bvas zam\u0161\u0101das, kas nodro\u0161ina komfortu, maigumu un iztur\u012bbu. Stil\u012bg\u0101 Haki kr\u0101sa padara modeli daudzpus\u012bgu valk\u0101\u0161anai m\u0101j\u0101s un \u0101rpus t\u0101m, un p\u0101rdom\u0101tais dizains garant\u0113 \u0113rtu p\u0113das piegul\u0161anu. Vieglas un iztur\u012bgas \u010d\u012bbas apvieno eleganci un praktiskumu. Ra\u017eot\u0101js-\u0136\u012bna (p\u0113c Francijas standartiem). Izv\u0113lietiespire Sandal Hermes, lai katru dienu pievienotu izskatu stilam un komfortam.<\/p>\n","protected":false},"excerpt":{"rendered":"<p>Eire Sandal Hermes armijas za\u013c\u0101s \u010d\u012bbas ir izgatavotas no kvalitat\u012bvas zam\u0161\u0101das, kas nodro\u0161ina komfortu, maigumu un iztur\u012bbu. Stil\u012bg\u0101 Haki kr\u0101sa padara modeli daudzpus\u012bgu valk\u0101\u0161anai m\u0101j\u0101s un \u0101rpus t\u0101m, un p\u0101rdom\u0101tais dizains garant\u0113 \u0113rtu p\u0113das piegul\u0161anu. Vieglas un iztur\u012bgas \u010d\u012bbas apvieno eleganci un praktiskumu. Ra\u017eot\u0101js-\u0136\u012bna (p\u0113c Francijas standartiem). Izv\u0113lietiespire Sandal Hermes, lai katru dienu pievienotu izskatu stilam un komfortam.<\/p>\n","protected":false},"featured_media":603266,"comment_status":"open","ping_status":"open","template":"","meta":[],"product_brand":[],"product_cat":[3251,3424],"product_tag":[],"class_list":{"0":"post-603254","1":"product","2":"type-product","3":"status-publish","4":"has-post-thumbnail","6":"product_cat-all-product","7":"product_cat-shlopantsi","8":"pa_rozmir-910","9":"pa_rozmir-912","10":"pa_rozmir-914","11":"pa_rozmir-915","12":"pa_rozmir-916","13":"pa_rozmir-917","14":"pa_rozmir-918","15":"pa_rozmir-919","16":"pa_rozmir-920","17":"pa_rozmir-921","18":"pa_rozmir-922","20":"first","21":"onbackorder","22":"purchasable","23":"product-type-variable"},"_links":{"self":[{"href":"https:\/\/nextsnkr.com\/lv\/wp-json\/wp\/v2\/product\/603254","targetHints":{"allow":["GET"]}}],"collection":[{"href":"https:\/\/nextsnkr.com\/lv\/wp-json\/wp\/v2\/product"}],"about":[{"href":"https:\/\/nextsnkr.com\/lv\/wp-json\/wp\/v2\/types\/product"}],"replies":[{"embeddable":true,"href":"https:\/\/nextsnkr.com\/lv\/wp-json\/wp\/v2\/comments?post=603254"}],"version-history":[{"count":0,"href":"https:\/\/nextsnkr.com\/lv\/wp-json\/wp\/v2\/product\/603254\/revisions"}],"wp:featuredmedia":[{"embeddable":true,"href":"https:\/\/nextsnkr.com\/lv\/wp-json\/wp\/v2\/media\/603266"}],"wp:attachment":[{"href":"https:\/\/nextsnkr.com\/lv\/wp-json\/wp\/v2\/media?parent=603254"}],"wp:term":[{"taxonomy":"product_brand","embeddable":true,"href":"https:\/\/nextsnkr.com\/lv\/wp-json\/wp\/v2\/product_brand?post=603254"},{"taxonomy":"product_cat","embeddable":true,"href":"https:\/\/nextsnkr.com\/lv\/wp-json\/wp\/v2\/product_cat?post=603254"},{"taxonomy":"product_tag","embeddable":true,"href":"https:\/\/nextsnkr.com\/lv\/wp-json\/wp\/v2\/product_tag?post=603254"}],"curies":[{"name":"wp","href":"https:\/\/api.w.org\/{rel}","templated":true}]}}