{"id":600124,"date":"2025-06-14T20:40:16","date_gmt":"2025-06-14T17:40:16","guid":{"rendered":"https:\/\/nextsnkr.com\/product\/air-jordan-retro1-black-gray\/"},"modified":"2026-02-02T13:08:17","modified_gmt":"2026-02-02T10:08:17","slug":"air-jordan-retro1-black-gray","status":"publish","type":"product","link":"https:\/\/nextsnkr.com\/lv\/product\/air-jordan-retro1-black-gray\/","title":{"rendered":"Air Jordan retro 1 Black Gray \u010d\u012bbas-stil\u012bgas \u0101das \u010d\u012bbas"},"content":{"rendered":"<h2>Air Jordan retro 1 Black Gray \u010d\u012bbas-stil\u012bgas \u0101das \u010d\u012bbas<\/h2>\n<p>&nbsp;<\/p>\n<p>Air Jordan Retro1 Black Gray \u010d\u012bbas ir klasisks modelis sporta stila un komforta cien\u012bt\u0101jiem. Izgatavoti no augstas kvalit\u0101tes \u012astas \u0101das, tie nodro\u0161ina iztur\u012bbu, iztur\u012bbu un \u0113rtu p\u0113das piegul\u0161anu. Kontrast\u0113jo\u0161\u0101 meln\u0101 un pel\u0113k\u0101 kombin\u0101cija pie\u0161\u0137ir izskatu m\u016bsdien\u012bgu un daudzpus\u012bgu. Ide\u0101li piem\u0113rots ikdienas valk\u0101\u0161anai, \u0101ra aktivit\u0101t\u0113m un sporta aktivit\u0101t\u0113m. Ra\u017eot\u0101js-Vjetnama. Stilam un komfortam izv\u0113lieties Air Jordan Retro1 Black Gray. Kods: 0651v-862859.<\/p>\n","protected":false},"excerpt":{"rendered":"<p>Air Jordan Retro1 Black Gray \u010d\u012bbas ir klasisks modelis sporta stila un komforta cien\u012bt\u0101jiem. Izgatavoti no augstas kvalit\u0101tes \u012astas \u0101das, tie nodro\u0161ina iztur\u012bbu, iztur\u012bbu un \u0113rtu p\u0113das piegul\u0161anu. Kontrast\u0113jo\u0161\u0101 meln\u0101 un pel\u0113k\u0101 kombin\u0101cija pie\u0161\u0137ir izskatu m\u016bsdien\u012bgu un daudzpus\u012bgu. Ide\u0101li piem\u0113rots ikdienas valk\u0101\u0161anai, \u0101ra aktivit\u0101t\u0113m un sporta aktivit\u0101t\u0113m. Ra\u017eot\u0101js-Vjetnama. Stilam un komfortam izv\u0113lieties Air Jordan Retro1 Black Gray. Kods: 0651v-862859.<\/p>\n","protected":false},"featured_media":600131,"comment_status":"open","ping_status":"open","template":"","meta":[],"product_brand":[],"product_cat":[3387,3251,3322],"product_tag":[],"class_list":{"0":"post-600124","1":"product","2":"type-product","3":"status-publish","4":"has-post-thumbnail","6":"product_cat-nike-jordan","7":"product_cat-all-product","8":"product_cat-kedy","9":"pa_rozmir-910","10":"pa_rozmir-912","11":"pa_rozmir-914","12":"pa_rozmir-915","13":"pa_rozmir-916","14":"pa_rozmir-917","15":"pa_rozmir-918","16":"pa_rozmir-919","17":"pa_rozmir-920","18":"pa_rozmir-921","19":"pa_rozmir-922","21":"first","22":"onbackorder","23":"purchasable","24":"product-type-variable"},"_links":{"self":[{"href":"https:\/\/nextsnkr.com\/lv\/wp-json\/wp\/v2\/product\/600124","targetHints":{"allow":["GET"]}}],"collection":[{"href":"https:\/\/nextsnkr.com\/lv\/wp-json\/wp\/v2\/product"}],"about":[{"href":"https:\/\/nextsnkr.com\/lv\/wp-json\/wp\/v2\/types\/product"}],"replies":[{"embeddable":true,"href":"https:\/\/nextsnkr.com\/lv\/wp-json\/wp\/v2\/comments?post=600124"}],"version-history":[{"count":0,"href":"https:\/\/nextsnkr.com\/lv\/wp-json\/wp\/v2\/product\/600124\/revisions"}],"wp:featuredmedia":[{"embeddable":true,"href":"https:\/\/nextsnkr.com\/lv\/wp-json\/wp\/v2\/media\/600131"}],"wp:attachment":[{"href":"https:\/\/nextsnkr.com\/lv\/wp-json\/wp\/v2\/media?parent=600124"}],"wp:term":[{"taxonomy":"product_brand","embeddable":true,"href":"https:\/\/nextsnkr.com\/lv\/wp-json\/wp\/v2\/product_brand?post=600124"},{"taxonomy":"product_cat","embeddable":true,"href":"https:\/\/nextsnkr.com\/lv\/wp-json\/wp\/v2\/product_cat?post=600124"},{"taxonomy":"product_tag","embeddable":true,"href":"https:\/\/nextsnkr.com\/lv\/wp-json\/wp\/v2\/product_tag?post=600124"}],"curies":[{"name":"wp","href":"https:\/\/api.w.org\/{rel}","templated":true}]}}