{"id":599571,"date":"2025-06-17T21:48:58","date_gmt":"2025-06-17T18:48:58","guid":{"rendered":"https:\/\/nextsnkr.com\/product\/nike-huarache-acronym-black-orange\/"},"modified":"2026-02-02T13:08:08","modified_gmt":"2026-02-02T10:08:08","slug":"nike-huarache-acronym-black-orange","status":"publish","type":"product","link":"https:\/\/nextsnkr.com\/lv\/product\/nike-huarache-acronym-black-orange\/","title":{"rendered":"Nike Huarache Acronym Black \/ Orange \u010d\u012bbas-nubuks ar siltuma oderi"},"content":{"rendered":"<h2>Nike Huarache Acronym Black \/ Orange \u010d\u012bbas-nubuks ar siltuma oderi<\/h2>\n<p>&nbsp;<\/p>\n<p>Nike Huarache Acronym Black \/ Orange \u010d\u012bbas ir izgatavotas no augstas kvalit\u0101tes nubuka, un t\u0101m ir siltuma odere, kas nodro\u0161ina siltumu un komfortu l\u012bdz -16\u00b0C. vieglas zoles putas un nodilumiztur\u012bga Gumijas zole garant\u0113 lielisku amortiz\u0101ciju un dro\u0161u sa\u0137eri. Spilgta Meln\u0101s un oran\u017e\u0101s kr\u0101sas kombin\u0101cija pie\u0161\u0137ir stil\u012bgu un m\u016bsdien\u012bgu izskatu. \u0160\u012bs \u010d\u012bbas, kas ra\u017eotas Vjetnam\u0101, apvieno augst\u0101k\u0101s kvalit\u0101tes Nike, komfortu un daudzpus\u012bbu akt\u012bvai pils\u0113tas dz\u012bvei.<\/p>\n","protected":false},"excerpt":{"rendered":"<p>Nike Huarache Acronym Black \/ Orange \u010d\u012bbas ir izgatavotas no augstas kvalit\u0101tes nubuka, un t\u0101m ir siltuma odere, kas nodro\u0161ina siltumu un komfortu l\u012bdz -16\u00b0C. vieglas zoles putas un nodilumiztur\u012bga Gumijas zole garant\u0113 lielisku amortiz\u0101ciju un dro\u0161u sa\u0137eri. Spilgta Meln\u0101s un oran\u017e\u0101s kr\u0101sas kombin\u0101cija pie\u0161\u0137ir stil\u012bgu un m\u016bsdien\u012bgu izskatu. \u0160\u012bs \u010d\u012bbas, kas ra\u017eotas Vjetnam\u0101, apvieno augst\u0101k\u0101s kvalit\u0101tes Nike, komfortu un daudzpus\u012bbu akt\u012bvai pils\u0113tas dz\u012bvei.<\/p>\n","protected":false},"featured_media":599576,"comment_status":"open","ping_status":"open","template":"","meta":[],"product_brand":[],"product_cat":[3251,3252],"product_tag":[],"class_list":{"0":"post-599571","1":"product","2":"type-product","3":"status-publish","4":"has-post-thumbnail","6":"product_cat-all-product","7":"product_cat-krosivky","8":"pa_rozmir-910","9":"pa_rozmir-912","10":"pa_rozmir-914","11":"pa_rozmir-915","12":"pa_rozmir-916","13":"pa_rozmir-917","14":"pa_rozmir-918","15":"pa_rozmir-919","16":"pa_rozmir-920","17":"pa_rozmir-921","18":"pa_rozmir-922","20":"first","21":"onbackorder","22":"purchasable","23":"product-type-variable"},"_links":{"self":[{"href":"https:\/\/nextsnkr.com\/lv\/wp-json\/wp\/v2\/product\/599571","targetHints":{"allow":["GET"]}}],"collection":[{"href":"https:\/\/nextsnkr.com\/lv\/wp-json\/wp\/v2\/product"}],"about":[{"href":"https:\/\/nextsnkr.com\/lv\/wp-json\/wp\/v2\/types\/product"}],"replies":[{"embeddable":true,"href":"https:\/\/nextsnkr.com\/lv\/wp-json\/wp\/v2\/comments?post=599571"}],"version-history":[{"count":0,"href":"https:\/\/nextsnkr.com\/lv\/wp-json\/wp\/v2\/product\/599571\/revisions"}],"wp:featuredmedia":[{"embeddable":true,"href":"https:\/\/nextsnkr.com\/lv\/wp-json\/wp\/v2\/media\/599576"}],"wp:attachment":[{"href":"https:\/\/nextsnkr.com\/lv\/wp-json\/wp\/v2\/media?parent=599571"}],"wp:term":[{"taxonomy":"product_brand","embeddable":true,"href":"https:\/\/nextsnkr.com\/lv\/wp-json\/wp\/v2\/product_brand?post=599571"},{"taxonomy":"product_cat","embeddable":true,"href":"https:\/\/nextsnkr.com\/lv\/wp-json\/wp\/v2\/product_cat?post=599571"},{"taxonomy":"product_tag","embeddable":true,"href":"https:\/\/nextsnkr.com\/lv\/wp-json\/wp\/v2\/product_tag?post=599571"}],"curies":[{"name":"wp","href":"https:\/\/api.w.org\/{rel}","templated":true}]}}