{"id":598681,"date":"2025-06-16T21:59:33","date_gmt":"2025-06-16T18:59:33","guid":{"rendered":"https:\/\/nextsnkr.com\/product\/nike-air-jordan-4-retro-metallic-red\/"},"modified":"2026-02-02T13:07:36","modified_gmt":"2026-02-02T10:07:36","slug":"nike-air-jordan-4-retro-metallic-red","status":"publish","type":"product","link":"https:\/\/nextsnkr.com\/lv\/product\/nike-air-jordan-4-retro-metallic-red\/","title":{"rendered":"Nike Air jordan 4 retro Metallic Red \u0101das \u010d\u012bbas ar Air amortiz\u0101ciju"},"content":{"rendered":"<h2>Nike Air jordan 4 retro Metallic Red \u0101das \u010d\u012bbas ar Air amortiz\u0101ciju<\/h2>\n<p>&nbsp;<\/p>\n<p>Nike Air jordan 4 retro Metallic Red \u010d\u012bbas ir izgatavotas no gludas \u0101das ar tekstila m\u0113li iek\u0161pus\u0113, kas nodro\u0161ina komfortu un iztur\u012bbu. Gumijas zole ar Air gaisa kameru garant\u0113 triecienu absorbciju un \u0113rt\u012bbas ikdienas valk\u0101\u0161anai. Modelis ir piem\u0113rots demi sezonai un apvieno stil\u012bgu sarkanu met\u0101lisku nokr\u0101su ar z\u012bmola klasisko dizainu. Ra\u017eot\u0101js-r\u016bpn\u012bcas Vjetnama. Izv\u0113lieties Nike Air Jordan 4 Retro komfortam, m\u016bsdien\u012bgam stilam un uzticam\u012bbai.<\/p>\n","protected":false},"excerpt":{"rendered":"<p>Nike Air jordan 4 retro Metallic Red \u010d\u012bbas ir izgatavotas no gludas \u0101das ar tekstila m\u0113li iek\u0161pus\u0113, kas nodro\u0161ina komfortu un iztur\u012bbu. Gumijas zole ar Air gaisa kameru garant\u0113 triecienu absorbciju un \u0113rt\u012bbas ikdienas valk\u0101\u0161anai. Modelis ir piem\u0113rots demi sezonai un apvieno stil\u012bgu sarkanu met\u0101lisku nokr\u0101su ar z\u012bmola klasisko dizainu. Ra\u017eot\u0101js-r\u016bpn\u012bcas Vjetnama. Izv\u0113lieties Nike Air Jordan 4 Retro komfortam, m\u016bsdien\u012bgam stilam un uzticam\u012bbai.<\/p>\n","protected":false},"featured_media":598682,"comment_status":"open","ping_status":"open","template":"","meta":[],"product_brand":[],"product_cat":[3387,3251,3252],"product_tag":[],"class_list":{"0":"post-598681","1":"product","2":"type-product","3":"status-publish","4":"has-post-thumbnail","6":"product_cat-nike-jordan","7":"product_cat-all-product","8":"product_cat-krosivky","9":"pa_rozmir-910","10":"pa_rozmir-912","11":"pa_rozmir-914","12":"pa_rozmir-915","13":"pa_rozmir-916","14":"pa_rozmir-917","15":"pa_rozmir-918","16":"pa_rozmir-919","17":"pa_rozmir-920","18":"pa_rozmir-921","19":"pa_rozmir-922","21":"first","22":"onbackorder","23":"purchasable","24":"product-type-variable"},"_links":{"self":[{"href":"https:\/\/nextsnkr.com\/lv\/wp-json\/wp\/v2\/product\/598681","targetHints":{"allow":["GET"]}}],"collection":[{"href":"https:\/\/nextsnkr.com\/lv\/wp-json\/wp\/v2\/product"}],"about":[{"href":"https:\/\/nextsnkr.com\/lv\/wp-json\/wp\/v2\/types\/product"}],"replies":[{"embeddable":true,"href":"https:\/\/nextsnkr.com\/lv\/wp-json\/wp\/v2\/comments?post=598681"}],"version-history":[{"count":0,"href":"https:\/\/nextsnkr.com\/lv\/wp-json\/wp\/v2\/product\/598681\/revisions"}],"wp:featuredmedia":[{"embeddable":true,"href":"https:\/\/nextsnkr.com\/lv\/wp-json\/wp\/v2\/media\/598682"}],"wp:attachment":[{"href":"https:\/\/nextsnkr.com\/lv\/wp-json\/wp\/v2\/media?parent=598681"}],"wp:term":[{"taxonomy":"product_brand","embeddable":true,"href":"https:\/\/nextsnkr.com\/lv\/wp-json\/wp\/v2\/product_brand?post=598681"},{"taxonomy":"product_cat","embeddable":true,"href":"https:\/\/nextsnkr.com\/lv\/wp-json\/wp\/v2\/product_cat?post=598681"},{"taxonomy":"product_tag","embeddable":true,"href":"https:\/\/nextsnkr.com\/lv\/wp-json\/wp\/v2\/product_tag?post=598681"}],"curies":[{"name":"wp","href":"https:\/\/api.w.org\/{rel}","templated":true}]}}