{"id":597663,"date":"2025-06-17T21:02:42","date_gmt":"2025-06-17T18:02:42","guid":{"rendered":"https:\/\/nextsnkr.com\/product\/adidas-yeezy-slide-bone\/"},"modified":"2026-02-02T13:07:09","modified_gmt":"2026-02-02T10:07:09","slug":"adidas-yeezy-slide-bone","status":"publish","type":"product","link":"https:\/\/nextsnkr.com\/lv\/product\/adidas-yeezy-slide-bone\/","title":{"rendered":"Adidas Yeezy Slide Bone \u010d\u012bbas &#8211; v\u012brie\u0161u putu slaidi"},"content":{"rendered":"<h2>Adidas Yeezy Slide Bone \u010d\u012bbas &#8211; v\u012brie\u0161u putu slaidi<\/h2>\n<p>&nbsp;<\/p>\n<p>Adidas Yeezy Slide Bone ir \u0113rtas v\u012brie\u0161u \u010d\u012bbas, kas izgatavotas no m\u012bkst\u0101m put\u0101m, nodro\u0161inot komfortu un vieglumu, valk\u0101jot m\u0101j\u0101s vai \u0101r\u0101. Ergonomiskais zoles dizains garant\u0113 stabilit\u0101ti un amortiz\u0101ciju, un daudzpus\u012bg\u0101 smil\u0161kr\u0101sas kr\u0101sa ir viegli savienojama ar jebkuru izskatu. Modelis ir ide\u0101li piem\u0113rots ikdienas lieto\u0161anai un atp\u016btai, apvienojot stilu, \u0113rt\u012bbas un vieglumu. Ra\u017eo\u0161ana \u0136\u012bn\u0101 nodro\u0161ina materi\u0101lu iztur\u012bbu un kvalit\u0101ti.<\/p>\n","protected":false},"excerpt":{"rendered":"<p>Adidas Yeezy Slide Bone ir \u0113rtas v\u012brie\u0161u \u010d\u012bbas, kas izgatavotas no m\u012bkst\u0101m put\u0101m, nodro\u0161inot komfortu un vieglumu, valk\u0101jot m\u0101j\u0101s vai \u0101r\u0101. Ergonomiskais zoles dizains garant\u0113 stabilit\u0101ti un amortiz\u0101ciju, un daudzpus\u012bg\u0101 smil\u0161kr\u0101sas kr\u0101sa ir viegli savienojama ar jebkuru izskatu. Modelis ir ide\u0101li piem\u0113rots ikdienas lieto\u0161anai un atp\u016btai, apvienojot stilu, \u0113rt\u012bbas un vieglumu. Ra\u017eo\u0161ana \u0136\u012bn\u0101 nodro\u0161ina materi\u0101lu iztur\u012bbu un kvalit\u0101ti.<\/p>\n","protected":false},"featured_media":597664,"comment_status":"open","ping_status":"open","template":"","meta":[],"product_brand":[],"product_cat":[3400,3251,3424],"product_tag":[],"class_list":{"0":"post-597663","1":"product","2":"type-product","3":"status-publish","4":"has-post-thumbnail","6":"product_cat-adidas-yeezy","7":"product_cat-all-product","8":"product_cat-shlopantsi","9":"pa_rozmir-910","10":"pa_rozmir-912","11":"pa_rozmir-914","12":"pa_rozmir-915","13":"pa_rozmir-916","14":"pa_rozmir-917","15":"pa_rozmir-918","16":"pa_rozmir-919","17":"pa_rozmir-920","18":"pa_rozmir-921","19":"pa_rozmir-922","21":"first","22":"instock","23":"purchasable","24":"product-type-variable"},"_links":{"self":[{"href":"https:\/\/nextsnkr.com\/lv\/wp-json\/wp\/v2\/product\/597663","targetHints":{"allow":["GET"]}}],"collection":[{"href":"https:\/\/nextsnkr.com\/lv\/wp-json\/wp\/v2\/product"}],"about":[{"href":"https:\/\/nextsnkr.com\/lv\/wp-json\/wp\/v2\/types\/product"}],"replies":[{"embeddable":true,"href":"https:\/\/nextsnkr.com\/lv\/wp-json\/wp\/v2\/comments?post=597663"}],"version-history":[{"count":0,"href":"https:\/\/nextsnkr.com\/lv\/wp-json\/wp\/v2\/product\/597663\/revisions"}],"wp:featuredmedia":[{"embeddable":true,"href":"https:\/\/nextsnkr.com\/lv\/wp-json\/wp\/v2\/media\/597664"}],"wp:attachment":[{"href":"https:\/\/nextsnkr.com\/lv\/wp-json\/wp\/v2\/media?parent=597663"}],"wp:term":[{"taxonomy":"product_brand","embeddable":true,"href":"https:\/\/nextsnkr.com\/lv\/wp-json\/wp\/v2\/product_brand?post=597663"},{"taxonomy":"product_cat","embeddable":true,"href":"https:\/\/nextsnkr.com\/lv\/wp-json\/wp\/v2\/product_cat?post=597663"},{"taxonomy":"product_tag","embeddable":true,"href":"https:\/\/nextsnkr.com\/lv\/wp-json\/wp\/v2\/product_tag?post=597663"}],"curies":[{"name":"wp","href":"https:\/\/api.w.org\/{rel}","templated":true}]}}