{"id":594695,"date":"2025-06-23T08:54:43","date_gmt":"2025-06-23T05:54:43","guid":{"rendered":"https:\/\/nextsnkr.com\/product\/3xl-dirty-red\/"},"modified":"2026-02-02T13:05:26","modified_gmt":"2026-02-02T10:05:26","slug":"3xl-dirty-red","status":"publish","type":"product","link":"https:\/\/nextsnkr.com\/lv\/product\/3xl-dirty-red\/","title":{"rendered":"3XL Dirty Red \u0100das un tekstila \u010d\u012bbas stil\u012bgai ikdienas valk\u0101\u0161anai"},"content":{"rendered":"<h2>3XL Dirty Red \u0100das un tekstila \u010d\u012bbas stil\u012bgai ikdienas valk\u0101\u0161anai<\/h2>\n<p>&nbsp;<\/p>\n<p>3XL Dirty Red \u010d\u012bbas ir izgatavotas no augstas kvalit\u0101tes \u0101das un tekstilizstr\u0101d\u0101jumiem, kas garant\u0113 komfortu un iztur\u012bbu. Spilgti sarkans nokr\u0101sa pie\u0161\u0137ir j\u016bsu izskatam ener\u0123iju un izce\u013c individu\u0101lo stilu. Viegl\u0101 zole nodro\u0161ina \u0113rt\u012bbas gar\u0101s pastaig\u0101s un \u0101ra aktivit\u0101t\u0113s. Vjetnamas ra\u017eot\u0101js izmanto augst\u0101k\u0101s kvalit\u0101tes materi\u0101lus, apvienojot modernu dizainu ar praktiskumu. Ide\u0101la izv\u0113le tiem, kas katru dienu nov\u0113rt\u0113 stilu un komfortu.<\/p>\n","protected":false},"excerpt":{"rendered":"<p>3XL Dirty Red \u010d\u012bbas ir izgatavotas no augstas kvalit\u0101tes \u0101das un tekstilizstr\u0101d\u0101jumiem, kas garant\u0113 komfortu un iztur\u012bbu. Spilgti sarkans nokr\u0101sa pie\u0161\u0137ir j\u016bsu izskatam ener\u0123iju un izce\u013c individu\u0101lo stilu. Viegl\u0101 zole nodro\u0161ina \u0113rt\u012bbas gar\u0101s pastaig\u0101s un \u0101ra aktivit\u0101t\u0113s. Vjetnamas ra\u017eot\u0101js izmanto augst\u0101k\u0101s kvalit\u0101tes materi\u0101lus, apvienojot modernu dizainu ar praktiskumu. Ide\u0101la izv\u0113le tiem, kas katru dienu nov\u0113rt\u0113 stilu un komfortu.<\/p>\n","protected":false},"featured_media":594696,"comment_status":"open","ping_status":"open","template":"","meta":[],"product_brand":[],"product_cat":[3251,3252],"product_tag":[],"class_list":{"0":"post-594695","1":"product","2":"type-product","3":"status-publish","4":"has-post-thumbnail","6":"product_cat-all-product","7":"product_cat-krosivky","8":"pa_rozmir-910","9":"pa_rozmir-912","10":"pa_rozmir-914","11":"pa_rozmir-915","12":"pa_rozmir-916","13":"pa_rozmir-917","14":"pa_rozmir-918","15":"pa_rozmir-919","16":"pa_rozmir-920","17":"pa_rozmir-921","18":"pa_rozmir-922","20":"first","21":"onbackorder","22":"purchasable","23":"product-type-variable"},"_links":{"self":[{"href":"https:\/\/nextsnkr.com\/lv\/wp-json\/wp\/v2\/product\/594695","targetHints":{"allow":["GET"]}}],"collection":[{"href":"https:\/\/nextsnkr.com\/lv\/wp-json\/wp\/v2\/product"}],"about":[{"href":"https:\/\/nextsnkr.com\/lv\/wp-json\/wp\/v2\/types\/product"}],"replies":[{"embeddable":true,"href":"https:\/\/nextsnkr.com\/lv\/wp-json\/wp\/v2\/comments?post=594695"}],"version-history":[{"count":0,"href":"https:\/\/nextsnkr.com\/lv\/wp-json\/wp\/v2\/product\/594695\/revisions"}],"wp:featuredmedia":[{"embeddable":true,"href":"https:\/\/nextsnkr.com\/lv\/wp-json\/wp\/v2\/media\/594696"}],"wp:attachment":[{"href":"https:\/\/nextsnkr.com\/lv\/wp-json\/wp\/v2\/media?parent=594695"}],"wp:term":[{"taxonomy":"product_brand","embeddable":true,"href":"https:\/\/nextsnkr.com\/lv\/wp-json\/wp\/v2\/product_brand?post=594695"},{"taxonomy":"product_cat","embeddable":true,"href":"https:\/\/nextsnkr.com\/lv\/wp-json\/wp\/v2\/product_cat?post=594695"},{"taxonomy":"product_tag","embeddable":true,"href":"https:\/\/nextsnkr.com\/lv\/wp-json\/wp\/v2\/product_tag?post=594695"}],"curies":[{"name":"wp","href":"https:\/\/api.w.org\/{rel}","templated":true}]}}