{"id":592472,"date":"2025-06-19T22:37:26","date_gmt":"2025-06-19T19:37:26","guid":{"rendered":"https:\/\/nextsnkr.com\/product\/bv-low-black-beige-premium\/"},"modified":"2026-02-02T13:04:06","modified_gmt":"2026-02-02T10:04:06","slug":"bv-low-black-beige-premium","status":"publish","type":"product","link":"https:\/\/nextsnkr.com\/lv\/product\/bv-low-black-beige-premium\/","title":{"rendered":"BV Low Black \/ Beige premium \u0101das z\u0101baki"},"content":{"rendered":"<h2>BV Low Black \/ Beige premium \u0101das z\u0101baki<\/h2>\n<p>&nbsp;<\/p>\n<p>Stil\u012bgi BV Low Black \/ Beige PREMIUM z\u0101baki ir izgatavoti no augstas kvalit\u0101tes \u0101das, kas garant\u0113 iztur\u012bbu un komfortu ikdienas valk\u0101\u0161an\u0101. Modelis apvieno elegantu dizainu ar praktiskumu, piem\u0113rots akt\u012bvai dz\u012bvei un pils\u0113tas stilam. Izv\u0113lieties BV Low Black \/ Beige, lai justos \u0113rti un p\u0101rliecin\u0101ti par jebkuru situ\u0101ciju.<\/p>\n","protected":false},"excerpt":{"rendered":"<p>Stil\u012bgi BV Low Black \/ Beige PREMIUM z\u0101baki ir izgatavoti no augstas kvalit\u0101tes \u0101das, kas garant\u0113 iztur\u012bbu un komfortu ikdienas valk\u0101\u0161an\u0101. Modelis apvieno elegantu dizainu ar praktiskumu, piem\u0113rots akt\u012bvai dz\u012bvei un pils\u0113tas stilam. Izv\u0113lieties BV Low Black \/ Beige, lai justos \u0113rti un p\u0101rliecin\u0101ti par jebkuru situ\u0101ciju.<\/p>\n","protected":false},"featured_media":592473,"comment_status":"open","ping_status":"open","template":"","meta":[],"product_brand":[],"product_cat":[3251,3335],"product_tag":[],"class_list":{"0":"post-592472","1":"product","2":"type-product","3":"status-publish","4":"has-post-thumbnail","6":"product_cat-all-product","7":"product_cat-cherevyky","8":"pa_rozmir-910","9":"pa_rozmir-912","10":"pa_rozmir-914","11":"pa_rozmir-915","12":"pa_rozmir-916","13":"pa_rozmir-917","14":"pa_rozmir-918","15":"pa_rozmir-919","16":"pa_rozmir-920","17":"pa_rozmir-921","18":"pa_rozmir-922","20":"first","21":"onbackorder","22":"purchasable","23":"product-type-variable"},"_links":{"self":[{"href":"https:\/\/nextsnkr.com\/lv\/wp-json\/wp\/v2\/product\/592472","targetHints":{"allow":["GET"]}}],"collection":[{"href":"https:\/\/nextsnkr.com\/lv\/wp-json\/wp\/v2\/product"}],"about":[{"href":"https:\/\/nextsnkr.com\/lv\/wp-json\/wp\/v2\/types\/product"}],"replies":[{"embeddable":true,"href":"https:\/\/nextsnkr.com\/lv\/wp-json\/wp\/v2\/comments?post=592472"}],"version-history":[{"count":0,"href":"https:\/\/nextsnkr.com\/lv\/wp-json\/wp\/v2\/product\/592472\/revisions"}],"wp:featuredmedia":[{"embeddable":true,"href":"https:\/\/nextsnkr.com\/lv\/wp-json\/wp\/v2\/media\/592473"}],"wp:attachment":[{"href":"https:\/\/nextsnkr.com\/lv\/wp-json\/wp\/v2\/media?parent=592472"}],"wp:term":[{"taxonomy":"product_brand","embeddable":true,"href":"https:\/\/nextsnkr.com\/lv\/wp-json\/wp\/v2\/product_brand?post=592472"},{"taxonomy":"product_cat","embeddable":true,"href":"https:\/\/nextsnkr.com\/lv\/wp-json\/wp\/v2\/product_cat?post=592472"},{"taxonomy":"product_tag","embeddable":true,"href":"https:\/\/nextsnkr.com\/lv\/wp-json\/wp\/v2\/product_tag?post=592472"}],"curies":[{"name":"wp","href":"https:\/\/api.w.org\/{rel}","templated":true}]}}