{"id":592132,"date":"2025-06-19T22:39:09","date_gmt":"2025-06-19T19:39:09","guid":{"rendered":"https:\/\/nextsnkr.com\/product\/bv-low-black-pink-premium\/"},"modified":"2026-02-02T13:03:57","modified_gmt":"2026-02-02T10:03:57","slug":"bv-low-black-pink-premium","status":"publish","type":"product","link":"https:\/\/nextsnkr.com\/lv\/product\/bv-low-black-pink-premium\/","title":{"rendered":"BV LOW Black PINK Premium z\u0101baki \u0101das stil\u012bgi un \u0113rti"},"content":{"rendered":"<h2>BV LOW Black PINK Premium z\u0101baki \u0101das stil\u012bgi un \u0113rti<\/h2>\n<p>&nbsp;<\/p>\n<p>BV LOW Black PINK PREMIUM z\u0101baki ir izgatavoti no augstas kvalit\u0101tes \u0101das, kas nodro\u0161ina iztur\u012bbu un iztur\u012bbu. Modelis apvieno elegantu melnu un maigi roz\u0101 dizainu, izce\u013cot stilu un person\u012bbu. Ide\u0101li piem\u0113rots ikdienas valk\u0101\u0161anai, pastaig\u0101m un pils\u0113tas dz\u012bvei, tie garant\u0113 komfortu un uzticam\u012bbu jebkuros laika apst\u0101k\u013cos. Izv\u0113loties \u0161os BV z\u0101bakus, j\u016bs ieg\u016bstat augst\u0101k\u0101s kvalit\u0101tes, moderna dizaina un \u0113rt\u012bbas kombin\u0101ciju.<\/p>\n","protected":false},"excerpt":{"rendered":"<p>BV LOW Black PINK PREMIUM z\u0101baki ir izgatavoti no augstas kvalit\u0101tes \u0101das, kas nodro\u0161ina iztur\u012bbu un iztur\u012bbu. Modelis apvieno elegantu melnu un maigi roz\u0101 dizainu, izce\u013cot stilu un person\u012bbu. Ide\u0101li piem\u0113rots ikdienas valk\u0101\u0161anai, pastaig\u0101m un pils\u0113tas dz\u012bvei, tie garant\u0113 komfortu un uzticam\u012bbu jebkuros laika apst\u0101k\u013cos. Izv\u0113loties \u0161os BV z\u0101bakus, j\u016bs ieg\u016bstat augst\u0101k\u0101s kvalit\u0101tes, moderna dizaina un \u0113rt\u012bbas kombin\u0101ciju.<\/p>\n","protected":false},"featured_media":592133,"comment_status":"open","ping_status":"open","template":"","meta":[],"product_brand":[],"product_cat":[3251,3335],"product_tag":[],"class_list":{"0":"post-592132","1":"product","2":"type-product","3":"status-publish","4":"has-post-thumbnail","6":"product_cat-all-product","7":"product_cat-cherevyky","8":"pa_rozmir-910","9":"pa_rozmir-912","10":"pa_rozmir-914","11":"pa_rozmir-915","12":"pa_rozmir-916","13":"pa_rozmir-917","14":"pa_rozmir-918","15":"pa_rozmir-919","16":"pa_rozmir-920","17":"pa_rozmir-921","18":"pa_rozmir-922","20":"first","21":"onbackorder","22":"purchasable","23":"product-type-variable"},"_links":{"self":[{"href":"https:\/\/nextsnkr.com\/lv\/wp-json\/wp\/v2\/product\/592132","targetHints":{"allow":["GET"]}}],"collection":[{"href":"https:\/\/nextsnkr.com\/lv\/wp-json\/wp\/v2\/product"}],"about":[{"href":"https:\/\/nextsnkr.com\/lv\/wp-json\/wp\/v2\/types\/product"}],"replies":[{"embeddable":true,"href":"https:\/\/nextsnkr.com\/lv\/wp-json\/wp\/v2\/comments?post=592132"}],"version-history":[{"count":0,"href":"https:\/\/nextsnkr.com\/lv\/wp-json\/wp\/v2\/product\/592132\/revisions"}],"wp:featuredmedia":[{"embeddable":true,"href":"https:\/\/nextsnkr.com\/lv\/wp-json\/wp\/v2\/media\/592133"}],"wp:attachment":[{"href":"https:\/\/nextsnkr.com\/lv\/wp-json\/wp\/v2\/media?parent=592132"}],"wp:term":[{"taxonomy":"product_brand","embeddable":true,"href":"https:\/\/nextsnkr.com\/lv\/wp-json\/wp\/v2\/product_brand?post=592132"},{"taxonomy":"product_cat","embeddable":true,"href":"https:\/\/nextsnkr.com\/lv\/wp-json\/wp\/v2\/product_cat?post=592132"},{"taxonomy":"product_tag","embeddable":true,"href":"https:\/\/nextsnkr.com\/lv\/wp-json\/wp\/v2\/product_tag?post=592132"}],"curies":[{"name":"wp","href":"https:\/\/api.w.org\/{rel}","templated":true}]}}