{"id":590262,"date":"2025-06-19T22:50:40","date_gmt":"2025-06-19T19:50:40","guid":{"rendered":"https:\/\/nextsnkr.com\/product\/air-force-shadow\/"},"modified":"2026-02-02T13:02:55","modified_gmt":"2026-02-02T10:02:55","slug":"air-force-shadow","status":"publish","type":"product","link":"https:\/\/nextsnkr.com\/lv\/product\/air-force-shadow\/","title":{"rendered":"Nike Air Force Shadow \u010d\u012bbas ir \u0101das stil\u012bgam ikdienas izskatam"},"content":{"rendered":"<h2>Nike Air Force Shadow \u010d\u012bbas ir \u0101das stil\u012bgam ikdienas izskatam<\/h2>\n<p>&nbsp;<\/p>\n<p>Nike Air Force Shadow stil\u012bg\u0101s \u010d\u012bbas ir izgatavotas no augstas kvalit\u0101tes \u0101das, kas garant\u0113 iztur\u012bbu un komfortu ikdienas valk\u0101\u0161an\u0101. \u0160\u012bs Nike \u0101das \u010d\u012bbas apvieno modernu dizainu, iztur\u012bbu un vieglumu, lieliski piem\u0113rotas \u0101ra aktivit\u0101t\u0113m un moderna izskata rad\u012b\u0161anai. Izv\u0113lieties Nike Air Force Shadow, lai nodro\u0161in\u0101tu komfortu un eleganci katr\u0101 sol\u012b.<\/p>\n","protected":false},"excerpt":{"rendered":"<p>Nike Air Force Shadow stil\u012bg\u0101s \u010d\u012bbas ir izgatavotas no augstas kvalit\u0101tes \u0101das, kas garant\u0113 iztur\u012bbu un komfortu ikdienas valk\u0101\u0161an\u0101. \u0160\u012bs Nike \u0101das \u010d\u012bbas apvieno modernu dizainu, iztur\u012bbu un vieglumu, lieliski piem\u0113rotas \u0101ra aktivit\u0101t\u0113m un moderna izskata rad\u012b\u0161anai. Izv\u0113lieties Nike Air Force Shadow, lai nodro\u0161in\u0101tu komfortu un eleganci katr\u0101 sol\u012b.<\/p>\n","protected":false},"featured_media":590263,"comment_status":"open","ping_status":"open","template":"","meta":[],"product_brand":[],"product_cat":[3251,3322],"product_tag":[],"class_list":{"0":"post-590262","1":"product","2":"type-product","3":"status-publish","4":"has-post-thumbnail","6":"product_cat-all-product","7":"product_cat-kedy","8":"pa_rozmir-910","9":"pa_rozmir-912","10":"pa_rozmir-914","11":"pa_rozmir-915","12":"pa_rozmir-916","13":"pa_rozmir-917","14":"pa_rozmir-918","15":"pa_rozmir-919","16":"pa_rozmir-920","17":"pa_rozmir-921","18":"pa_rozmir-922","20":"first","21":"instock","22":"purchasable","23":"product-type-variable"},"_links":{"self":[{"href":"https:\/\/nextsnkr.com\/lv\/wp-json\/wp\/v2\/product\/590262","targetHints":{"allow":["GET"]}}],"collection":[{"href":"https:\/\/nextsnkr.com\/lv\/wp-json\/wp\/v2\/product"}],"about":[{"href":"https:\/\/nextsnkr.com\/lv\/wp-json\/wp\/v2\/types\/product"}],"replies":[{"embeddable":true,"href":"https:\/\/nextsnkr.com\/lv\/wp-json\/wp\/v2\/comments?post=590262"}],"version-history":[{"count":0,"href":"https:\/\/nextsnkr.com\/lv\/wp-json\/wp\/v2\/product\/590262\/revisions"}],"wp:featuredmedia":[{"embeddable":true,"href":"https:\/\/nextsnkr.com\/lv\/wp-json\/wp\/v2\/media\/590263"}],"wp:attachment":[{"href":"https:\/\/nextsnkr.com\/lv\/wp-json\/wp\/v2\/media?parent=590262"}],"wp:term":[{"taxonomy":"product_brand","embeddable":true,"href":"https:\/\/nextsnkr.com\/lv\/wp-json\/wp\/v2\/product_brand?post=590262"},{"taxonomy":"product_cat","embeddable":true,"href":"https:\/\/nextsnkr.com\/lv\/wp-json\/wp\/v2\/product_cat?post=590262"},{"taxonomy":"product_tag","embeddable":true,"href":"https:\/\/nextsnkr.com\/lv\/wp-json\/wp\/v2\/product_tag?post=590262"}],"curies":[{"name":"wp","href":"https:\/\/api.w.org\/{rel}","templated":true}]}}