{"id":589922,"date":"2025-06-19T22:52:38","date_gmt":"2025-06-19T19:52:38","guid":{"rendered":"https:\/\/nextsnkr.com\/product\/9060-grey-u9060sg\/"},"modified":"2026-02-02T13:02:46","modified_gmt":"2026-02-02T10:02:46","slug":"9060-grey-u9060sg","status":"publish","type":"product","link":"https:\/\/nextsnkr.com\/lv\/product\/9060-grey-u9060sg\/","title":{"rendered":"9060 Grey U9060sg zam\u0161\u0101das \u010d\u012bbas \u0113rtai ikdienas valk\u0101\u0161anai"},"content":{"rendered":"<h2>9060 Grey U9060sg zam\u0161\u0101das \u010d\u012bbas \u0113rtai ikdienas valk\u0101\u0161anai<\/h2>\n<p>&nbsp;<\/p>\n<p>9060 Grey U9060sg \u010d\u012bbas ir izgatavotas no augstas kvalit\u0101tes zam\u0161\u0101das, kas nodro\u0161ina iztur\u012bbu un komfortu ilgsto\u0161as valk\u0101\u0161anas laik\u0101. Pel\u0113k\u0101 kr\u0101sa padara tos daudzpus\u012bgus jebkuram stilam, un m\u016bsdienu dizains izce\u013c j\u016bsu moderno izskatu. viegl\u0101 zole garant\u0113 \u0113rtu staig\u0101\u0161anu, un z\u012bmola materi\u0101lu kvalit\u0101te nodro\u0161ina uzticam\u012bbu un est\u0113tiku. Izv\u0113lieties 9060 Grey U9060SG stil\u012bgiem un praktiskiem ikdienas apaviem.<\/p>\n","protected":false},"excerpt":{"rendered":"<p>9060 Grey U9060sg \u010d\u012bbas ir izgatavotas no augstas kvalit\u0101tes zam\u0161\u0101das, kas nodro\u0161ina iztur\u012bbu un komfortu ilgsto\u0161as valk\u0101\u0161anas laik\u0101. Pel\u0113k\u0101 kr\u0101sa padara tos daudzpus\u012bgus jebkuram stilam, un m\u016bsdienu dizains izce\u013c j\u016bsu moderno izskatu. viegl\u0101 zole garant\u0113 \u0113rtu staig\u0101\u0161anu, un z\u012bmola materi\u0101lu kvalit\u0101te nodro\u0161ina uzticam\u012bbu un est\u0113tiku. Izv\u0113lieties 9060 Grey U9060SG stil\u012bgiem un praktiskiem ikdienas apaviem.<\/p>\n","protected":false},"featured_media":589923,"comment_status":"open","ping_status":"open","template":"","meta":[],"product_brand":[],"product_cat":[3251,3252],"product_tag":[],"class_list":{"0":"post-589922","1":"product","2":"type-product","3":"status-publish","4":"has-post-thumbnail","6":"product_cat-all-product","7":"product_cat-krosivky","8":"pa_rozmir-910","9":"pa_rozmir-912","10":"pa_rozmir-914","11":"pa_rozmir-915","12":"pa_rozmir-916","13":"pa_rozmir-917","14":"pa_rozmir-918","15":"pa_rozmir-919","16":"pa_rozmir-920","17":"pa_rozmir-921","18":"pa_rozmir-922","20":"first","21":"instock","22":"purchasable","23":"product-type-variable"},"_links":{"self":[{"href":"https:\/\/nextsnkr.com\/lv\/wp-json\/wp\/v2\/product\/589922","targetHints":{"allow":["GET"]}}],"collection":[{"href":"https:\/\/nextsnkr.com\/lv\/wp-json\/wp\/v2\/product"}],"about":[{"href":"https:\/\/nextsnkr.com\/lv\/wp-json\/wp\/v2\/types\/product"}],"replies":[{"embeddable":true,"href":"https:\/\/nextsnkr.com\/lv\/wp-json\/wp\/v2\/comments?post=589922"}],"version-history":[{"count":0,"href":"https:\/\/nextsnkr.com\/lv\/wp-json\/wp\/v2\/product\/589922\/revisions"}],"wp:featuredmedia":[{"embeddable":true,"href":"https:\/\/nextsnkr.com\/lv\/wp-json\/wp\/v2\/media\/589923"}],"wp:attachment":[{"href":"https:\/\/nextsnkr.com\/lv\/wp-json\/wp\/v2\/media?parent=589922"}],"wp:term":[{"taxonomy":"product_brand","embeddable":true,"href":"https:\/\/nextsnkr.com\/lv\/wp-json\/wp\/v2\/product_brand?post=589922"},{"taxonomy":"product_cat","embeddable":true,"href":"https:\/\/nextsnkr.com\/lv\/wp-json\/wp\/v2\/product_cat?post=589922"},{"taxonomy":"product_tag","embeddable":true,"href":"https:\/\/nextsnkr.com\/lv\/wp-json\/wp\/v2\/product_tag?post=589922"}],"curies":[{"name":"wp","href":"https:\/\/api.w.org\/{rel}","templated":true}]}}