{"id":589412,"date":"2025-06-19T22:55:47","date_gmt":"2025-06-19T19:55:47","guid":{"rendered":"https:\/\/nextsnkr.com\/product\/990v3-grey\/"},"modified":"2026-02-02T13:02:32","modified_gmt":"2026-02-02T10:02:32","slug":"990v3-grey","status":"publish","type":"product","link":"https:\/\/nextsnkr.com\/lv\/product\/990v3-grey\/","title":{"rendered":"Kedas 990v3 Grey-stil\u012bgs zam\u0161\u0101das tekstils komfortam katru dienu"},"content":{"rendered":"<h2>Kedas 990v3 Grey-stil\u012bgs zam\u0161\u0101das tekstils komfortam katru dienu<\/h2>\n<p>&nbsp;<\/p>\n<p>Kedas 990v3 Grey ir modernas kedas v\u012brie\u0161iem un sieviet\u0113m ar zam\u0161\u0101das un tekstila kombin\u0101ciju, kas nodro\u0161ina komfortu un elpojam\u012bbu. Izgatavoti Vjetnam\u0101 p\u0113c augstiem kvalit\u0101tes standartiem, tie ir piem\u0113roti ikdienas valk\u0101\u0161anai un akt\u012bvam dz\u012bvesveidam. Vieglas un \u0113rtas, \u0161\u012bs 990v3 kedas pie\u0161\u0137ir stil\u012bgu akcentu jebkuram izskatam un garant\u0113 iztur\u012bbu un komfortu visas dienas garum\u0101.<\/p>\n","protected":false},"excerpt":{"rendered":"<p>Kedas 990v3 Grey ir modernas kedas v\u012brie\u0161iem un sieviet\u0113m ar zam\u0161\u0101das un tekstila kombin\u0101ciju, kas nodro\u0161ina komfortu un elpojam\u012bbu. Izgatavoti Vjetnam\u0101 p\u0113c augstiem kvalit\u0101tes standartiem, tie ir piem\u0113roti ikdienas valk\u0101\u0161anai un akt\u012bvam dz\u012bvesveidam. Vieglas un \u0113rtas, \u0161\u012bs 990v3 kedas pie\u0161\u0137ir stil\u012bgu akcentu jebkuram izskatam un garant\u0113 iztur\u012bbu un komfortu visas dienas garum\u0101.<\/p>\n","protected":false},"featured_media":589413,"comment_status":"open","ping_status":"open","template":"","meta":[],"product_brand":[],"product_cat":[3251,3252],"product_tag":[],"class_list":{"0":"post-589412","1":"product","2":"type-product","3":"status-publish","4":"has-post-thumbnail","6":"product_cat-all-product","7":"product_cat-krosivky","8":"pa_rozmir-910","9":"pa_rozmir-912","10":"pa_rozmir-914","11":"pa_rozmir-915","12":"pa_rozmir-916","13":"pa_rozmir-917","14":"pa_rozmir-918","15":"pa_rozmir-919","16":"pa_rozmir-920","17":"pa_rozmir-921","18":"pa_rozmir-922","20":"first","21":"onbackorder","22":"purchasable","23":"product-type-variable"},"_links":{"self":[{"href":"https:\/\/nextsnkr.com\/lv\/wp-json\/wp\/v2\/product\/589412","targetHints":{"allow":["GET"]}}],"collection":[{"href":"https:\/\/nextsnkr.com\/lv\/wp-json\/wp\/v2\/product"}],"about":[{"href":"https:\/\/nextsnkr.com\/lv\/wp-json\/wp\/v2\/types\/product"}],"replies":[{"embeddable":true,"href":"https:\/\/nextsnkr.com\/lv\/wp-json\/wp\/v2\/comments?post=589412"}],"version-history":[{"count":0,"href":"https:\/\/nextsnkr.com\/lv\/wp-json\/wp\/v2\/product\/589412\/revisions"}],"wp:featuredmedia":[{"embeddable":true,"href":"https:\/\/nextsnkr.com\/lv\/wp-json\/wp\/v2\/media\/589413"}],"wp:attachment":[{"href":"https:\/\/nextsnkr.com\/lv\/wp-json\/wp\/v2\/media?parent=589412"}],"wp:term":[{"taxonomy":"product_brand","embeddable":true,"href":"https:\/\/nextsnkr.com\/lv\/wp-json\/wp\/v2\/product_brand?post=589412"},{"taxonomy":"product_cat","embeddable":true,"href":"https:\/\/nextsnkr.com\/lv\/wp-json\/wp\/v2\/product_cat?post=589412"},{"taxonomy":"product_tag","embeddable":true,"href":"https:\/\/nextsnkr.com\/lv\/wp-json\/wp\/v2\/product_tag?post=589412"}],"curies":[{"name":"wp","href":"https:\/\/api.w.org\/{rel}","templated":true}]}}