{"id":588385,"date":"2025-06-18T21:36:06","date_gmt":"2025-06-18T18:36:06","guid":{"rendered":"https:\/\/nextsnkr.com\/product\/nike-sb-dunk-grey-brown\/"},"modified":"2026-02-02T13:01:54","modified_gmt":"2026-02-02T10:01:54","slug":"nike-sb-dunk-grey-brown","status":"publish","type":"product","link":"https:\/\/nextsnkr.com\/lv\/product\/nike-sb-dunk-grey-brown\/","title":{"rendered":"Nike SB Dunk Grey \/ Brown \u010d\u012bbas-zam\u0161\u0101da un \u0101da stilam un komfortam"},"content":{"rendered":"<h2>Nike SB Dunk Grey \/ Brown \u010d\u012bbas-zam\u0161\u0101da un \u0101da stilam un komfortam<\/h2>\n<p>&nbsp;<\/p>\n<p>Nike SB Dunk Grey \/ Brown \u010d\u012bbas ir izgatavotas no dab\u012bgas zam\u0161\u0101das un \u0101das, kas nodro\u0161ina iztur\u012bbu un komfortu valk\u0101\u0161anas laik\u0101. Ra\u017eoti Vjetnam\u0101, tie ir ide\u0101li piem\u0113roti ikdienas lieto\u0161anai un \u0101ra aktivit\u0101t\u0113m. Stil\u012bga pel\u0113ko un br\u016bno kr\u0101su kombin\u0101cija pie\u0161\u0137ir eleganci un padara katru izskatu izteiksm\u012bgu. Vieglas, iztur\u012bgas un stil\u012bgas \u2014 \u0161\u012bs kedas akcent\u0113s j\u016bsu individu\u0101lo stilu.<\/p>\n","protected":false},"excerpt":{"rendered":"<p>Nike SB Dunk Grey \/ Brown \u010d\u012bbas ir izgatavotas no dab\u012bgas zam\u0161\u0101das un \u0101das, kas nodro\u0161ina iztur\u012bbu un komfortu valk\u0101\u0161anas laik\u0101. Ra\u017eoti Vjetnam\u0101, tie ir ide\u0101li piem\u0113roti ikdienas lieto\u0161anai un \u0101ra aktivit\u0101t\u0113m. Stil\u012bga pel\u0113ko un br\u016bno kr\u0101su kombin\u0101cija pie\u0161\u0137ir eleganci un padara katru izskatu izteiksm\u012bgu. Vieglas, iztur\u012bgas un stil\u012bgas \u2014 \u0161\u012bs kedas akcent\u0113s j\u016bsu individu\u0101lo stilu.<\/p>\n","protected":false},"featured_media":588386,"comment_status":"open","ping_status":"open","template":"","meta":[],"product_brand":[],"product_cat":[3251,3322],"product_tag":[],"class_list":{"0":"post-588385","1":"product","2":"type-product","3":"status-publish","4":"has-post-thumbnail","6":"product_cat-all-product","7":"product_cat-kedy","8":"pa_rozmir-910","9":"pa_rozmir-912","10":"pa_rozmir-914","11":"pa_rozmir-915","12":"pa_rozmir-916","13":"pa_rozmir-917","14":"pa_rozmir-918","15":"pa_rozmir-919","16":"pa_rozmir-920","17":"pa_rozmir-921","18":"pa_rozmir-922","20":"first","21":"instock","22":"purchasable","23":"product-type-variable"},"_links":{"self":[{"href":"https:\/\/nextsnkr.com\/lv\/wp-json\/wp\/v2\/product\/588385","targetHints":{"allow":["GET"]}}],"collection":[{"href":"https:\/\/nextsnkr.com\/lv\/wp-json\/wp\/v2\/product"}],"about":[{"href":"https:\/\/nextsnkr.com\/lv\/wp-json\/wp\/v2\/types\/product"}],"replies":[{"embeddable":true,"href":"https:\/\/nextsnkr.com\/lv\/wp-json\/wp\/v2\/comments?post=588385"}],"version-history":[{"count":0,"href":"https:\/\/nextsnkr.com\/lv\/wp-json\/wp\/v2\/product\/588385\/revisions"}],"wp:featuredmedia":[{"embeddable":true,"href":"https:\/\/nextsnkr.com\/lv\/wp-json\/wp\/v2\/media\/588386"}],"wp:attachment":[{"href":"https:\/\/nextsnkr.com\/lv\/wp-json\/wp\/v2\/media?parent=588385"}],"wp:term":[{"taxonomy":"product_brand","embeddable":true,"href":"https:\/\/nextsnkr.com\/lv\/wp-json\/wp\/v2\/product_brand?post=588385"},{"taxonomy":"product_cat","embeddable":true,"href":"https:\/\/nextsnkr.com\/lv\/wp-json\/wp\/v2\/product_cat?post=588385"},{"taxonomy":"product_tag","embeddable":true,"href":"https:\/\/nextsnkr.com\/lv\/wp-json\/wp\/v2\/product_tag?post=588385"}],"curies":[{"name":"wp","href":"https:\/\/api.w.org\/{rel}","templated":true}]}}