{"id":587705,"date":"2025-06-18T21:43:21","date_gmt":"2025-06-18T18:43:21","guid":{"rendered":"https:\/\/nextsnkr.com\/product\/prada-re-nylon-black\/"},"modified":"2026-02-02T13:01:37","modified_gmt":"2026-02-02T10:01:37","slug":"prada-re-nylon-black","status":"publish","type":"product","link":"https:\/\/nextsnkr.com\/lv\/product\/prada-re-nylon-black\/","title":{"rendered":"Prada Re-Nylon Black \u0101das z\u0101baki ir stil\u012bgi un iztur\u012bgi"},"content":{"rendered":"<h2>Prada Re-Nylon Black \u0101das z\u0101baki ir stil\u012bgi un iztur\u012bgi<\/h2>\n<p>&nbsp;<\/p>\n<p>Prada Re-Nylon Black z\u0101baki apvieno elegantu dizainu un kvalitat\u012bvus materi\u0101lus. \u012astas \u0101das aug\u0161da\u013ca nodro\u0161ina iztur\u012bbu un komfortu, un m\u016bsdienu meln\u0101 kr\u0101sa padara modeli daudzpus\u012bgu jebkuram dr\u0113bju skapim. Lieliska izv\u0113le ikdienas valk\u0101\u0161anai un \u012bpa\u0161iem gad\u012bjumiem. Prada garant\u0113 katra p\u0101ra augsto kvalit\u0101ti un uzticam\u012bbu, uzsverot j\u016bsu stilu un statusu.<\/p>\n","protected":false},"excerpt":{"rendered":"<p>Prada Re-Nylon Black z\u0101baki apvieno elegantu dizainu un kvalitat\u012bvus materi\u0101lus. \u012astas \u0101das aug\u0161da\u013ca nodro\u0161ina iztur\u012bbu un komfortu, un m\u016bsdienu meln\u0101 kr\u0101sa padara modeli daudzpus\u012bgu jebkuram dr\u0113bju skapim. Lieliska izv\u0113le ikdienas valk\u0101\u0161anai un \u012bpa\u0161iem gad\u012bjumiem. Prada garant\u0113 katra p\u0101ra augsto kvalit\u0101ti un uzticam\u012bbu, uzsverot j\u016bsu stilu un statusu.<\/p>\n","protected":false},"featured_media":587706,"comment_status":"open","ping_status":"open","template":"","meta":[],"product_brand":[],"product_cat":[3251,3335],"product_tag":[],"class_list":{"0":"post-587705","1":"product","2":"type-product","3":"status-publish","4":"has-post-thumbnail","6":"product_cat-all-product","7":"product_cat-cherevyky","8":"pa_rozmir-910","9":"pa_rozmir-912","10":"pa_rozmir-914","11":"pa_rozmir-915","12":"pa_rozmir-916","13":"pa_rozmir-917","14":"pa_rozmir-918","15":"pa_rozmir-919","16":"pa_rozmir-920","17":"pa_rozmir-921","18":"pa_rozmir-922","20":"first","21":"onbackorder","22":"purchasable","23":"product-type-variable"},"_links":{"self":[{"href":"https:\/\/nextsnkr.com\/lv\/wp-json\/wp\/v2\/product\/587705","targetHints":{"allow":["GET"]}}],"collection":[{"href":"https:\/\/nextsnkr.com\/lv\/wp-json\/wp\/v2\/product"}],"about":[{"href":"https:\/\/nextsnkr.com\/lv\/wp-json\/wp\/v2\/types\/product"}],"replies":[{"embeddable":true,"href":"https:\/\/nextsnkr.com\/lv\/wp-json\/wp\/v2\/comments?post=587705"}],"version-history":[{"count":0,"href":"https:\/\/nextsnkr.com\/lv\/wp-json\/wp\/v2\/product\/587705\/revisions"}],"wp:featuredmedia":[{"embeddable":true,"href":"https:\/\/nextsnkr.com\/lv\/wp-json\/wp\/v2\/media\/587706"}],"wp:attachment":[{"href":"https:\/\/nextsnkr.com\/lv\/wp-json\/wp\/v2\/media?parent=587705"}],"wp:term":[{"taxonomy":"product_brand","embeddable":true,"href":"https:\/\/nextsnkr.com\/lv\/wp-json\/wp\/v2\/product_brand?post=587705"},{"taxonomy":"product_cat","embeddable":true,"href":"https:\/\/nextsnkr.com\/lv\/wp-json\/wp\/v2\/product_cat?post=587705"},{"taxonomy":"product_tag","embeddable":true,"href":"https:\/\/nextsnkr.com\/lv\/wp-json\/wp\/v2\/product_tag?post=587705"}],"curies":[{"name":"wp","href":"https:\/\/api.w.org\/{rel}","templated":true}]}}