{"id":587535,"date":"2025-06-18T21:44:22","date_gmt":"2025-06-18T18:44:22","guid":{"rendered":"https:\/\/nextsnkr.com\/product\/prada-boots-black\/"},"modified":"2026-02-02T13:01:32","modified_gmt":"2026-02-02T10:01:32","slug":"prada-boots-black","status":"publish","type":"product","link":"https:\/\/nextsnkr.com\/lv\/product\/prada-boots-black\/","title":{"rendered":"Z\u0101baki Prada Z\u0101baki melns \u0101das Premium"},"content":{"rendered":"<h2>Z\u0101baki Prada Z\u0101baki melns \u0101das Premium<\/h2>\n<p>&nbsp;<\/p>\n<p>Prada Boots Black stil\u012bgie z\u0101baki apvieno eleganci un komfortu ikdienas valk\u0101\u0161anai. Modelis ir izgatavots no augst\u0101k\u0101s kvalit\u0101tes \u0101das, kas nodro\u0161ina iztur\u012bbu un pat\u012bkamu saj\u016btu pastaigas laik\u0101. Klasisk\u0101 meln\u0101 kr\u0101sa atbilst jebkuram izskatam, un Prada z\u012bmols garant\u0113 augstu kvalit\u0101ti un presti\u017eu. Ide\u0101li piem\u0113roti pastaig\u0101m pa pils\u0113tu, darbam vai \u012bpa\u0161iem notikumiem, \u0161ie z\u0101baki b\u016bs neaizst\u0101jams j\u016bsu dr\u0113bju skapja elements.<\/p>\n","protected":false},"excerpt":{"rendered":"<p>Prada Boots Black stil\u012bgie z\u0101baki apvieno eleganci un komfortu ikdienas valk\u0101\u0161anai. Modelis ir izgatavots no augst\u0101k\u0101s kvalit\u0101tes \u0101das, kas nodro\u0161ina iztur\u012bbu un pat\u012bkamu saj\u016btu pastaigas laik\u0101. Klasisk\u0101 meln\u0101 kr\u0101sa atbilst jebkuram izskatam, un Prada z\u012bmols garant\u0113 augstu kvalit\u0101ti un presti\u017eu. Ide\u0101li piem\u0113roti pastaig\u0101m pa pils\u0113tu, darbam vai \u012bpa\u0161iem notikumiem, \u0161ie z\u0101baki b\u016bs neaizst\u0101jams j\u016bsu dr\u0113bju skapja elements.<\/p>\n","protected":false},"featured_media":587536,"comment_status":"open","ping_status":"open","template":"","meta":[],"product_brand":[],"product_cat":[3251,3335],"product_tag":[],"class_list":{"0":"post-587535","1":"product","2":"type-product","3":"status-publish","4":"has-post-thumbnail","6":"product_cat-all-product","7":"product_cat-cherevyky","8":"pa_rozmir-910","9":"pa_rozmir-912","10":"pa_rozmir-914","11":"pa_rozmir-915","12":"pa_rozmir-916","13":"pa_rozmir-917","14":"pa_rozmir-918","15":"pa_rozmir-919","16":"pa_rozmir-920","17":"pa_rozmir-921","18":"pa_rozmir-922","20":"first","21":"onbackorder","22":"purchasable","23":"product-type-variable"},"_links":{"self":[{"href":"https:\/\/nextsnkr.com\/lv\/wp-json\/wp\/v2\/product\/587535","targetHints":{"allow":["GET"]}}],"collection":[{"href":"https:\/\/nextsnkr.com\/lv\/wp-json\/wp\/v2\/product"}],"about":[{"href":"https:\/\/nextsnkr.com\/lv\/wp-json\/wp\/v2\/types\/product"}],"replies":[{"embeddable":true,"href":"https:\/\/nextsnkr.com\/lv\/wp-json\/wp\/v2\/comments?post=587535"}],"version-history":[{"count":0,"href":"https:\/\/nextsnkr.com\/lv\/wp-json\/wp\/v2\/product\/587535\/revisions"}],"wp:featuredmedia":[{"embeddable":true,"href":"https:\/\/nextsnkr.com\/lv\/wp-json\/wp\/v2\/media\/587536"}],"wp:attachment":[{"href":"https:\/\/nextsnkr.com\/lv\/wp-json\/wp\/v2\/media?parent=587535"}],"wp:term":[{"taxonomy":"product_brand","embeddable":true,"href":"https:\/\/nextsnkr.com\/lv\/wp-json\/wp\/v2\/product_brand?post=587535"},{"taxonomy":"product_cat","embeddable":true,"href":"https:\/\/nextsnkr.com\/lv\/wp-json\/wp\/v2\/product_cat?post=587535"},{"taxonomy":"product_tag","embeddable":true,"href":"https:\/\/nextsnkr.com\/lv\/wp-json\/wp\/v2\/product_tag?post=587535"}],"curies":[{"name":"wp","href":"https:\/\/api.w.org\/{rel}","templated":true}]}}