{"id":587196,"date":"2025-06-18T22:23:53","date_gmt":"2025-06-18T19:23:53","guid":{"rendered":"https:\/\/nextsnkr.com\/product\/air-jordan-retro-4-neon-pink-premium\/"},"modified":"2026-02-02T13:01:09","modified_gmt":"2026-02-02T10:01:09","slug":"air-jordan-retro-4-neon-pink-premium","status":"publish","type":"product","link":"https:\/\/nextsnkr.com\/lv\/product\/air-jordan-retro-4-neon-pink-premium\/","title":{"rendered":"AIR JORDAN retro 4&#8243; NEON PINK &#8221; Premium nubuk \u010d\u012bbas"},"content":{"rendered":"<h2>AIR JORDAN retro 4&#8243; NEON PINK &#8221; Premium nubuk \u010d\u012bbas<\/h2>\n<p>&nbsp;<\/p>\n<p>AIR JORDAN retro 4&#8243; NEON PINK &#8221; Premium \u010d\u012bbas ir izgatavotas no augstas kvalit\u0101tes nubuka, kas nodro\u0161ina iztur\u012bbu un komfortu ikdienas lieto\u0161an\u0101. Spilgts neona nokr\u0101sa izce\u013c individu\u0101lo stilu un piesaista uzman\u012bbu. Ide\u0101li piem\u0113rots ikdienas valk\u0101\u0161anai un akt\u012bvam dz\u012bvesveidam, apvieno le\u0123end\u0101ro Jord\u0101nijas z\u012bmolu ar modernu dizainu, garant\u0113 kvalit\u0101ti, iztur\u012bbu un p\u0101rliec\u012bbu par katru soli.<\/p>\n","protected":false},"excerpt":{"rendered":"<p>AIR JORDAN retro 4&#8243; NEON PINK &#8221; Premium \u010d\u012bbas ir izgatavotas no augstas kvalit\u0101tes nubuka, kas nodro\u0161ina iztur\u012bbu un komfortu ikdienas lieto\u0161an\u0101. Spilgts neona nokr\u0101sa izce\u013c individu\u0101lo stilu un piesaista uzman\u012bbu. Ide\u0101li piem\u0113rots ikdienas valk\u0101\u0161anai un akt\u012bvam dz\u012bvesveidam, apvieno le\u0123end\u0101ro Jord\u0101nijas z\u012bmolu ar modernu dizainu, garant\u0113 kvalit\u0101ti, iztur\u012bbu un p\u0101rliec\u012bbu par katru soli.<\/p>\n","protected":false},"featured_media":587197,"comment_status":"open","ping_status":"open","template":"","meta":[],"product_brand":[],"product_cat":[3387,3251,3252],"product_tag":[],"class_list":{"0":"post-587196","1":"product","2":"type-product","3":"status-publish","4":"has-post-thumbnail","6":"product_cat-nike-jordan","7":"product_cat-all-product","8":"product_cat-krosivky","9":"pa_rozmir-910","10":"pa_rozmir-912","11":"pa_rozmir-914","12":"pa_rozmir-915","13":"pa_rozmir-916","14":"pa_rozmir-917","15":"pa_rozmir-918","16":"pa_rozmir-919","17":"pa_rozmir-920","18":"pa_rozmir-921","19":"pa_rozmir-922","21":"first","22":"instock","23":"purchasable","24":"product-type-variable"},"_links":{"self":[{"href":"https:\/\/nextsnkr.com\/lv\/wp-json\/wp\/v2\/product\/587196","targetHints":{"allow":["GET"]}}],"collection":[{"href":"https:\/\/nextsnkr.com\/lv\/wp-json\/wp\/v2\/product"}],"about":[{"href":"https:\/\/nextsnkr.com\/lv\/wp-json\/wp\/v2\/types\/product"}],"replies":[{"embeddable":true,"href":"https:\/\/nextsnkr.com\/lv\/wp-json\/wp\/v2\/comments?post=587196"}],"version-history":[{"count":0,"href":"https:\/\/nextsnkr.com\/lv\/wp-json\/wp\/v2\/product\/587196\/revisions"}],"wp:featuredmedia":[{"embeddable":true,"href":"https:\/\/nextsnkr.com\/lv\/wp-json\/wp\/v2\/media\/587197"}],"wp:attachment":[{"href":"https:\/\/nextsnkr.com\/lv\/wp-json\/wp\/v2\/media?parent=587196"}],"wp:term":[{"taxonomy":"product_brand","embeddable":true,"href":"https:\/\/nextsnkr.com\/lv\/wp-json\/wp\/v2\/product_brand?post=587196"},{"taxonomy":"product_cat","embeddable":true,"href":"https:\/\/nextsnkr.com\/lv\/wp-json\/wp\/v2\/product_cat?post=587196"},{"taxonomy":"product_tag","embeddable":true,"href":"https:\/\/nextsnkr.com\/lv\/wp-json\/wp\/v2\/product_tag?post=587196"}],"curies":[{"name":"wp","href":"https:\/\/api.w.org\/{rel}","templated":true}]}}