{"id":586517,"date":"2025-06-18T22:27:42","date_gmt":"2025-06-18T19:27:42","guid":{"rendered":"https:\/\/nextsnkr.com\/product\/air-jordan-retro-4-white-pink-oreo-premium\/"},"modified":"2026-02-02T13:00:51","modified_gmt":"2026-02-02T10:00:51","slug":"air-jordan-retro-4-white-pink-oreo-premium","status":"publish","type":"product","link":"https:\/\/nextsnkr.com\/lv\/product\/air-jordan-retro-4-white-pink-oreo-premium\/","title":{"rendered":"Kedas Air Jordan retro 4 White \/ Pink Oreo Premium"},"content":{"rendered":"<h2>Kedas Air Jordan retro 4 White \/ Pink Oreo Premium<\/h2>\n<p>&nbsp;<\/p>\n<p>Air jordan retro 4 White\/Pink Oreo stil\u012bg\u0101s kedas ir izgatavotas no augstas kvalit\u0101tes \u0101das, kas nodro\u0161ina komfortu un iztur\u012bbu. Modelis apvieno elegantu dizainu un sportisku funkcionalit\u0101ti, ide\u0101li piem\u0113rots ikdienas valk\u0101\u0161anai un \u0101ra aktivit\u0101t\u0113m. Augst\u0101k\u0101s kvalit\u0101tes materi\u0101li un z\u012bmola est\u0113tika padara \u0161\u012bs Air Jordan kedas par lielisku izv\u0113li tiem, kas nov\u0113rt\u0113 stilu, komfortu un uzticam\u012bbu.<\/p>\n","protected":false},"excerpt":{"rendered":"<p>Air jordan retro 4 White\/Pink Oreo stil\u012bg\u0101s kedas ir izgatavotas no augstas kvalit\u0101tes \u0101das, kas nodro\u0161ina komfortu un iztur\u012bbu. Modelis apvieno elegantu dizainu un sportisku funkcionalit\u0101ti, ide\u0101li piem\u0113rots ikdienas valk\u0101\u0161anai un \u0101ra aktivit\u0101t\u0113m. Augst\u0101k\u0101s kvalit\u0101tes materi\u0101li un z\u012bmola est\u0113tika padara \u0161\u012bs Air Jordan kedas par lielisku izv\u0113li tiem, kas nov\u0113rt\u0113 stilu, komfortu un uzticam\u012bbu.<\/p>\n","protected":false},"featured_media":586518,"comment_status":"open","ping_status":"open","template":"","meta":[],"product_brand":[],"product_cat":[3387,3251,3252],"product_tag":[],"class_list":{"0":"post-586517","1":"product","2":"type-product","3":"status-publish","4":"has-post-thumbnail","6":"product_cat-nike-jordan","7":"product_cat-all-product","8":"product_cat-krosivky","9":"pa_rozmir-910","10":"pa_rozmir-912","11":"pa_rozmir-914","12":"pa_rozmir-915","13":"pa_rozmir-916","14":"pa_rozmir-917","15":"pa_rozmir-918","16":"pa_rozmir-919","17":"pa_rozmir-920","18":"pa_rozmir-921","19":"pa_rozmir-922","21":"first","22":"instock","23":"purchasable","24":"product-type-variable"},"_links":{"self":[{"href":"https:\/\/nextsnkr.com\/lv\/wp-json\/wp\/v2\/product\/586517","targetHints":{"allow":["GET"]}}],"collection":[{"href":"https:\/\/nextsnkr.com\/lv\/wp-json\/wp\/v2\/product"}],"about":[{"href":"https:\/\/nextsnkr.com\/lv\/wp-json\/wp\/v2\/types\/product"}],"replies":[{"embeddable":true,"href":"https:\/\/nextsnkr.com\/lv\/wp-json\/wp\/v2\/comments?post=586517"}],"version-history":[{"count":0,"href":"https:\/\/nextsnkr.com\/lv\/wp-json\/wp\/v2\/product\/586517\/revisions"}],"wp:featuredmedia":[{"embeddable":true,"href":"https:\/\/nextsnkr.com\/lv\/wp-json\/wp\/v2\/media\/586518"}],"wp:attachment":[{"href":"https:\/\/nextsnkr.com\/lv\/wp-json\/wp\/v2\/media?parent=586517"}],"wp:term":[{"taxonomy":"product_brand","embeddable":true,"href":"https:\/\/nextsnkr.com\/lv\/wp-json\/wp\/v2\/product_brand?post=586517"},{"taxonomy":"product_cat","embeddable":true,"href":"https:\/\/nextsnkr.com\/lv\/wp-json\/wp\/v2\/product_cat?post=586517"},{"taxonomy":"product_tag","embeddable":true,"href":"https:\/\/nextsnkr.com\/lv\/wp-json\/wp\/v2\/product_tag?post=586517"}],"curies":[{"name":"wp","href":"https:\/\/api.w.org\/{rel}","templated":true}]}}