{"id":586348,"date":"2025-06-18T22:28:46","date_gmt":"2025-06-18T19:28:46","guid":{"rendered":"https:\/\/nextsnkr.com\/product\/air-jordan-retro-4-craft-premium\/"},"modified":"2026-02-02T13:00:46","modified_gmt":"2026-02-02T10:00:46","slug":"air-jordan-retro-4-craft-premium","status":"publish","type":"product","link":"https:\/\/nextsnkr.com\/lv\/product\/air-jordan-retro-4-craft-premium\/","title":{"rendered":"AIR JORDAN retro 4 &#8220;CRAFT&#8221; \u010d\u012bbas \u0101da un zam\u0161\u0101da Premium"},"content":{"rendered":"<h2>AIR JORDAN retro 4 &#8220;CRAFT&#8221; \u010d\u012bbas \u0101da un zam\u0161\u0101da Premium<\/h2>\n<p>&nbsp;<\/p>\n<p>AIR jordan retro 4&#8243; CRAFT &#8221; stil\u012bg\u0101s kedas ir izgatavotas no augstas kvalit\u0101tes \u0101das un zam\u0161\u0101das, nodro\u0161inot komfortu un iztur\u012bbu. Ide\u0101li piem\u0113roti ikdienas valk\u0101\u0161anai un akt\u012bvam dz\u012bvesveidam, tie apvieno augst\u0101k\u0101s kvalit\u0101tes stilu un uzticamu p\u0113du atbalstu. AIR Jordan z\u012bmols garant\u0113 izcilu kvalit\u0101ti un modernu dizainu. \u0160\u012bs AIR jordan retro 4 kedas b\u016bs lieliska izv\u0113le modernam un sportiskam izskatam.<\/p>\n","protected":false},"excerpt":{"rendered":"<p>AIR jordan retro 4&#8243; CRAFT &#8221; stil\u012bg\u0101s kedas ir izgatavotas no augstas kvalit\u0101tes \u0101das un zam\u0161\u0101das, nodro\u0161inot komfortu un iztur\u012bbu. Ide\u0101li piem\u0113roti ikdienas valk\u0101\u0161anai un akt\u012bvam dz\u012bvesveidam, tie apvieno augst\u0101k\u0101s kvalit\u0101tes stilu un uzticamu p\u0113du atbalstu. AIR Jordan z\u012bmols garant\u0113 izcilu kvalit\u0101ti un modernu dizainu. \u0160\u012bs AIR jordan retro 4 kedas b\u016bs lieliska izv\u0113le modernam un sportiskam izskatam.<\/p>\n","protected":false},"featured_media":586349,"comment_status":"open","ping_status":"open","template":"","meta":[],"product_brand":[],"product_cat":[3387,3251,3252],"product_tag":[],"class_list":{"0":"post-586348","1":"product","2":"type-product","3":"status-publish","4":"has-post-thumbnail","6":"product_cat-nike-jordan","7":"product_cat-all-product","8":"product_cat-krosivky","9":"pa_rozmir-910","10":"pa_rozmir-912","11":"pa_rozmir-914","12":"pa_rozmir-915","13":"pa_rozmir-916","14":"pa_rozmir-917","15":"pa_rozmir-918","16":"pa_rozmir-919","17":"pa_rozmir-920","18":"pa_rozmir-921","19":"pa_rozmir-922","21":"first","22":"onbackorder","23":"purchasable","24":"product-type-variable"},"_links":{"self":[{"href":"https:\/\/nextsnkr.com\/lv\/wp-json\/wp\/v2\/product\/586348","targetHints":{"allow":["GET"]}}],"collection":[{"href":"https:\/\/nextsnkr.com\/lv\/wp-json\/wp\/v2\/product"}],"about":[{"href":"https:\/\/nextsnkr.com\/lv\/wp-json\/wp\/v2\/types\/product"}],"replies":[{"embeddable":true,"href":"https:\/\/nextsnkr.com\/lv\/wp-json\/wp\/v2\/comments?post=586348"}],"version-history":[{"count":0,"href":"https:\/\/nextsnkr.com\/lv\/wp-json\/wp\/v2\/product\/586348\/revisions"}],"wp:featuredmedia":[{"embeddable":true,"href":"https:\/\/nextsnkr.com\/lv\/wp-json\/wp\/v2\/media\/586349"}],"wp:attachment":[{"href":"https:\/\/nextsnkr.com\/lv\/wp-json\/wp\/v2\/media?parent=586348"}],"wp:term":[{"taxonomy":"product_brand","embeddable":true,"href":"https:\/\/nextsnkr.com\/lv\/wp-json\/wp\/v2\/product_brand?post=586348"},{"taxonomy":"product_cat","embeddable":true,"href":"https:\/\/nextsnkr.com\/lv\/wp-json\/wp\/v2\/product_cat?post=586348"},{"taxonomy":"product_tag","embeddable":true,"href":"https:\/\/nextsnkr.com\/lv\/wp-json\/wp\/v2\/product_tag?post=586348"}],"curies":[{"name":"wp","href":"https:\/\/api.w.org\/{rel}","templated":true}]}}