{"id":585840,"date":"2025-06-19T21:19:41","date_gmt":"2025-06-19T18:19:41","guid":{"rendered":"https:\/\/nextsnkr.com\/product\/air-jordan-retro-4-metallic-green\/"},"modified":"2026-02-02T13:00:32","modified_gmt":"2026-02-02T10:00:32","slug":"air-jordan-retro-4-metallic-green","status":"publish","type":"product","link":"https:\/\/nextsnkr.com\/lv\/product\/air-jordan-retro-4-metallic-green\/","title":{"rendered":"AIR JORDAN retro 4&#8243; METALLIC GREEN &#8221; \u0101das sporta un stila apavi"},"content":{"rendered":"<h2>AIR JORDAN retro 4&#8243; METALLIC GREEN &#8221; \u0101das sporta un stila apavi<\/h2>\n<p>&nbsp;<\/p>\n<p>Sporta apavi AIR JORDAN RETRO 4&#8243; METALLIC GREEN &#8221; ir izgatavotas no augstas kvalit\u0101tes \u0101das, kas nodro\u0161ina iztur\u012bbu un komfortu n\u0113s\u0101\u0161anas laik\u0101. Jord\u0101nijas z\u012bmola le\u0123end\u0101rais dizains apvieno sportisko stilu un ikdienas eleganci. Ide\u0101li piem\u0113rots \u0101ra aktivit\u0101t\u0113m, treni\u0146iem vai pastaig\u0101m pa pils\u0113tu, tie izce\u013c person\u012bbu un labu gaumi. Katru dienu izv\u0113lieties Air JORDAN retro 4 uzticamiem un stil\u012bgiem apaviem.<\/p>\n","protected":false},"excerpt":{"rendered":"<p>Sporta apavi AIR JORDAN RETRO 4&#8243; METALLIC GREEN &#8221; ir izgatavotas no augstas kvalit\u0101tes \u0101das, kas nodro\u0161ina iztur\u012bbu un komfortu n\u0113s\u0101\u0161anas laik\u0101. Jord\u0101nijas z\u012bmola le\u0123end\u0101rais dizains apvieno sportisko stilu un ikdienas eleganci. Ide\u0101li piem\u0113rots \u0101ra aktivit\u0101t\u0113m, treni\u0146iem vai pastaig\u0101m pa pils\u0113tu, tie izce\u013c person\u012bbu un labu gaumi. Katru dienu izv\u0113lieties Air JORDAN retro 4 uzticamiem un stil\u012bgiem apaviem.<\/p>\n","protected":false},"featured_media":585841,"comment_status":"open","ping_status":"open","template":"","meta":[],"product_brand":[],"product_cat":[3387,3251,3252],"product_tag":[],"class_list":{"0":"post-585840","1":"product","2":"type-product","3":"status-publish","4":"has-post-thumbnail","6":"product_cat-nike-jordan","7":"product_cat-all-product","8":"product_cat-krosivky","9":"pa_rozmir-910","10":"pa_rozmir-912","11":"pa_rozmir-914","12":"pa_rozmir-915","13":"pa_rozmir-916","14":"pa_rozmir-917","15":"pa_rozmir-918","16":"pa_rozmir-919","17":"pa_rozmir-920","18":"pa_rozmir-921","19":"pa_rozmir-922","21":"first","22":"onbackorder","23":"purchasable","24":"product-type-variable"},"_links":{"self":[{"href":"https:\/\/nextsnkr.com\/lv\/wp-json\/wp\/v2\/product\/585840","targetHints":{"allow":["GET"]}}],"collection":[{"href":"https:\/\/nextsnkr.com\/lv\/wp-json\/wp\/v2\/product"}],"about":[{"href":"https:\/\/nextsnkr.com\/lv\/wp-json\/wp\/v2\/types\/product"}],"replies":[{"embeddable":true,"href":"https:\/\/nextsnkr.com\/lv\/wp-json\/wp\/v2\/comments?post=585840"}],"version-history":[{"count":0,"href":"https:\/\/nextsnkr.com\/lv\/wp-json\/wp\/v2\/product\/585840\/revisions"}],"wp:featuredmedia":[{"embeddable":true,"href":"https:\/\/nextsnkr.com\/lv\/wp-json\/wp\/v2\/media\/585841"}],"wp:attachment":[{"href":"https:\/\/nextsnkr.com\/lv\/wp-json\/wp\/v2\/media?parent=585840"}],"wp:term":[{"taxonomy":"product_brand","embeddable":true,"href":"https:\/\/nextsnkr.com\/lv\/wp-json\/wp\/v2\/product_brand?post=585840"},{"taxonomy":"product_cat","embeddable":true,"href":"https:\/\/nextsnkr.com\/lv\/wp-json\/wp\/v2\/product_cat?post=585840"},{"taxonomy":"product_tag","embeddable":true,"href":"https:\/\/nextsnkr.com\/lv\/wp-json\/wp\/v2\/product_tag?post=585840"}],"curies":[{"name":"wp","href":"https:\/\/api.w.org\/{rel}","templated":true}]}}