{"id":585333,"date":"2025-06-19T21:32:30","date_gmt":"2025-06-19T18:32:30","guid":{"rendered":"https:\/\/nextsnkr.com\/product\/cortez-brown\/"},"modified":"2026-02-02T13:00:07","modified_gmt":"2026-02-02T10:00:07","slug":"cortez-brown","status":"publish","type":"product","link":"https:\/\/nextsnkr.com\/lv\/product\/cortez-brown\/","title":{"rendered":"Nike Cortez Brown tekstilizstr\u0101d\u0101jumu un \u0101das \u010d\u012bbas"},"content":{"rendered":"<h2>Nike Cortez Brown tekstilizstr\u0101d\u0101jumu un \u0101das \u010d\u012bbas<\/h2>\n<p>&nbsp;<\/p>\n<p>Nike Cortez Brown stil\u012bg\u0101s \u010d\u012bbas ir izgatavotas no iztur\u012bgiem tekstilizstr\u0101d\u0101jumiem un \u012astas \u0101das, kas garant\u0113 komfortu un iztur\u012bbu. Ide\u0101li piem\u0113rots ikdienas valk\u0101\u0161anai un \u0101ra aktivit\u0101t\u0113m, tie apvieno klasisko dizainu un modern\u0101s ra\u017eo\u0161anas tehnolo\u0123ijas. Nike z\u012bmols nodro\u0161ina augstu kvalit\u0101ti un uzticam\u012bbu, un daudzpus\u012bg\u0101 br\u016bn\u0101 kr\u0101sa viegli sapl\u016bst ar jebkuru izskatu, izce\u013cot stilu un person\u012bbu.<\/p>\n","protected":false},"excerpt":{"rendered":"<p>Nike Cortez Brown stil\u012bg\u0101s \u010d\u012bbas ir izgatavotas no iztur\u012bgiem tekstilizstr\u0101d\u0101jumiem un \u012astas \u0101das, kas garant\u0113 komfortu un iztur\u012bbu. Ide\u0101li piem\u0113rots ikdienas valk\u0101\u0161anai un \u0101ra aktivit\u0101t\u0113m, tie apvieno klasisko dizainu un modern\u0101s ra\u017eo\u0161anas tehnolo\u0123ijas. Nike z\u012bmols nodro\u0161ina augstu kvalit\u0101ti un uzticam\u012bbu, un daudzpus\u012bg\u0101 br\u016bn\u0101 kr\u0101sa viegli sapl\u016bst ar jebkuru izskatu, izce\u013cot stilu un person\u012bbu.<\/p>\n","protected":false},"featured_media":585334,"comment_status":"open","ping_status":"open","template":"","meta":[],"product_brand":[],"product_cat":[3251,3322],"product_tag":[],"class_list":{"0":"post-585333","1":"product","2":"type-product","3":"status-publish","4":"has-post-thumbnail","6":"product_cat-all-product","7":"product_cat-kedy","8":"pa_rozmir-910","9":"pa_rozmir-912","10":"pa_rozmir-914","11":"pa_rozmir-915","12":"pa_rozmir-916","13":"pa_rozmir-917","14":"pa_rozmir-918","15":"pa_rozmir-919","16":"pa_rozmir-920","17":"pa_rozmir-921","18":"pa_rozmir-922","20":"first","21":"instock","22":"purchasable","23":"product-type-variable"},"_links":{"self":[{"href":"https:\/\/nextsnkr.com\/lv\/wp-json\/wp\/v2\/product\/585333","targetHints":{"allow":["GET"]}}],"collection":[{"href":"https:\/\/nextsnkr.com\/lv\/wp-json\/wp\/v2\/product"}],"about":[{"href":"https:\/\/nextsnkr.com\/lv\/wp-json\/wp\/v2\/types\/product"}],"replies":[{"embeddable":true,"href":"https:\/\/nextsnkr.com\/lv\/wp-json\/wp\/v2\/comments?post=585333"}],"version-history":[{"count":0,"href":"https:\/\/nextsnkr.com\/lv\/wp-json\/wp\/v2\/product\/585333\/revisions"}],"wp:featuredmedia":[{"embeddable":true,"href":"https:\/\/nextsnkr.com\/lv\/wp-json\/wp\/v2\/media\/585334"}],"wp:attachment":[{"href":"https:\/\/nextsnkr.com\/lv\/wp-json\/wp\/v2\/media?parent=585333"}],"wp:term":[{"taxonomy":"product_brand","embeddable":true,"href":"https:\/\/nextsnkr.com\/lv\/wp-json\/wp\/v2\/product_brand?post=585333"},{"taxonomy":"product_cat","embeddable":true,"href":"https:\/\/nextsnkr.com\/lv\/wp-json\/wp\/v2\/product_cat?post=585333"},{"taxonomy":"product_tag","embeddable":true,"href":"https:\/\/nextsnkr.com\/lv\/wp-json\/wp\/v2\/product_tag?post=585333"}],"curies":[{"name":"wp","href":"https:\/\/api.w.org\/{rel}","templated":true}]}}