{"id":585163,"date":"2025-06-19T21:33:38","date_gmt":"2025-06-19T18:33:38","guid":{"rendered":"https:\/\/nextsnkr.com\/product\/dunk-brown-pink\/"},"modified":"2026-02-02T13:00:02","modified_gmt":"2026-02-02T10:00:02","slug":"dunk-brown-pink","status":"publish","type":"product","link":"https:\/\/nextsnkr.com\/lv\/product\/dunk-brown-pink\/","title":{"rendered":"Dunk Brown \/ Pink \u0101das \u010d\u012bbas-stil\u012bgas un \u0113rtas ikdienas valk\u0101\u0161anai"},"content":{"rendered":"<h2>Dunk Brown \/ Pink \u0101das \u010d\u012bbas-stil\u012bgas un \u0113rtas ikdienas valk\u0101\u0161anai<\/h2>\n<p>&nbsp;<\/p>\n<p>Dunk Brown \/ Pink \u010d\u012bbas ir izgatavotas no augstas kvalit\u0101tes \u0101das, kas nodro\u0161ina iztur\u012bbu un komfortu visas dienas garum\u0101. Spilgta br\u016bnu un roz\u0101 kr\u0101su kombin\u0101cija pie\u0161\u0137ir unik\u0101lu stilu un izce\u013c person\u012bbu. Modelis ir ide\u0101li piem\u0113rots ikdienas lieto\u0161anai un \u0101ra aktivit\u0101t\u0113m. Izv\u0113lieties Dunk Brown \/ Pink \u0113rt\u012bbai, modernam izskatam un ilgsto\u0161ai valk\u0101\u0161anai katru dienu.<\/p>\n","protected":false},"excerpt":{"rendered":"<p>Dunk Brown \/ Pink \u010d\u012bbas ir izgatavotas no augstas kvalit\u0101tes \u0101das, kas nodro\u0161ina iztur\u012bbu un komfortu visas dienas garum\u0101. Spilgta br\u016bnu un roz\u0101 kr\u0101su kombin\u0101cija pie\u0161\u0137ir unik\u0101lu stilu un izce\u013c person\u012bbu. Modelis ir ide\u0101li piem\u0113rots ikdienas lieto\u0161anai un \u0101ra aktivit\u0101t\u0113m. Izv\u0113lieties Dunk Brown \/ Pink \u0113rt\u012bbai, modernam izskatam un ilgsto\u0161ai valk\u0101\u0161anai katru dienu.<\/p>\n","protected":false},"featured_media":585164,"comment_status":"open","ping_status":"open","template":"","meta":[],"product_brand":[],"product_cat":[3251,3322],"product_tag":[],"class_list":{"0":"post-585163","1":"product","2":"type-product","3":"status-publish","4":"has-post-thumbnail","6":"product_cat-all-product","7":"product_cat-kedy","8":"pa_rozmir-910","9":"pa_rozmir-912","10":"pa_rozmir-914","11":"pa_rozmir-915","12":"pa_rozmir-916","13":"pa_rozmir-917","14":"pa_rozmir-918","15":"pa_rozmir-919","16":"pa_rozmir-920","17":"pa_rozmir-921","18":"pa_rozmir-922","20":"first","21":"instock","22":"purchasable","23":"product-type-variable"},"_links":{"self":[{"href":"https:\/\/nextsnkr.com\/lv\/wp-json\/wp\/v2\/product\/585163","targetHints":{"allow":["GET"]}}],"collection":[{"href":"https:\/\/nextsnkr.com\/lv\/wp-json\/wp\/v2\/product"}],"about":[{"href":"https:\/\/nextsnkr.com\/lv\/wp-json\/wp\/v2\/types\/product"}],"replies":[{"embeddable":true,"href":"https:\/\/nextsnkr.com\/lv\/wp-json\/wp\/v2\/comments?post=585163"}],"version-history":[{"count":0,"href":"https:\/\/nextsnkr.com\/lv\/wp-json\/wp\/v2\/product\/585163\/revisions"}],"wp:featuredmedia":[{"embeddable":true,"href":"https:\/\/nextsnkr.com\/lv\/wp-json\/wp\/v2\/media\/585164"}],"wp:attachment":[{"href":"https:\/\/nextsnkr.com\/lv\/wp-json\/wp\/v2\/media?parent=585163"}],"wp:term":[{"taxonomy":"product_brand","embeddable":true,"href":"https:\/\/nextsnkr.com\/lv\/wp-json\/wp\/v2\/product_brand?post=585163"},{"taxonomy":"product_cat","embeddable":true,"href":"https:\/\/nextsnkr.com\/lv\/wp-json\/wp\/v2\/product_cat?post=585163"},{"taxonomy":"product_tag","embeddable":true,"href":"https:\/\/nextsnkr.com\/lv\/wp-json\/wp\/v2\/product_tag?post=585163"}],"curies":[{"name":"wp","href":"https:\/\/api.w.org\/{rel}","templated":true}]}}