{"id":584655,"date":"2025-06-19T21:37:01","date_gmt":"2025-06-19T18:37:01","guid":{"rendered":"https:\/\/nextsnkr.com\/product\/dunk-red-sepia\/"},"modified":"2026-02-02T12:59:48","modified_gmt":"2026-02-02T09:59:48","slug":"dunk-red-sepia","status":"publish","type":"product","link":"https:\/\/nextsnkr.com\/lv\/product\/dunk-red-sepia\/","title":{"rendered":"Dunk Red Sepia \u0101das un zam\u0161\u0101das Premium \u010d\u012bbas"},"content":{"rendered":"<h2>Dunk Red Sepia \u0101das un zam\u0161\u0101das Premium \u010d\u012bbas<\/h2>\n<p>&nbsp;<\/p>\n<p>Stil\u012bg\u0101s Dunk Red Sepia \u010d\u012bbas ir izgatavotas no augstas kvalit\u0101tes \u0101das un zam\u0161\u0101das, kas nodro\u0161ina komfortu un iztur\u012bbu. Ide\u0101li piem\u0113roti ikdienas valk\u0101\u0161anai un \u0101ra aktivit\u0101t\u0113m, tie apvieno modernu dizainu un uzticamu p\u0113das atbalstu. Dunk z\u012bmols garant\u0113 izcilu kvalit\u0101ti un modernu izskatu. \u0160\u012bs Dunk Red Sepia \u010d\u012bbas b\u016bs ide\u0101la izv\u0113le tiem, kas nov\u0113rt\u0113 stilu un komfortu ikdienas izskat\u0101.<\/p>\n","protected":false},"excerpt":{"rendered":"<p>Stil\u012bg\u0101s Dunk Red Sepia \u010d\u012bbas ir izgatavotas no augstas kvalit\u0101tes \u0101das un zam\u0161\u0101das, kas nodro\u0161ina komfortu un iztur\u012bbu. Ide\u0101li piem\u0113roti ikdienas valk\u0101\u0161anai un \u0101ra aktivit\u0101t\u0113m, tie apvieno modernu dizainu un uzticamu p\u0113das atbalstu. Dunk z\u012bmols garant\u0113 izcilu kvalit\u0101ti un modernu izskatu. \u0160\u012bs Dunk Red Sepia \u010d\u012bbas b\u016bs ide\u0101la izv\u0113le tiem, kas nov\u0113rt\u0113 stilu un komfortu ikdienas izskat\u0101.<\/p>\n","protected":false},"featured_media":584656,"comment_status":"open","ping_status":"open","template":"","meta":[],"product_brand":[],"product_cat":[3251,3322],"product_tag":[],"class_list":{"0":"post-584655","1":"product","2":"type-product","3":"status-publish","4":"has-post-thumbnail","6":"product_cat-all-product","7":"product_cat-kedy","8":"pa_rozmir-910","9":"pa_rozmir-912","10":"pa_rozmir-914","11":"pa_rozmir-915","12":"pa_rozmir-916","13":"pa_rozmir-917","14":"pa_rozmir-918","15":"pa_rozmir-919","16":"pa_rozmir-920","17":"pa_rozmir-921","18":"pa_rozmir-922","20":"first","21":"instock","22":"purchasable","23":"product-type-variable"},"_links":{"self":[{"href":"https:\/\/nextsnkr.com\/lv\/wp-json\/wp\/v2\/product\/584655","targetHints":{"allow":["GET"]}}],"collection":[{"href":"https:\/\/nextsnkr.com\/lv\/wp-json\/wp\/v2\/product"}],"about":[{"href":"https:\/\/nextsnkr.com\/lv\/wp-json\/wp\/v2\/types\/product"}],"replies":[{"embeddable":true,"href":"https:\/\/nextsnkr.com\/lv\/wp-json\/wp\/v2\/comments?post=584655"}],"version-history":[{"count":0,"href":"https:\/\/nextsnkr.com\/lv\/wp-json\/wp\/v2\/product\/584655\/revisions"}],"wp:featuredmedia":[{"embeddable":true,"href":"https:\/\/nextsnkr.com\/lv\/wp-json\/wp\/v2\/media\/584656"}],"wp:attachment":[{"href":"https:\/\/nextsnkr.com\/lv\/wp-json\/wp\/v2\/media?parent=584655"}],"wp:term":[{"taxonomy":"product_brand","embeddable":true,"href":"https:\/\/nextsnkr.com\/lv\/wp-json\/wp\/v2\/product_brand?post=584655"},{"taxonomy":"product_cat","embeddable":true,"href":"https:\/\/nextsnkr.com\/lv\/wp-json\/wp\/v2\/product_cat?post=584655"},{"taxonomy":"product_tag","embeddable":true,"href":"https:\/\/nextsnkr.com\/lv\/wp-json\/wp\/v2\/product_tag?post=584655"}],"curies":[{"name":"wp","href":"https:\/\/api.w.org\/{rel}","templated":true}]}}