{"id":584316,"date":"2025-06-19T21:39:14","date_gmt":"2025-06-19T18:39:14","guid":{"rendered":"https:\/\/nextsnkr.com\/product\/v2k-runtekk-green\/"},"modified":"2026-02-02T12:59:38","modified_gmt":"2026-02-02T09:59:38","slug":"v2k-runtekk-green","status":"publish","type":"product","link":"https:\/\/nextsnkr.com\/lv\/product\/v2k-runtekk-green\/","title":{"rendered":"Skrie\u0161anas apavi V2k Runtekk Green \u0101das un tekstila"},"content":{"rendered":"<h2>Skrie\u0161anas apavi V2k Runtekk Green \u0101das un tekstila<\/h2>\n<p>&nbsp;<\/p>\n<p>V2K Runtekk Green \u010d\u012bbas apvieno \u0101du un tekstilizstr\u0101d\u0101jumus, nodro\u0161inot komfortu un iztur\u012bbu. Ide\u0101li piem\u0113rots ikdienas valk\u0101\u0161anai un \u0101ra aktivit\u0101t\u0113m, \u0160ie stil\u012bgie V2K \u010d\u012bbas garant\u0113 uzticam\u012bbu un modernu dizainu. Izv\u0113le tiem, kas nov\u0113rt\u0113 kvalit\u0101ti un komfortu katr\u0101 sol\u012b.<\/p>\n","protected":false},"excerpt":{"rendered":"<p>V2K Runtekk Green \u010d\u012bbas apvieno \u0101du un tekstilizstr\u0101d\u0101jumus, nodro\u0161inot komfortu un iztur\u012bbu. Ide\u0101li piem\u0113rots ikdienas valk\u0101\u0161anai un \u0101ra aktivit\u0101t\u0113m, \u0160ie stil\u012bgie V2K \u010d\u012bbas garant\u0113 uzticam\u012bbu un modernu dizainu. Izv\u0113le tiem, kas nov\u0113rt\u0113 kvalit\u0101ti un komfortu katr\u0101 sol\u012b.<\/p>\n","protected":false},"featured_media":584317,"comment_status":"open","ping_status":"open","template":"","meta":[],"product_brand":[],"product_cat":[3251,3252],"product_tag":[],"class_list":{"0":"post-584316","1":"product","2":"type-product","3":"status-publish","4":"has-post-thumbnail","6":"product_cat-all-product","7":"product_cat-krosivky","8":"pa_rozmir-910","9":"pa_rozmir-912","10":"pa_rozmir-914","11":"pa_rozmir-915","12":"pa_rozmir-916","13":"pa_rozmir-917","14":"pa_rozmir-918","15":"pa_rozmir-919","16":"pa_rozmir-920","17":"pa_rozmir-921","18":"pa_rozmir-922","20":"first","21":"instock","22":"purchasable","23":"product-type-variable"},"_links":{"self":[{"href":"https:\/\/nextsnkr.com\/lv\/wp-json\/wp\/v2\/product\/584316","targetHints":{"allow":["GET"]}}],"collection":[{"href":"https:\/\/nextsnkr.com\/lv\/wp-json\/wp\/v2\/product"}],"about":[{"href":"https:\/\/nextsnkr.com\/lv\/wp-json\/wp\/v2\/types\/product"}],"replies":[{"embeddable":true,"href":"https:\/\/nextsnkr.com\/lv\/wp-json\/wp\/v2\/comments?post=584316"}],"version-history":[{"count":0,"href":"https:\/\/nextsnkr.com\/lv\/wp-json\/wp\/v2\/product\/584316\/revisions"}],"wp:featuredmedia":[{"embeddable":true,"href":"https:\/\/nextsnkr.com\/lv\/wp-json\/wp\/v2\/media\/584317"}],"wp:attachment":[{"href":"https:\/\/nextsnkr.com\/lv\/wp-json\/wp\/v2\/media?parent=584316"}],"wp:term":[{"taxonomy":"product_brand","embeddable":true,"href":"https:\/\/nextsnkr.com\/lv\/wp-json\/wp\/v2\/product_brand?post=584316"},{"taxonomy":"product_cat","embeddable":true,"href":"https:\/\/nextsnkr.com\/lv\/wp-json\/wp\/v2\/product_cat?post=584316"},{"taxonomy":"product_tag","embeddable":true,"href":"https:\/\/nextsnkr.com\/lv\/wp-json\/wp\/v2\/product_tag?post=584316"}],"curies":[{"name":"wp","href":"https:\/\/api.w.org\/{rel}","templated":true}]}}